{"id":15541,"date":"2023-12-05T17:12:59","date_gmt":"2023-12-05T09:12:59","guid":{"rendered":"https:\/\/sellersunionagent.com\/?post_type=product&#038;p=15541"},"modified":"2023-12-07T18:21:45","modified_gmt":"2023-12-07T10:21:45","slug":"suporte-para-secagem-de-louca-em-aco-inoxidavel-organizador-de-armazenamento-de-cozinha-prateleiras-armario-pia-suporte-para-secagem-de-utensilios","status":"publish","type":"product","link":"https:\/\/www.sellersunionagent.com\/pt\/stainless-steel-dish-drying-rack-kitchen-storage-organizer-shelves-cabinet-sink-utensil-rack-drying-holder\/","title":{"rendered":"Suporte para secagem de pratos de a\u00e7o inoxid\u00e1vel Suporte para secagem de utens\u00edlios de pia em prateleiras organizadoras de armazenamento de cozinha"},"content":{"rendered":"<div class=\"module_title\">\n<div class=\"product-title-container\" data-aplus-ae=\"x1_575504cc\" data-spm-anchor-id=\"a2700.details.0.i0.55ba5739uphMnu\" data-aplus-clk=\"x26_de86043\">\n<h1 title=\"Suporte para secagem de pratos de a\u00e7o inoxid\u00e1vel Suporte para secagem de utens\u00edlios de pia em prateleiras organizadoras de armazenamento de cozinha\" data-spm-anchor-id=\"a2700.details.0.i87.60d9f456ZGu7vF\">Suporte para secagem de pratos de a\u00e7o inoxid\u00e1vel Suporte para secagem de utens\u00edlios de pia em prateleiras organizadoras de armazenamento de cozinha<\/h1>\n<\/div>\n<\/div>\n<div class=\"module_comment\">\n<div class=\"product-comment\" data-aplus-ae=\"x2_684ba8d4\" data-spm-anchor-id=\"a2700.details.0.i1.55ba5739uphMnu\" data-aplus-clk=\"x27_120ec00c\">\n<div class=\"detail-comment\">\n<div class=\"detail-star detail-separator\">\n<div class=\"detail-next-rating detail-next-rating-small detail-next-rating-grade-high\" role=\"group\" aria-label=\"\u8bc4\u5206\u9009\u9879\">\n<div class=\"detail-next-rating-base detail-next-rating-base-disabled\">\n<div class=\"detail-next-rating-underlay\" aria-hidden=\"true\">\n<p><strong>Tipo<\/strong>: Suportes e prateleiras de armazenamento<\/p>\n<p><strong>N\u00famero do item:<\/strong> A019, A020<\/p>\n<p><strong>Tamanho do item<\/strong>: 65cm*53cm*33cm,85cm*53cm*33cm<\/p>\n<p><strong>Cores<\/strong>: Preto<\/p>\n<p><strong>Material:<\/strong>Metal<\/p>\n<div class=\"left\"><strong>Use:<\/strong> Prato e tigela<\/div>\n<p>&nbsp;<\/p>\n<p>&nbsp;<\/p>\n<ul>\n<li>Materiais e tamanhos personalizados est\u00e3o dispon\u00edveis<\/li>\n<li>O design de camada dupla economiza espa\u00e7o<\/li>\n<li>Grande capacidade e forte capacidade de suporte de carga<\/li>\n<\/ul>\n<p><img fetchpriority=\"high\" decoding=\"async\" class=\"wp-image-15557 aligncenter\" title=\"Organizador de armazenamento\" src=\"https:\/\/www.sellersunionagent.com\/wp-content\/uploads\/2023\/12\/H8da8f69273944bdb99fd4d7e5b0509336.jpg_720x720q50.png\" alt=\"H8da8f69273944bdb99fd4d7e5b0509336.jpg 720x720q50\" width=\"600\" height=\"600\" \/><\/p>\n<p><img decoding=\"async\" class=\"wp-image-15558 aligncenter\" title=\"Organizador de armazenamento\" src=\"https:\/\/www.sellersunionagent.com\/wp-content\/uploads\/2023\/12\/H07e93c086ef547309ee05e80ac7ca7e1J.png_720x720q50.png\" alt=\"H07e93c086ef547309ee05e80ac7ca7e1J.png 720x720q50\" width=\"600\" height=\"497\" \/><img decoding=\"async\" class=\"wp-image-15559 aligncenter\" title=\"Organizador de armazenamento\" src=\"https:\/\/www.sellersunionagent.com\/wp-content\/uploads\/2023\/12\/Hc2429068abff46ab9fef797aa3978770o.jpg_720x720q50.png\" alt=\"Hc2429068abff46ab9fef797aa3978770o.jpg 720x720q50\" width=\"600\" height=\"600\" \/><\/p>\n<p><img loading=\"lazy\" decoding=\"async\" class=\"wp-image-15560 aligncenter\" title=\"1701327956086\" src=\"https:\/\/www.sellersunionagent.com\/wp-content\/uploads\/2023\/12\/H132a694c88b547c380217e13b1ed682aN.jpg_720x720q50.png\" alt=\"H132a694c88b547c380217e13b1ed682aN.jpg 720x720q50\" width=\"600\" height=\"600\" \/><\/p>\n<p><img loading=\"lazy\" decoding=\"async\" class=\"wp-image-15561 aligncenter\" title=\"Organizador de armazenamento\" src=\"https:\/\/www.sellersunionagent.com\/wp-content\/uploads\/2023\/12\/Hb1cc42dc406647d3a7afbe647377b3f5P.jpg_720x720q50.png\" alt=\"Hb1cc42dc406647d3a7afbe647377b3f5P.jpg 720x720q50\" width=\"600\" height=\"600\" \/><\/p>\n<p><img loading=\"lazy\" decoding=\"async\" class=\"wp-image-15562 aligncenter\" title=\"Organizador de armazenamento\" src=\"https:\/\/www.sellersunionagent.com\/wp-content\/uploads\/2023\/12\/H298b7847dcde4e258af58777a46d9735k.jpg_720x720q50.png\" alt=\"H298b7847dcde4e258af58777a46d9735k.jpg 720x720q50\" width=\"600\" height=\"600\" \/><img loading=\"lazy\" decoding=\"async\" class=\"wp-image-15563 aligncenter\" title=\"Organizador de armazenamento\" src=\"https:\/\/www.sellersunionagent.com\/wp-content\/uploads\/2023\/12\/H1d440757d447465c8b7d35f6decbaef5e.jpg_720x720q50.png\" alt=\"H1d440757d447465c8b7d35f6decbaef5e.jpg 720x720q50\" width=\"600\" height=\"600\" \/><\/p>\n<p>&nbsp;<\/p>\n<\/div>\n<\/div>\n<\/div>\n<\/div>\n<\/div>\n<\/div>\n<\/div>","protected":false},"excerpt":{"rendered":"<p><strong>MOQ<\/strong>:  100 pe\u00e7as<br \/>\n<strong>Amostra gr\u00e1tis<\/strong>:  Com suporte<br \/>\n<strong>Personaliza\u00e7\u00e3o<\/strong>: logotipo \/ cor \/ materiais \/ embalagem etc.<br \/>\n<strong>Desconto<\/strong>:  Primeiros pedidos a partir de 10% de desconto.<br \/>\n<strong>Taxa de entrega no prazo<\/strong>:\u00a0 100%<br \/>\n<strong>Total de remessas<\/strong>:  100000 pe\u00e7as<br \/>\n<strong>Remessa<\/strong>: Suporte expresso - frete mar\u00edtimo - frete terrestre<\/p>\n<p>&nbsp;<\/p>\n<p>&nbsp;<\/p>\n<p>Suporte multifuncional para pratos de cozinha, pode ser personalizado em a\u00e7o inoxid\u00e1vel ou a\u00e7o carbono!<\/p>","protected":false},"featured_media":15557,"comment_status":"open","ping_status":"closed","template":"","meta":{"_acf_changed":false},"product_brand":[],"product_cat":[237],"product_tag":[87,70,93],"class_list":{"0":"post-15541","1":"product","2":"type-product","3":"status-publish","4":"has-post-thumbnail","6":"product_cat-new-arrivals","7":"product_tag-bulk-wholesale","8":"product_tag-home-storage","9":"product_tag-storage","11":"first","12":"instock","13":"shipping-taxable","14":"product-type-simple","15":"swiper-slide"},"acf":[],"_links":{"self":[{"href":"https:\/\/www.sellersunionagent.com\/pt\/wp-json\/wp\/v2\/product\/15541","targetHints":{"allow":["GET"]}}],"collection":[{"href":"https:\/\/www.sellersunionagent.com\/pt\/wp-json\/wp\/v2\/product"}],"about":[{"href":"https:\/\/www.sellersunionagent.com\/pt\/wp-json\/wp\/v2\/types\/product"}],"replies":[{"embeddable":true,"href":"https:\/\/www.sellersunionagent.com\/pt\/wp-json\/wp\/v2\/comments?post=15541"}],"wp:featuredmedia":[{"embeddable":true,"href":"https:\/\/www.sellersunionagent.com\/pt\/wp-json\/wp\/v2\/media\/15557"}],"wp:attachment":[{"href":"https:\/\/www.sellersunionagent.com\/pt\/wp-json\/wp\/v2\/media?parent=15541"}],"wp:term":[{"taxonomy":"product_brand","embeddable":true,"href":"https:\/\/www.sellersunionagent.com\/pt\/wp-json\/wp\/v2\/product_brand?post=15541"},{"taxonomy":"product_cat","embeddable":true,"href":"https:\/\/www.sellersunionagent.com\/pt\/wp-json\/wp\/v2\/product_cat?post=15541"},{"taxonomy":"product_tag","embeddable":true,"href":"https:\/\/www.sellersunionagent.com\/pt\/wp-json\/wp\/v2\/product_tag?post=15541"}],"curies":[{"name":"wp","href":"https:\/\/api.w.org\/{rel}","templated":true}]}}