{"id":15539,"date":"2023-12-05T17:12:53","date_gmt":"2023-12-05T09:12:53","guid":{"rendered":"https:\/\/sellersunionagent.com\/?post_type=product&#038;p=15539"},"modified":"2023-12-05T18:24:36","modified_gmt":"2023-12-05T10:24:36","slug":"cesto-dobravel-de-bambu-para-lavanderia-cesto-de-armazenamento-de-roupas-com-tampa-e-alca","status":"publish","type":"product","link":"https:\/\/www.sellersunionagent.com\/pt\/bamboo-foldable-hamper-laundry-basket-clothes-storage-hamper-with-lid-and-handle\/","title":{"rendered":"Cesto dobr\u00e1vel de bambu para lavanderia Cesto de armazenamento de roupas com tampa e al\u00e7a"},"content":{"rendered":"<div class=\"module_title\">\n<div class=\"product-title-container\" data-aplus-ae=\"x1_575504cc\" data-spm-anchor-id=\"a2700.details.0.i0.55ba5739uphMnu\" data-aplus-clk=\"x26_de86043\">\n<h1 title=\"Beauty Case Skincare Storage Organizer Clear Cosmetic Makeup Organizer Belleza Makeup Display Box\" data-spm-anchor-id=\"a2700.details.0.i84.55ba5739uphMnu\">Cesto dobr\u00e1vel de bambu para lavanderia Cesto de armazenamento de roupas com tampa e al\u00e7a<\/h1>\n<\/div>\n<\/div>\n<div class=\"module_comment\">\n<div class=\"product-comment\" data-aplus-ae=\"x2_684ba8d4\" data-spm-anchor-id=\"a2700.details.0.i1.55ba5739uphMnu\" data-aplus-clk=\"x27_120ec00c\">\n<div class=\"detail-comment\">\n<div class=\"detail-star detail-separator\">\n<div class=\"detail-next-rating detail-next-rating-small detail-next-rating-grade-high\" role=\"group\" aria-label=\"\u8bc4\u5206\u9009\u9879\">\n<div class=\"detail-next-rating-base detail-next-rating-base-disabled\">\n<div class=\"detail-next-rating-underlay\" aria-hidden=\"true\">\n<p><strong>Tipo<\/strong>: Cesto de roupa suja<\/p>\n<p><strong>N\u00famero do item:<\/strong> HMD508453SBL<\/p>\n<p><strong>Tamanho do item<\/strong>: 40 x 33 x 48 cm<\/p>\n<p><strong>Cores<\/strong>: Custimizado<\/p>\n<p><strong>Material:<\/strong>Bambu + tecido cati\u00f4nico<\/p>\n<div class=\"attribute-item\">\n<div class=\"left\" data-spm-anchor-id=\"a2700.details.0.i102.b6253ab8zPAukF\"><strong>Estilo:<\/strong> Dobr\u00e1vel<\/div>\n<\/div>\n<div class=\"attribute-item\">\n<div class=\"left\" data-spm-anchor-id=\"a2700.details.0.i107.b6253ab8zPAukF\"><\/div>\n<\/div>\n<p>&nbsp;<\/p>\n<ul>\n<li>Inclui bolso de malha separado para f\u00e1cil acesso<\/li>\n<li>\u00c0 prova d'\u00e1gua e de \u00f3leo<\/li>\n<li>Pode ser dobrado ou desmontado para facilitar a limpeza<\/li>\n<li>Grande capacidade e forte capacidade de suporte de carga<\/li>\n<li>Podemos fabricar cores e tamanhos personalizados para voc\u00ea<\/li>\n<\/ul>\n<p><img fetchpriority=\"high\" decoding=\"async\" class=\"wp-image-15538 aligncenter\" title=\"Organizador de armazenamento\" src=\"https:\/\/www.sellersunionagent.com\/wp-content\/uploads\/2023\/11\/Hc26ab4032e9e41af97c2d61a6c44ebc8q.png_720x720q50.png\" alt=\"Hc26ab4032e9e41af97c2d61a6c44ebc8q.png 720x720q50\" width=\"600\" height=\"600\" \/><\/p>\n<p><img decoding=\"async\" class=\"wp-image-15542 aligncenter\" title=\"Organizador de armazenamento\" src=\"https:\/\/www.sellersunionagent.com\/wp-content\/uploads\/2023\/12\/H1234c88eb6bd4f199e329da09f0ae5bdN.png_720x720q50.png\" alt=\"H1234c88eb6bd4f199e329da09f0ae5bdN.png 720x720q50\" width=\"600\" height=\"600\" \/><\/p>\n<p><img decoding=\"async\" class=\"wp-image-15543 aligncenter\" title=\"Organizador de armazenamento\" src=\"https:\/\/www.sellersunionagent.com\/wp-content\/uploads\/2023\/12\/Hbf74f854888c4532a31e8789ff135230v.png_720x720q50.png\" alt=\"Hbf74f854888c4532a31e8789ff135230v.png 720x720q50\" width=\"600\" height=\"600\" \/><\/p>\n<p><img loading=\"lazy\" decoding=\"async\" class=\"wp-image-15544 aligncenter\" title=\"1701327956086\" src=\"https:\/\/www.sellersunionagent.com\/wp-content\/uploads\/2023\/12\/H813329a6f593437a920a66fbcc8fb0b3u.jpg_720x720q50.png\" alt=\"H813329a6f593437a920a66fbcc8fb0b3u.jpg 720x720q50\" width=\"600\" height=\"600\" \/><\/p>\n<p><img loading=\"lazy\" decoding=\"async\" class=\"wp-image-15545 aligncenter\" title=\"Organizador de armazenamento\" src=\"https:\/\/www.sellersunionagent.com\/wp-content\/uploads\/2023\/12\/Hba2ea9175ae9497ba2fc7038881505b4x.jpg_720x720q50.png\" alt=\"Hba2ea9175ae9497ba2fc7038881505b4x.jpg 720x720q50\" width=\"600\" height=\"600\" \/><\/p>\n<p><img loading=\"lazy\" decoding=\"async\" class=\"wp-image-15546 aligncenter\" title=\"Organizador de armazenamento\" src=\"https:\/\/www.sellersunionagent.com\/wp-content\/uploads\/2023\/12\/Hb4a3e01c5e3b49f282a57939f18dda92H.png_720x720q50.png\" alt=\"Hb4a3e01c5e3b49f282a57939f18dda92H.png 720x720q50\" width=\"600\" height=\"600\" \/><\/p>\n<p><img loading=\"lazy\" decoding=\"async\" class=\"wp-image-15547 aligncenter\" title=\"Organizador de armazenamento\" src=\"https:\/\/www.sellersunionagent.com\/wp-content\/uploads\/2023\/12\/Ha4c716858be145299069f440b510a647a.jpg_720x720q50.png\" alt=\"Ha4c716858be145299069f440b510a647a.jpg 720x720q50\" width=\"600\" height=\"600\" \/><\/p>\n<p>&nbsp;<\/p>\n<\/div>\n<\/div>\n<\/div>\n<\/div>\n<\/div>\n<\/div>\n<\/div>","protected":false},"excerpt":{"rendered":"<p><strong>MOQ<\/strong>:  100 pe\u00e7as<br \/>\n<strong>Amostra gr\u00e1tis<\/strong>:  Com suporte<br \/>\n<strong>Personaliza\u00e7\u00e3o<\/strong>: logotipo \/ cor \/ materiais \/ embalagem etc.<br \/>\n<strong>Desconto<\/strong>:  Primeiros pedidos a partir de 10% de desconto.<br \/>\n<strong>Taxa de entrega no prazo<\/strong>:\u00a0 100%<br \/>\n<strong>Total de remessas<\/strong>:  100000 pe\u00e7as<br \/>\n<strong>Remessa<\/strong>: Suporte expresso - frete mar\u00edtimo - frete terrestre<\/p>\n<p>&nbsp;<\/p>\n<p>&nbsp;<\/p>\n<p>Os cestos de roupa suja de bambu s\u00e3o ecologicamente corretos e higi\u00eanicos!<\/p>","protected":false},"featured_media":15548,"comment_status":"open","ping_status":"closed","template":"","meta":{"_acf_changed":false},"product_brand":[],"product_cat":[237],"product_tag":[87,70,93],"class_list":{"0":"post-15539","1":"product","2":"type-product","3":"status-publish","4":"has-post-thumbnail","6":"product_cat-new-arrivals","7":"product_tag-bulk-wholesale","8":"product_tag-home-storage","9":"product_tag-storage","11":"first","12":"instock","13":"shipping-taxable","14":"product-type-simple","15":"swiper-slide"},"acf":[],"_links":{"self":[{"href":"https:\/\/www.sellersunionagent.com\/pt\/wp-json\/wp\/v2\/product\/15539","targetHints":{"allow":["GET"]}}],"collection":[{"href":"https:\/\/www.sellersunionagent.com\/pt\/wp-json\/wp\/v2\/product"}],"about":[{"href":"https:\/\/www.sellersunionagent.com\/pt\/wp-json\/wp\/v2\/types\/product"}],"replies":[{"embeddable":true,"href":"https:\/\/www.sellersunionagent.com\/pt\/wp-json\/wp\/v2\/comments?post=15539"}],"wp:featuredmedia":[{"embeddable":true,"href":"https:\/\/www.sellersunionagent.com\/pt\/wp-json\/wp\/v2\/media\/15548"}],"wp:attachment":[{"href":"https:\/\/www.sellersunionagent.com\/pt\/wp-json\/wp\/v2\/media?parent=15539"}],"wp:term":[{"taxonomy":"product_brand","embeddable":true,"href":"https:\/\/www.sellersunionagent.com\/pt\/wp-json\/wp\/v2\/product_brand?post=15539"},{"taxonomy":"product_cat","embeddable":true,"href":"https:\/\/www.sellersunionagent.com\/pt\/wp-json\/wp\/v2\/product_cat?post=15539"},{"taxonomy":"product_tag","embeddable":true,"href":"https:\/\/www.sellersunionagent.com\/pt\/wp-json\/wp\/v2\/product_tag?post=15539"}],"curies":[{"name":"wp","href":"https:\/\/api.w.org\/{rel}","templated":true}]}}