{"id":15519,"date":"2023-11-30T15:28:24","date_gmt":"2023-11-30T07:28:24","guid":{"rendered":"https:\/\/sellersunionagent.com\/?post_type=product&#038;p=15519"},"modified":"2023-11-30T15:37:30","modified_gmt":"2023-11-30T07:37:30","slug":"organizador-de-especiarias-de-plastico-transparente-giratorio-lazy-susan-para-cozinha-organizador-de-armazenamento-em-armario-para-especiarias","status":"publish","type":"product","link":"https:\/\/www.sellersunionagent.com\/pt\/clear-plastic-rotating-lazy-susan-kitchen-turntable-spice-organizer-rack-cabinet-storage-organizer-for-spice\/","title":{"rendered":"Rack de pl\u00e1stico transparente girat\u00f3rio Lazy Susan para cozinha Organizador de especiarias Organizador de arm\u00e1rio para especiarias"},"content":{"rendered":"<div class=\"module_title\">\n<div class=\"product-title-container\" data-aplus-ae=\"x1_575504cc\" data-spm-anchor-id=\"a2700.details.0.i0.55ba5739uphMnu\" data-aplus-clk=\"x26_de86043\">\n<h1 title=\"Beauty Case Skincare Storage Organizer Clear Cosmetic Makeup Organizer Belleza Makeup Display Box\" data-spm-anchor-id=\"a2700.details.0.i84.55ba5739uphMnu\">Rack de pl\u00e1stico transparente girat\u00f3rio Lazy Susan para cozinha Organizador de especiarias Organizador de arm\u00e1rio para especiarias<\/h1>\n<\/div>\n<\/div>\n<div class=\"module_comment\">\n<div class=\"product-comment\" data-aplus-ae=\"x2_684ba8d4\" data-spm-anchor-id=\"a2700.details.0.i1.55ba5739uphMnu\" data-aplus-clk=\"x27_120ec00c\">\n<div class=\"detail-comment\">\n<div class=\"detail-star detail-separator\">\n<div class=\"detail-next-rating detail-next-rating-small detail-next-rating-grade-high\" role=\"group\" aria-label=\"\u8bc4\u5206\u9009\u9879\">\n<div class=\"detail-next-rating-base detail-next-rating-base-disabled\">\n<div class=\"detail-next-rating-underlay\" aria-hidden=\"true\">\n<p><strong>Tipo<\/strong>: Caixa de armazenamento<\/p>\n<p><strong>N\u00famero do item:<\/strong> YM6413<\/p>\n<p><strong>Tamanho do item<\/strong>: Dia 23,5\/27cm<\/p>\n<p><strong>Cores<\/strong>: Transparente<\/p>\n<p><strong>Material: <\/strong>PET<\/p>\n<p>&nbsp;<\/p>\n<p>&nbsp;<\/p>\n<ul>\n<li>Voc\u00ea pode escolher entre 6 especifica\u00e7\u00f5es<\/li>\n<li>Esquema de cores simples e confort\u00e1vel, bonito e pr\u00e1tico<\/li>\n<li>Rota\u00e7\u00e3o de 360\u00b0, recupera\u00e7\u00e3o suave, economia de tempo e de trabalho<\/li>\n<li>Grande capacidade e forte capacidade de suporte de carga<\/li>\n<li>Pode ser colocado na geladeira, f\u00e1cil de limpar<\/li>\n<\/ul>\n<p><img fetchpriority=\"high\" decoding=\"async\" class=\"aligncenter wp-image-15532\" title=\"Organizador de armazenamento\" src=\"https:\/\/www.sellersunionagent.com\/wp-content\/uploads\/2023\/11\/1701327913745-1.png\" alt=\"Organizador de armazenamento\" width=\"600\" height=\"600\" \/><\/p>\n<p><img decoding=\"async\" class=\"aligncenter wp-image-15525\" title=\"Organizador de armazenamento\" src=\"https:\/\/www.sellersunionagent.com\/wp-content\/uploads\/2023\/11\/1701327901659.png\" alt=\"Organizador de armazenamento\" width=\"600\" height=\"600\" \/><\/p>\n<p><img decoding=\"async\" class=\"aligncenter wp-image-15522\" title=\"Organizador de armazenamento\" src=\"https:\/\/www.sellersunionagent.com\/wp-content\/uploads\/2023\/11\/\u4f01\u4e1a\u5fae\u4fe1\u622a\u56fe_17013278798920.png\" alt=\"Organizador de armazenamento\" width=\"600\" height=\"600\" \/><\/p>\n<p><img loading=\"lazy\" decoding=\"async\" class=\"wp-image-15530 aligncenter\" title=\"1701327956086\" src=\"https:\/\/www.sellersunionagent.com\/wp-content\/uploads\/2023\/11\/1701327956086.png\" alt=\"Organizador de armazenamento\" width=\"600\" height=\"600\" \/><\/p>\n<p><img loading=\"lazy\" decoding=\"async\" class=\"wp-image-15534 aligncenter\" title=\"Organizador de armazenamento\" src=\"https:\/\/www.sellersunionagent.com\/wp-content\/uploads\/2023\/11\/\u4f01\u4e1a\u5fae\u4fe1\u622a\u56fe_1701329385850.png\" alt=\"Organizador de armazenamento\" width=\"600\" height=\"600\" \/><\/p>\n<p><img loading=\"lazy\" decoding=\"async\" class=\"wp-image-15529 aligncenter\" title=\"Organizador de armazenamento\" src=\"https:\/\/www.sellersunionagent.com\/wp-content\/uploads\/2023\/11\/1701327936732.png\" alt=\"Organizador de armazenamento\" width=\"600\" height=\"600\" \/><\/p>\n<p><img loading=\"lazy\" decoding=\"async\" class=\"aligncenter wp-image-15527\" title=\"Organizador de armazenamento\" src=\"https:\/\/www.sellersunionagent.com\/wp-content\/uploads\/2023\/11\/1701327920571.png\" alt=\"Organizador de armazenamento\" width=\"600\" height=\"600\" \/><\/p>\n<p><img loading=\"lazy\" decoding=\"async\" class=\"aligncenter wp-image-15524\" title=\"Organizador de armazenamento\" src=\"https:\/\/www.sellersunionagent.com\/wp-content\/uploads\/2023\/11\/1701327893429.png\" alt=\"Organizador de armazenamento\" width=\"600\" height=\"879\" \/><\/p>\n<\/div>\n<\/div>\n<\/div>\n<\/div>\n<\/div>\n<\/div>\n<\/div>","protected":false},"excerpt":{"rendered":"<p><strong>MOQ<\/strong>:  100 pe\u00e7as<br \/>\n<strong>Amostra gr\u00e1tis<\/strong>:  Com suporte<br \/>\n<strong>Personaliza\u00e7\u00e3o<\/strong>: logotipo \/ cor \/ materiais \/ embalagem etc.<br \/>\n<strong>Desconto<\/strong>:  Primeiros pedidos a partir de 10% de desconto.<br \/>\n<strong>Taxa de entrega no prazo<\/strong>:\u00a0 100%<br \/>\n<strong>Total de remessas<\/strong>:  100000 pe\u00e7as<br \/>\n<strong>Remessa<\/strong>: Suporte expresso - frete mar\u00edtimo - frete terrestre<\/p>\n<p>&nbsp;<\/p>\n<p>&nbsp;<\/p>\n<p>Friut&amp;snack, temperos&amp;sauce, armazenamento em arm\u00e1rios. Eles n\u00e3o s\u00e3o apenas pr\u00e1ticos, mas tamb\u00e9m bonitos!<\/p>","protected":false},"featured_media":15526,"comment_status":"open","ping_status":"closed","template":"","meta":{"_acf_changed":false},"product_brand":[],"product_cat":[237],"product_tag":[87,70,93],"class_list":{"0":"post-15519","1":"product","2":"type-product","3":"status-publish","4":"has-post-thumbnail","6":"product_cat-new-arrivals","7":"product_tag-bulk-wholesale","8":"product_tag-home-storage","9":"product_tag-storage","11":"first","12":"instock","13":"shipping-taxable","14":"product-type-simple","15":"swiper-slide"},"acf":[],"_links":{"self":[{"href":"https:\/\/www.sellersunionagent.com\/pt\/wp-json\/wp\/v2\/product\/15519","targetHints":{"allow":["GET"]}}],"collection":[{"href":"https:\/\/www.sellersunionagent.com\/pt\/wp-json\/wp\/v2\/product"}],"about":[{"href":"https:\/\/www.sellersunionagent.com\/pt\/wp-json\/wp\/v2\/types\/product"}],"replies":[{"embeddable":true,"href":"https:\/\/www.sellersunionagent.com\/pt\/wp-json\/wp\/v2\/comments?post=15519"}],"wp:featuredmedia":[{"embeddable":true,"href":"https:\/\/www.sellersunionagent.com\/pt\/wp-json\/wp\/v2\/media\/15526"}],"wp:attachment":[{"href":"https:\/\/www.sellersunionagent.com\/pt\/wp-json\/wp\/v2\/media?parent=15519"}],"wp:term":[{"taxonomy":"product_brand","embeddable":true,"href":"https:\/\/www.sellersunionagent.com\/pt\/wp-json\/wp\/v2\/product_brand?post=15519"},{"taxonomy":"product_cat","embeddable":true,"href":"https:\/\/www.sellersunionagent.com\/pt\/wp-json\/wp\/v2\/product_cat?post=15519"},{"taxonomy":"product_tag","embeddable":true,"href":"https:\/\/www.sellersunionagent.com\/pt\/wp-json\/wp\/v2\/product_tag?post=15519"}],"curies":[{"name":"wp","href":"https:\/\/api.w.org\/{rel}","templated":true}]}}