{"id":11885,"date":"2022-12-27T17:54:50","date_gmt":"2022-12-27T09:54:50","guid":{"rendered":"https:\/\/sellersunionagent.com\/?post_type=product&#038;p=11885"},"modified":"2022-12-27T17:54:50","modified_gmt":"2022-12-27T09:54:50","slug":"venda-direta-da-fabrica-da-china-mesa-lateral-mesa-de-cabeceira-moveis-de-cabeceira-para-quarto-dormitorio-sala-de-estar","status":"publish","type":"product","link":"https:\/\/www.sellersunionagent.com\/pt\/china-factory-direct-selling-side-table-end-table-bedside-furniture-for-bedroom-dorm-living-room\/","title":{"rendered":"Mesa lateral, mesa final, m\u00f3veis de cabeceira para quarto, dormit\u00f3rio, sala de estar com venda direta da f\u00e1brica na China"},"content":{"rendered":"<h2>Mesa lateral, mesa final, m\u00f3veis de cabeceira para quarto, dormit\u00f3rio, sala de estar com venda direta da f\u00e1brica na China<\/h2>\n<p>&nbsp;<\/p>\n<p>&nbsp;<\/p>\n<ul>\n<li>Material premium<\/li>\n<li>Boa capacidade de suporte de carga<\/li>\n<li>Est\u00e1vel e dur\u00e1vel<\/li>\n<li>Mesa de apoio vers\u00e1til<\/li>\n<li>Design simples e elegante<\/li>\n<li>Economia de espa\u00e7o<\/li>\n<\/ul>\n<p>&nbsp;<\/p>\n<p>&nbsp;<\/p>\n<p><strong>Tipo<\/strong>: Rack de armazenamento<\/p>\n<div class=\"elementor-element elementor-element-c17fac7 elementor-widget elementor-widget-woocommerce-product-short-description\" data-id=\"c17fac7\" data-element_type=\"widget\" data-widget_type=\"woocommerce-product-short-description.default\">\n<div class=\"elementor-widget-container\">\n<div class=\"woocommerce-product-details__short-description\">\n<p><strong>N\u00famero do item:<\/strong> JB-07<\/p>\n<p><strong>Tamanho do item<\/strong>: 50,5*50,5*51,5cm<\/p>\n<p><strong>Cores<\/strong>: Preto<\/p>\n<p><strong>Material: <\/strong>Tubo de a\u00e7o<\/p>\n<p><img fetchpriority=\"high\" decoding=\"async\" class=\"aligncenter wp-image-11887\" src=\"https:\/\/www.sellersunionagent.com\/wp-content\/uploads\/2022\/12\/wholesale-shopping-bags-2.jpg\" alt=\"Venda direta da f\u00e1brica na China \" width=\"600\" height=\"599\" \/> <img decoding=\"async\" class=\"aligncenter wp-image-11888\" src=\"https:\/\/www.sellersunionagent.com\/wp-content\/uploads\/2022\/12\/wholesale-shopping-bags-1.jpg\" alt=\"Venda direta da f\u00e1brica na China\" width=\"600\" height=\"600\" \/> <img decoding=\"async\" class=\"aligncenter wp-image-11889\" src=\"https:\/\/www.sellersunionagent.com\/wp-content\/uploads\/2022\/12\/wholesale-shopping-bags.jpg\" alt=\"Venda direta da f\u00e1brica na China\" width=\"600\" height=\"600\" \/><\/p>\n<\/div>\n<\/div>\n<\/div>","protected":false},"excerpt":{"rendered":"<p><strong><b>MOQ<\/b><\/strong>: 100 pe\u00e7as<br \/>\n<strong><b>Amostra gr\u00e1tis<\/b><\/strong>:  Com suporte<br \/>\n<strong><b>Personaliza\u00e7\u00e3o<\/b><\/strong>:  Tamanho\/embalagem etc.<br \/>\n<strong><b>Desconto<\/b><\/strong>:  Primeiros pedidos a partir de 10% de desconto.<br \/>\n<strong><b>Taxa de entrega no prazo<\/b><\/strong>:\u00a0 100%<br \/>\n<strong><b>Total de remessas<\/b><\/strong>:  10000 pe\u00e7as<br \/>\n<strong><b>Remessa<\/b><\/strong>: Suporte expresso - frete mar\u00edtimo - frete terrestre<\/p>","protected":false},"featured_media":11887,"comment_status":"open","ping_status":"closed","template":"","meta":{"_acf_changed":false},"product_brand":[],"product_cat":[31,187,186],"product_tag":[87,42],"class_list":{"0":"post-11885","1":"product","2":"type-product","3":"status-publish","4":"has-post-thumbnail","6":"product_cat-home-storage","7":"product_cat-bedroom","8":"product_cat-living-room","9":"product_tag-bulk-wholesale","10":"product_tag-high-quality","12":"first","13":"instock","14":"shipping-taxable","15":"product-type-simple","16":"swiper-slide"},"acf":[],"_links":{"self":[{"href":"https:\/\/www.sellersunionagent.com\/pt\/wp-json\/wp\/v2\/product\/11885","targetHints":{"allow":["GET"]}}],"collection":[{"href":"https:\/\/www.sellersunionagent.com\/pt\/wp-json\/wp\/v2\/product"}],"about":[{"href":"https:\/\/www.sellersunionagent.com\/pt\/wp-json\/wp\/v2\/types\/product"}],"replies":[{"embeddable":true,"href":"https:\/\/www.sellersunionagent.com\/pt\/wp-json\/wp\/v2\/comments?post=11885"}],"wp:featuredmedia":[{"embeddable":true,"href":"https:\/\/www.sellersunionagent.com\/pt\/wp-json\/wp\/v2\/media\/11887"}],"wp:attachment":[{"href":"https:\/\/www.sellersunionagent.com\/pt\/wp-json\/wp\/v2\/media?parent=11885"}],"wp:term":[{"taxonomy":"product_brand","embeddable":true,"href":"https:\/\/www.sellersunionagent.com\/pt\/wp-json\/wp\/v2\/product_brand?post=11885"},{"taxonomy":"product_cat","embeddable":true,"href":"https:\/\/www.sellersunionagent.com\/pt\/wp-json\/wp\/v2\/product_cat?post=11885"},{"taxonomy":"product_tag","embeddable":true,"href":"https:\/\/www.sellersunionagent.com\/pt\/wp-json\/wp\/v2\/product_tag?post=11885"}],"curies":[{"name":"wp","href":"https:\/\/api.w.org\/{rel}","templated":true}]}}