{"id":11873,"date":"2022-12-27T17:13:14","date_gmt":"2022-12-27T09:13:14","guid":{"rendered":"https:\/\/sellersunionagent.com\/?post_type=product&#038;p=11873"},"modified":"2022-12-27T17:13:14","modified_gmt":"2022-12-27T09:13:14","slug":"mesa-de-apoio-mesa-lateral-mesa-de-cabeceira-prateleira-de-armazenamento-para-quartocozinha-sala-de-estar-e-escritorio-estrutura-metalica-estavel-tampo-de-madeira-facil-montagem","status":"publish","type":"product","link":"https:\/\/www.sellersunionagent.com\/pt\/end-table-side-table-nightstand-storage-shelf-for-bedroomkitchenliving-room-and-office-stable-metal-framewood-top-easy-assembly\/","title":{"rendered":"Mesa de apoio\/mesa lateral\/estante de cabeceira com prateleira para quarto, cozinha, sala de estar e escrit\u00f3rio, estrutura met\u00e1lica est\u00e1vel, tampo de madeira, f\u00e1cil montagem"},"content":{"rendered":"<h2>Mesa de apoio\/mesa lateral\/estante de cabeceira com prateleira para quarto, cozinha, sala de estar e escrit\u00f3rio, estrutura met\u00e1lica est\u00e1vel, tampo de madeira, f\u00e1cil montagem<\/h2>\n<p>&nbsp;<\/p>\n<p>&nbsp;<\/p>\n<ul>\n<li>Material premium<\/li>\n<li>Boa capacidade de suporte de carga<\/li>\n<li>Dur\u00e1vel<\/li>\n<li>Usos m\u00faltiplos<\/li>\n<li>Design simples e elegante<\/li>\n<li>F\u00e1cil de instalar<\/li>\n<\/ul>\n<p>&nbsp;<\/p>\n<p>&nbsp;<\/p>\n<p><strong>Tipo<\/strong>: Mesa<\/p>\n<div class=\"elementor-element elementor-element-c17fac7 elementor-widget elementor-widget-woocommerce-product-short-description\" data-id=\"c17fac7\" data-element_type=\"widget\" data-widget_type=\"woocommerce-product-short-description.default\">\n<div class=\"elementor-widget-container\">\n<div class=\"woocommerce-product-details__short-description\">\n<p><strong>N\u00famero do item:<\/strong> JB-05<\/p>\n<p><strong>Tamanho do item<\/strong>: 56*35*60cm<\/p>\n<p><strong>Cores<\/strong>: Preto<\/p>\n<p><strong>Material: <\/strong>ferro<\/p>\n<p><img fetchpriority=\"high\" decoding=\"async\" class=\"aligncenter wp-image-11874\" src=\"https:\/\/www.sellersunionagent.com\/wp-content\/uploads\/2022\/12\/wholesale-shopping-bags-10.jpg\" alt=\"Mesa de apoio\" width=\"600\" height=\"600\" \/> <img decoding=\"async\" class=\"aligncenter wp-image-11875\" src=\"https:\/\/www.sellersunionagent.com\/wp-content\/uploads\/2022\/12\/wholesale-shopping-bags-9.jpg\" alt=\"Mesa de apoio\" width=\"600\" height=\"600\" \/> <img decoding=\"async\" class=\"aligncenter wp-image-11876\" src=\"https:\/\/www.sellersunionagent.com\/wp-content\/uploads\/2022\/12\/wholesale-shopping-bags-8.jpg\" alt=\"Mesa de apoio\" width=\"600\" height=\"601\" \/> <img loading=\"lazy\" decoding=\"async\" class=\"aligncenter wp-image-11877\" src=\"https:\/\/www.sellersunionagent.com\/wp-content\/uploads\/2022\/12\/wholesale-shopping-bags-7.jpg\" alt=\"Mesa de apoio\" width=\"600\" height=\"601\" \/><\/p>\n<p>&nbsp;<\/p>\n<\/div>\n<\/div>\n<\/div>","protected":false},"excerpt":{"rendered":"<p><strong><b>MOQ<\/b><\/strong>: 100 pe\u00e7as<br \/>\n<strong><b>Amostra gr\u00e1tis<\/b><\/strong>:  Com suporte<br \/>\n<strong><b>Personaliza\u00e7\u00e3o<\/b><\/strong>:  Tamanho\/embalagem etc.<br \/>\n<strong><b>Desconto<\/b><\/strong>:  Primeiros pedidos a partir de 10% de desconto.<br \/>\n<strong><b>Taxa de entrega no prazo<\/b><\/strong>:\u00a0 100%<br \/>\n<strong><b>Total de remessas<\/b><\/strong>:  10000 pe\u00e7as<br \/>\n<strong><b>Remessa<\/b><\/strong>: Suporte expresso - frete mar\u00edtimo - frete terrestre<\/p>","protected":false},"featured_media":11877,"comment_status":"open","ping_status":"closed","template":"","meta":{"_acf_changed":false},"product_brand":[],"product_cat":[31,187,188,186],"product_tag":[220,73,99],"class_list":{"0":"post-11873","1":"product","2":"type-product","3":"status-publish","4":"has-post-thumbnail","6":"product_cat-home-storage","7":"product_cat-bedroom","8":"product_cat-kitchen","9":"product_cat-living-room","10":"product_tag-end-table","11":"product_tag-home-storagewholesaledurable","12":"product_tag-wholesale-maker-from-china","14":"first","15":"instock","16":"shipping-taxable","17":"product-type-simple","18":"swiper-slide"},"acf":[],"_links":{"self":[{"href":"https:\/\/www.sellersunionagent.com\/pt\/wp-json\/wp\/v2\/product\/11873","targetHints":{"allow":["GET"]}}],"collection":[{"href":"https:\/\/www.sellersunionagent.com\/pt\/wp-json\/wp\/v2\/product"}],"about":[{"href":"https:\/\/www.sellersunionagent.com\/pt\/wp-json\/wp\/v2\/types\/product"}],"replies":[{"embeddable":true,"href":"https:\/\/www.sellersunionagent.com\/pt\/wp-json\/wp\/v2\/comments?post=11873"}],"wp:featuredmedia":[{"embeddable":true,"href":"https:\/\/www.sellersunionagent.com\/pt\/wp-json\/wp\/v2\/media\/11877"}],"wp:attachment":[{"href":"https:\/\/www.sellersunionagent.com\/pt\/wp-json\/wp\/v2\/media?parent=11873"}],"wp:term":[{"taxonomy":"product_brand","embeddable":true,"href":"https:\/\/www.sellersunionagent.com\/pt\/wp-json\/wp\/v2\/product_brand?post=11873"},{"taxonomy":"product_cat","embeddable":true,"href":"https:\/\/www.sellersunionagent.com\/pt\/wp-json\/wp\/v2\/product_cat?post=11873"},{"taxonomy":"product_tag","embeddable":true,"href":"https:\/\/www.sellersunionagent.com\/pt\/wp-json\/wp\/v2\/product_tag?post=11873"}],"curies":[{"name":"wp","href":"https:\/\/api.w.org\/{rel}","templated":true}]}}