{"id":11674,"date":"2022-12-09T17:22:39","date_gmt":"2022-12-09T09:22:39","guid":{"rendered":"https:\/\/sellersunionagent.com\/?post_type=product&#038;p=11674"},"modified":"2022-12-09T17:22:39","modified_gmt":"2022-12-09T09:22:39","slug":"porta-canetas-organizador-de-canetas-para-organizacao-e-armazenamento-no-escritorio","status":"publish","type":"product","link":"https:\/\/www.sellersunionagent.com\/pt\/pen-holder-pen-organizer-for-office-organization-and-storage\/","title":{"rendered":"Porta-canetas Organizador de canetas para organiza\u00e7\u00e3o e armazenamento no escrit\u00f3rio"},"content":{"rendered":"<h2 id=\"title\" class=\"a-size-large a-spacing-none\"><span id=\"productTitle\" class=\"a-size-large product-title-word-break\">Porta-canetas, organizador e acess\u00f3rios para mesa de escrit\u00f3rio, copo multifuncional para l\u00e1pis, porta-l\u00e1pis para mesa<\/span><\/h2>\n<ul class=\"a-unordered-list a-vertical a-spacing-mini\">\n<li><span class=\"a-list-item\">Organizador de mesa de escrit\u00f3rio tudo em um - espa\u00e7o suficiente para acomodar todos os seus acess\u00f3rios de mesa, papel, tesoura, l\u00e1pis, canetas, marcadores e todos os suprimentos de mesa. \u00d3timo organizador de mesa para materiais de escrit\u00f3rio.<\/span><\/li>\n<li><span class=\"a-list-item\">Organize sua mesa, seja ela uma escrivaninha, escrit\u00f3rio, quarto, cub\u00edculo, mesa de cabeceira, cozinha, casa, dormit\u00f3rio, escola ou sala de aula, esta \u00e9 a prateleira de armazenamento azul ideal para gavetas ou prateleiras.<\/span><\/li>\n<li><span class=\"a-list-item\">Melhor organiza\u00e7\u00e3o de escrit\u00f3rio, use nosso organizador de mesa e acess\u00f3rios perfeitos para manter todos os seus materiais de escrit\u00f3rio organizados. Um organizador de arm\u00e1rio usado como acess\u00f3rio de arm\u00e1rio.<\/span><\/li>\n<\/ul>\n<p style=\"text-align: center\"><strong><b>Tipo<\/b><\/strong>: Armazenamento dom\u00e9stico<\/p>\n<p style=\"text-align: center\"><strong><b>N\u00famero do item:<\/b><\/strong> OX-29<\/p>\n<p style=\"text-align: center\"><strong><b>Peso do item<\/b><\/strong>: 310g<\/p>\n<p style=\"text-align: center\"><strong><b>Cores<\/b><\/strong>: Branco \/ Rosa \/ Azul<\/p>\n<p>\u00a0 <img fetchpriority=\"high\" decoding=\"async\" class=\"aligncenter wp-image-11675\" src=\"https:\/\/www.sellersunionagent.com\/wp-content\/uploads\/2022\/12\/wholesale-bathroom-folding-storage-basket-8.jpg\" alt=\"atacado\" width=\"600\" height=\"600\" \/> <img decoding=\"async\" class=\"aligncenter wp-image-11677\" src=\"https:\/\/www.sellersunionagent.com\/wp-content\/uploads\/2022\/12\/wholesale-bathroom-folding-storage-basket-6.jpg\" alt=\"atacado\" width=\"600\" height=\"600\" \/> <img decoding=\"async\" class=\"aligncenter wp-image-11678\" src=\"https:\/\/www.sellersunionagent.com\/wp-content\/uploads\/2022\/12\/wholesale-bathroom-folding-storage-basket-5.jpg\" alt=\"atacado\" width=\"600\" height=\"600\" \/> <img loading=\"lazy\" decoding=\"async\" class=\"aligncenter wp-image-11679\" src=\"https:\/\/www.sellersunionagent.com\/wp-content\/uploads\/2022\/12\/wholesale-bathroom-folding-storage-basket-4.jpg\" alt=\"atacado\" width=\"600\" height=\"600\" \/><\/p>","protected":false},"excerpt":{"rendered":"<p><strong><b>MOQ<\/b><\/strong>:  1000 pe\u00e7as<br \/>\n<strong><b>Amostra gr\u00e1tis<\/b><\/strong>:  Com suporte<br \/>\n<strong><b>Personaliza\u00e7\u00e3o<\/b><\/strong>: logotipo \/ cor \/ materiais \/ embalagem etc.<br \/>\n<strong><b>Desconto<\/b><\/strong>:  Primeiros pedidos a partir de 10% de desconto.<br \/>\n<strong><b>Taxa de entrega no prazo<\/b><\/strong>:\u00a0 100%<br \/>\n<strong><b>Total de remessas<\/b><\/strong>:  10000 pe\u00e7as<br \/>\n<strong><b>Remessa<\/b><\/strong>: Suporte expresso - frete mar\u00edtimo - frete terrestre<\/p>","protected":false},"featured_media":11676,"comment_status":"open","ping_status":"closed","template":"","meta":{"_acf_changed":false},"product_brand":[],"product_cat":[31],"product_tag":[87,73],"class_list":{"0":"post-11674","1":"product","2":"type-product","3":"status-publish","4":"has-post-thumbnail","6":"product_cat-home-storage","7":"product_tag-bulk-wholesale","8":"product_tag-home-storagewholesaledurable","10":"first","11":"instock","12":"shipping-taxable","13":"product-type-simple","14":"swiper-slide"},"acf":[],"_links":{"self":[{"href":"https:\/\/www.sellersunionagent.com\/pt\/wp-json\/wp\/v2\/product\/11674","targetHints":{"allow":["GET"]}}],"collection":[{"href":"https:\/\/www.sellersunionagent.com\/pt\/wp-json\/wp\/v2\/product"}],"about":[{"href":"https:\/\/www.sellersunionagent.com\/pt\/wp-json\/wp\/v2\/types\/product"}],"replies":[{"embeddable":true,"href":"https:\/\/www.sellersunionagent.com\/pt\/wp-json\/wp\/v2\/comments?post=11674"}],"wp:featuredmedia":[{"embeddable":true,"href":"https:\/\/www.sellersunionagent.com\/pt\/wp-json\/wp\/v2\/media\/11676"}],"wp:attachment":[{"href":"https:\/\/www.sellersunionagent.com\/pt\/wp-json\/wp\/v2\/media?parent=11674"}],"wp:term":[{"taxonomy":"product_brand","embeddable":true,"href":"https:\/\/www.sellersunionagent.com\/pt\/wp-json\/wp\/v2\/product_brand?post=11674"},{"taxonomy":"product_cat","embeddable":true,"href":"https:\/\/www.sellersunionagent.com\/pt\/wp-json\/wp\/v2\/product_cat?post=11674"},{"taxonomy":"product_tag","embeddable":true,"href":"https:\/\/www.sellersunionagent.com\/pt\/wp-json\/wp\/v2\/product_tag?post=11674"}],"curies":[{"name":"wp","href":"https:\/\/api.w.org\/{rel}","templated":true}]}}