{"id":11664,"date":"2022-12-09T17:13:18","date_gmt":"2022-12-09T09:13:18","guid":{"rendered":"https:\/\/sellersunionagent.com\/?post_type=product&#038;p=11664"},"modified":"2022-12-09T17:13:18","modified_gmt":"2022-12-09T09:13:18","slug":"organizadores-de-prateleiras-duplas-no-atacado-e-organizador-de-armarios-de-2-niveis-de-armazenamento","status":"publish","type":"product","link":"https:\/\/www.sellersunionagent.com\/pt\/wholesale-double-shelf-organizers-and-storage-2-tier-cabinet-organizer\/","title":{"rendered":"Organizador de prateleiras duplas e armazenamento de 2 n\u00edveis para arm\u00e1rios no atacado"},"content":{"rendered":"<h2 id=\"title\" class=\"a-size-large a-spacing-none\"><span id=\"productTitle\" class=\"a-size-large product-title-word-break\">Organizadores e armazenamento Organizador de gabinete de 2 camadas, organizador de banheiro, gabinete de cozinha, organizadores e armazenamento<\/span><\/h2>\n<p>Estabilidade dur\u00e1vel Constru\u00e7\u00e3o Armazenamento<br \/>\nMontagem r\u00e1pida e f\u00e1cil de limpar<br \/>\nUniversal para uma variedade de locais em sua casa<\/p>\n<p style=\"text-align: center\"><strong><b>Tipo<\/b><\/strong>: Armazenamento dom\u00e9stico<\/p>\n<p style=\"text-align: center\"><strong><b>N\u00famero do item:<\/b><\/strong> OX-19<\/p>\n<p style=\"text-align: center\"><strong><b>Peso do item<\/b><\/strong>: 0,195 kg<\/p>\n<p style=\"text-align: center\"><strong><b>Cores<\/b><\/strong>: Branco\/rosa\/verde\/azul\/bege\/roxo<\/p>\n<p><img fetchpriority=\"high\" decoding=\"async\" class=\"size-full wp-image-11671 aligncenter\" src=\"https:\/\/www.sellersunionagent.com\/wp-content\/uploads\/2022\/12\/wholesale-double-shelf-organizers.png\" alt=\"atacado\" width=\"546\" height=\"348\" \/> <img decoding=\"async\" class=\"size-full wp-image-11670 aligncenter\" src=\"https:\/\/www.sellersunionagent.com\/wp-content\/uploads\/2022\/12\/wholesale-makeup-bags.png\" alt=\"atacado\" width=\"546\" height=\"336\" \/> <img decoding=\"async\" class=\"size-full wp-image-11669 aligncenter\" src=\"https:\/\/www.sellersunionagent.com\/wp-content\/uploads\/2022\/12\/wholesale-double-shelf-organizers-and-storage.png\" alt=\"atacado\" width=\"547\" height=\"357\" \/><\/p>","protected":false},"excerpt":{"rendered":"<p><strong><b>MOQ<\/b><\/strong>:  1000 pe\u00e7as<br \/>\n<strong><b>Amostra gr\u00e1tis<\/b><\/strong>:  Com suporte<br \/>\n<strong><b>Personaliza\u00e7\u00e3o<\/b><\/strong>: logotipo \/ cor \/ materiais \/ embalagem etc.<br \/>\n<strong><b>Desconto<\/b><\/strong>:  Primeiros pedidos a partir de 10% de desconto.<br \/>\n<strong><b>Taxa de entrega no prazo<\/b><\/strong>:\u00a0 100%<br \/>\n<strong><b>Total de remessas<\/b><\/strong>:  10000 pe\u00e7as<br \/>\n<strong><b>Remessa<\/b><\/strong>: Suporte expresso - frete mar\u00edtimo - frete terrestre<\/p>","protected":false},"featured_media":11667,"comment_status":"open","ping_status":"closed","template":"","meta":{"_acf_changed":false},"product_brand":[],"product_cat":[31],"product_tag":[87,46,73],"class_list":{"0":"post-11664","1":"product","2":"type-product","3":"status-publish","4":"has-post-thumbnail","6":"product_cat-home-storage","7":"product_tag-bulk-wholesale","8":"product_tag-customization","9":"product_tag-home-storagewholesaledurable","11":"first","12":"instock","13":"shipping-taxable","14":"product-type-simple","15":"swiper-slide"},"acf":[],"_links":{"self":[{"href":"https:\/\/www.sellersunionagent.com\/pt\/wp-json\/wp\/v2\/product\/11664","targetHints":{"allow":["GET"]}}],"collection":[{"href":"https:\/\/www.sellersunionagent.com\/pt\/wp-json\/wp\/v2\/product"}],"about":[{"href":"https:\/\/www.sellersunionagent.com\/pt\/wp-json\/wp\/v2\/types\/product"}],"replies":[{"embeddable":true,"href":"https:\/\/www.sellersunionagent.com\/pt\/wp-json\/wp\/v2\/comments?post=11664"}],"wp:featuredmedia":[{"embeddable":true,"href":"https:\/\/www.sellersunionagent.com\/pt\/wp-json\/wp\/v2\/media\/11667"}],"wp:attachment":[{"href":"https:\/\/www.sellersunionagent.com\/pt\/wp-json\/wp\/v2\/media?parent=11664"}],"wp:term":[{"taxonomy":"product_brand","embeddable":true,"href":"https:\/\/www.sellersunionagent.com\/pt\/wp-json\/wp\/v2\/product_brand?post=11664"},{"taxonomy":"product_cat","embeddable":true,"href":"https:\/\/www.sellersunionagent.com\/pt\/wp-json\/wp\/v2\/product_cat?post=11664"},{"taxonomy":"product_tag","embeddable":true,"href":"https:\/\/www.sellersunionagent.com\/pt\/wp-json\/wp\/v2\/product_tag?post=11664"}],"curies":[{"name":"wp","href":"https:\/\/api.w.org\/{rel}","templated":true}]}}