{"id":11658,"date":"2022-12-09T17:04:03","date_gmt":"2022-12-09T09:04:03","guid":{"rendered":"https:\/\/sellersunionagent.com\/?post_type=product&#038;p=11658"},"modified":"2022-12-09T17:04:03","modified_gmt":"2022-12-09T09:04:03","slug":"caixa-de-armazenamento-no-atacado-com-tampa-para-organizacao-caixa-de-armazenamento-empilhavel","status":"publish","type":"product","link":"https:\/\/www.sellersunionagent.com\/pt\/wholesale-storage-box-with-lid-for-organizing-stackable-storage-box\/","title":{"rendered":"Caixa de armazenamento por atacado com tampa para organiza\u00e7\u00e3o Caixa de armazenamento empilh\u00e1vel"},"content":{"rendered":"<h2 id=\"title\" class=\"a-size-large a-spacing-none\"><span id=\"productTitle\" class=\"a-size-large product-title-word-break\">Caixas de armazenamento com tampas Recipientes de armazenamento de pl\u00e1stico para organiza\u00e7\u00e3o Caixa de armazenamento empilh\u00e1vel com al\u00e7a<\/span><\/h2>\n<ul class=\"a-unordered-list a-vertical a-spacing-mini\">\n<li><span class=\"a-list-item\">\u3010Combina estilo natural e pr\u00e1tico\u3011<\/span><\/li>\n<li><span class=\"a-list-item\">\u3010Tamanho bem pensado\u3011<\/span><\/li>\n<li><span class=\"a-list-item\">\u3010R\u00f3tulos e marcadores\u3011<\/span><\/li>\n<li><span class=\"a-list-item\">\u3010Al\u00e7as empilh\u00e1veis e integradas\u3011<\/span><\/li>\n<li><span class=\"a-list-item\">\u3010Dur\u00e1vel e resistente\u3011<\/span><\/li>\n<\/ul>\n<p style=\"text-align: center\"><strong><b>Tipo<\/b><\/strong>: Armazenamento dom\u00e9stico<\/p>\n<p style=\"text-align: center\"><strong><b>N\u00famero do item:<\/b><\/strong> OX-04<\/p>\n<p style=\"text-align: center\"><strong><b>Tamanho do item<\/b><\/strong>:<\/p>\n<p style=\"text-align: center\">24L\uff0c16L\uff0c8L\uff0c4L<\/p>\n<p style=\"text-align: center\"><strong><b>Peso do item<\/b><\/strong>: 3,3g\/4,8g\/8,5g\/9,5g<\/p>\n<p style=\"text-align: center\"><strong><b>Cores<\/b><\/strong>: Verde\/azul\/amarelo\/laranja<\/p>\n<p><img fetchpriority=\"high\" decoding=\"async\" class=\"aligncenter wp-image-11663\" src=\"https:\/\/www.sellersunionagent.com\/wp-content\/uploads\/2022\/12\/wholesale-double-shelf-organizers-and-storage-5.jpg\" alt=\"atacado\" width=\"600\" height=\"600\" \/> <img decoding=\"async\" class=\"aligncenter wp-image-11662\" src=\"https:\/\/www.sellersunionagent.com\/wp-content\/uploads\/2022\/12\/wholesale-storage-box.jpg\" alt=\"atacado\" width=\"600\" height=\"600\" \/> <img decoding=\"async\" class=\"aligncenter wp-image-11660\" src=\"https:\/\/www.sellersunionagent.com\/wp-content\/uploads\/2022\/12\/wholesale-storage-box-2.jpg\" alt=\"atacado\" width=\"600\" height=\"600\" \/> <img loading=\"lazy\" decoding=\"async\" class=\"aligncenter wp-image-11659\" src=\"https:\/\/www.sellersunionagent.com\/wp-content\/uploads\/2022\/12\/wholesale-storage-box-3.jpg\" alt=\"atacado\" width=\"600\" height=\"600\" \/><\/p>\n<p style=\"text-align: center\">","protected":false},"excerpt":{"rendered":"<p><strong><b>MOQ<\/b><\/strong>:  1000 pe\u00e7as<br \/>\n<strong><b>Amostra gr\u00e1tis<\/b><\/strong>:  Com suporte<br \/>\n<strong><b>Personaliza\u00e7\u00e3o<\/b><\/strong>: logotipo \/ cor \/ materiais \/ embalagem etc.<br \/>\n<strong><b>Desconto<\/b><\/strong>:  Primeiros pedidos a partir de 10% de desconto.<br \/>\n<strong><b>Taxa de entrega no prazo<\/b><\/strong>:\u00a0 100%<br \/>\n<strong><b>Total de remessas<\/b><\/strong>:  10000 pe\u00e7as<br \/>\n<strong><b>Remessa<\/b><\/strong>: Suporte expresso - frete mar\u00edtimo - frete terrestre<\/p>","protected":false},"featured_media":11661,"comment_status":"open","ping_status":"closed","template":"","meta":{"_acf_changed":false},"product_brand":[],"product_cat":[31],"product_tag":[87,46,73],"class_list":{"0":"post-11658","1":"product","2":"type-product","3":"status-publish","4":"has-post-thumbnail","6":"product_cat-home-storage","7":"product_tag-bulk-wholesale","8":"product_tag-customization","9":"product_tag-home-storagewholesaledurable","11":"first","12":"instock","13":"shipping-taxable","14":"product-type-simple","15":"swiper-slide"},"acf":[],"_links":{"self":[{"href":"https:\/\/www.sellersunionagent.com\/pt\/wp-json\/wp\/v2\/product\/11658","targetHints":{"allow":["GET"]}}],"collection":[{"href":"https:\/\/www.sellersunionagent.com\/pt\/wp-json\/wp\/v2\/product"}],"about":[{"href":"https:\/\/www.sellersunionagent.com\/pt\/wp-json\/wp\/v2\/types\/product"}],"replies":[{"embeddable":true,"href":"https:\/\/www.sellersunionagent.com\/pt\/wp-json\/wp\/v2\/comments?post=11658"}],"wp:featuredmedia":[{"embeddable":true,"href":"https:\/\/www.sellersunionagent.com\/pt\/wp-json\/wp\/v2\/media\/11661"}],"wp:attachment":[{"href":"https:\/\/www.sellersunionagent.com\/pt\/wp-json\/wp\/v2\/media?parent=11658"}],"wp:term":[{"taxonomy":"product_brand","embeddable":true,"href":"https:\/\/www.sellersunionagent.com\/pt\/wp-json\/wp\/v2\/product_brand?post=11658"},{"taxonomy":"product_cat","embeddable":true,"href":"https:\/\/www.sellersunionagent.com\/pt\/wp-json\/wp\/v2\/product_cat?post=11658"},{"taxonomy":"product_tag","embeddable":true,"href":"https:\/\/www.sellersunionagent.com\/pt\/wp-json\/wp\/v2\/product_tag?post=11658"}],"curies":[{"name":"wp","href":"https:\/\/api.w.org\/{rel}","templated":true}]}}