{"id":11632,"date":"2022-12-08T18:02:36","date_gmt":"2022-12-08T10:02:36","guid":{"rendered":"https:\/\/sellersunionagent.com\/?post_type=product&#038;p=11632"},"modified":"2022-12-08T18:02:36","modified_gmt":"2022-12-08T10:02:36","slug":"cestos-de-corda-de-algodao-com-alca-para-organizar-objetos-de-decoracaocesto-de-prateleira-para-prateleiraslavanderiaquarto-de-dormir","status":"publish","type":"product","link":"https:\/\/www.sellersunionagent.com\/pt\/cotton-rope-baskets-with-handle-for-organizing-decorativeshelf-basket-for-shelveslaundrytableroom\/","title":{"rendered":"Cestos de corda de algod\u00e3o com al\u00e7a para organiza\u00e7\u00e3o decorativa, cesto para prateleiras, lavanderia, mesa, quarto"},"content":{"rendered":"<h2>Cestos de corda de algod\u00e3o com al\u00e7a para organiza\u00e7\u00e3o decorativa, cesto para prateleiras, lavanderia, mesa, quarto<\/h2>\n<p><strong>Tipo<\/strong>: Cesta de corda de algod\u00e3o<\/p>\n<div class=\"elementor-element elementor-element-c17fac7 elementor-widget elementor-widget-woocommerce-product-short-description\" data-id=\"c17fac7\" data-element_type=\"widget\" data-widget_type=\"woocommerce-product-short-description.default\">\n<div class=\"elementor-widget-container\">\n<div class=\"woocommerce-product-details__short-description\">\n<p><strong>N\u00famero do item:<\/strong> NA021<\/p>\n<p><strong>Tamanho do item<\/strong>:<\/p>\n<p>S\uff1a23*18*10cm, 220g<\/p>\n<p>C\uff1a30*23*12cm, 350g<\/p>\n<p><strong>Cores<\/strong>: Cinza\/branco\/marrom\/azul<\/p>\n<p><strong>Material: <\/strong>Corda de algod\u00e3o<\/p>\n<\/div>\n<\/div>\n<\/div>\n<p>&nbsp;<\/p>\n<ul>\n<li>Feito \u00e0 m\u00e3o<\/li>\n<li>Macio, dur\u00e1vel e seguro<\/li>\n<li>Design de cores neutras<\/li>\n<li>Delicado com apar\u00eancia natural<img fetchpriority=\"high\" decoding=\"async\" class=\"aligncenter wp-image-11638\" src=\"https:\/\/www.sellersunionagent.com\/wp-content\/uploads\/2022\/12\/O1CN01XAvbl81vpj6EroPzz_3017326222-0-cib.jpg\" alt=\"Cesta de armazenamento\" width=\"600\" height=\"600\" \/> <img decoding=\"async\" class=\"aligncenter wp-image-11637\" src=\"https:\/\/www.sellersunionagent.com\/wp-content\/uploads\/2022\/12\/O1CN01VroKe81vpj6PW2N4w_3017326222-0-cib.jpg\" alt=\"Cesta de armazenamento\" width=\"600\" height=\"600\" \/> <img decoding=\"async\" class=\"aligncenter wp-image-11636\" src=\"https:\/\/www.sellersunionagent.com\/wp-content\/uploads\/2022\/12\/O1CN01TPdwwg1vpj6OGdnrj_3017326222-0-cib.jpg\" alt=\"Cesta de armazenamento\" width=\"600\" height=\"600\" \/><img loading=\"lazy\" decoding=\"async\" class=\"aligncenter wp-image-11633\" src=\"https:\/\/www.sellersunionagent.com\/wp-content\/uploads\/2022\/12\/O1CN01IP84Pb1vpj6E6sCzw_3017326222-0-cib.jpg\" alt=\"Cesta de armazenamento\" width=\"600\" height=\"600\" \/><img loading=\"lazy\" decoding=\"async\" class=\"aligncenter wp-image-11639\" src=\"https:\/\/www.sellersunionagent.com\/wp-content\/uploads\/2022\/12\/O1CN01zg2mh31vpj6HvKDqX_3017326222-0-cib.jpg\" alt=\"Cesta de armazenamento\" width=\"600\" height=\"600\" \/><img loading=\"lazy\" decoding=\"async\" class=\"aligncenter wp-image-11635\" src=\"https:\/\/www.sellersunionagent.com\/wp-content\/uploads\/2022\/12\/O1CN01ryja2q1vpj6PXNt5I_3017326222-0-cib.jpg\" alt=\"Cesta de armazenamento\" width=\"600\" height=\"600\" \/> <img loading=\"lazy\" decoding=\"async\" class=\"aligncenter wp-image-11634\" src=\"https:\/\/www.sellersunionagent.com\/wp-content\/uploads\/2022\/12\/O1CN01NTd6he1vpj6HvKQJZ_3017326222-0-cib.jpg\" alt=\"Cesta de armazenamento\" width=\"600\" height=\"600\" \/><\/li>\n<\/ul>","protected":false},"excerpt":{"rendered":"<p><strong><b>MOQ<\/b><\/strong>: 200 pe\u00e7as<br \/>\n<strong><b>Amostra gr\u00e1tis<\/b><\/strong>:  Com suporte<br \/>\n<strong><b>Personaliza\u00e7\u00e3o<\/b><\/strong>:  Tamanho\/embalagem etc.<br \/>\n<strong><b>Desconto<\/b><\/strong>:  Primeiros pedidos a partir de 10% de desconto.<br \/>\n<strong><b>Taxa de entrega no prazo<\/b><\/strong>:\u00a0 100%<br \/>\n<strong><b>Total de remessas<\/b><\/strong>:  10000 pe\u00e7as<br \/>\n<strong><b>Remessa<\/b><\/strong>: Suporte expresso - frete mar\u00edtimo - frete terrestre<\/p>","protected":false},"featured_media":11638,"comment_status":"open","ping_status":"closed","template":"","meta":{"_acf_changed":false},"product_brand":[],"product_cat":[208],"product_tag":[219,199,73],"class_list":{"0":"post-11632","1":"product","2":"type-product","3":"status-publish","4":"has-post-thumbnail","6":"product_cat-cotton-rope-basket","7":"product_tag-cotton-rope","8":"product_tag-hand-made","9":"product_tag-home-storagewholesaledurable","11":"first","12":"instock","13":"shipping-taxable","14":"product-type-simple","15":"swiper-slide"},"acf":[],"_links":{"self":[{"href":"https:\/\/www.sellersunionagent.com\/pt\/wp-json\/wp\/v2\/product\/11632","targetHints":{"allow":["GET"]}}],"collection":[{"href":"https:\/\/www.sellersunionagent.com\/pt\/wp-json\/wp\/v2\/product"}],"about":[{"href":"https:\/\/www.sellersunionagent.com\/pt\/wp-json\/wp\/v2\/types\/product"}],"replies":[{"embeddable":true,"href":"https:\/\/www.sellersunionagent.com\/pt\/wp-json\/wp\/v2\/comments?post=11632"}],"wp:featuredmedia":[{"embeddable":true,"href":"https:\/\/www.sellersunionagent.com\/pt\/wp-json\/wp\/v2\/media\/11638"}],"wp:attachment":[{"href":"https:\/\/www.sellersunionagent.com\/pt\/wp-json\/wp\/v2\/media?parent=11632"}],"wp:term":[{"taxonomy":"product_brand","embeddable":true,"href":"https:\/\/www.sellersunionagent.com\/pt\/wp-json\/wp\/v2\/product_brand?post=11632"},{"taxonomy":"product_cat","embeddable":true,"href":"https:\/\/www.sellersunionagent.com\/pt\/wp-json\/wp\/v2\/product_cat?post=11632"},{"taxonomy":"product_tag","embeddable":true,"href":"https:\/\/www.sellersunionagent.com\/pt\/wp-json\/wp\/v2\/product_tag?post=11632"}],"curies":[{"name":"wp","href":"https:\/\/api.w.org\/{rel}","templated":true}]}}