{"id":11624,"date":"2022-12-08T17:55:55","date_gmt":"2022-12-08T09:55:55","guid":{"rendered":"https:\/\/sellersunionagent.com\/?post_type=product&#038;p=11624"},"modified":"2022-12-08T17:55:55","modified_gmt":"2022-12-08T09:55:55","slug":"decorative-cotton-rope-basket-boho-nursery-decor-for-baby-toysmagazinespotted-plants-coverliving-roombedroom","status":"publish","type":"product","link":"https:\/\/www.sellersunionagent.com\/pt\/decorative-cotton-rope-basket-boho-nursery-decor-for-baby-toysmagazinespotted-plants-coverliving-roombedroom\/","title":{"rendered":"Cesta decorativa de corda de algod\u00e3o Boho para decora\u00e7\u00e3o de quarto de beb\u00ea, brinquedos, revistas, vasos de plantas, sala de estar, quarto"},"content":{"rendered":"<h2>Cesta decorativa de corda de algod\u00e3o Boho para decora\u00e7\u00e3o de quarto de beb\u00ea, brinquedos, revistas, vasos de plantas, sala de estar, quarto<\/h2>\n<p><strong>Tipo<\/strong>: Cesta de corda de algod\u00e3o<\/p>\n<div class=\"elementor-element elementor-element-c17fac7 elementor-widget elementor-widget-woocommerce-product-short-description\" data-id=\"c17fac7\" data-element_type=\"widget\" data-widget_type=\"woocommerce-product-short-description.default\">\n<div class=\"elementor-widget-container\">\n<div class=\"woocommerce-product-details__short-description\">\n<p><strong>N\u00famero do item:<\/strong> NA020<\/p>\n<p><strong>Tamanho do item<\/strong>: dia.19cm*5cm<\/p>\n<p><strong>Cores<\/strong>: Grey\/ brwon\/ yellow\/ green\/ navy blue\/ pink<\/p>\n<p><strong>Material: <\/strong>Corda de algod\u00e3o<\/p>\n<\/div>\n<\/div>\n<\/div>\n<p>&nbsp;<\/p>\n<ul>\n<li>Feito \u00e0 m\u00e3o<\/li>\n<li>Macio, dur\u00e1vel e seguro<\/li>\n<li>Design de cores neutras<\/li>\n<li>Delicado com apar\u00eancia natural<img fetchpriority=\"high\" decoding=\"async\" class=\"aligncenter wp-image-11625\" src=\"https:\/\/www.sellersunionagent.com\/wp-content\/uploads\/2022\/12\/15445728533_743064173.jpg\" alt=\"Cesta decorativa de corda de algod\u00e3o\" width=\"600\" height=\"600\" \/> <img decoding=\"async\" class=\"aligncenter wp-image-11627\" src=\"https:\/\/www.sellersunionagent.com\/wp-content\/uploads\/2022\/12\/15446379471_743064173.jpg\" alt=\"Cesta decorativa de corda de algod\u00e3o\" width=\"600\" height=\"600\" \/> <img decoding=\"async\" class=\"aligncenter wp-image-11628\" src=\"https:\/\/www.sellersunionagent.com\/wp-content\/uploads\/2022\/12\/15493828125_743064173.jpg\" alt=\"Cesta decorativa de corda de algod\u00e3o\" width=\"600\" height=\"600\" \/> <img loading=\"lazy\" decoding=\"async\" class=\"aligncenter wp-image-11630\" src=\"https:\/\/www.sellersunionagent.com\/wp-content\/uploads\/2022\/12\/15553658103_743064173.jpg\" alt=\"Cesta decorativa de corda de algod\u00e3o\" width=\"600\" height=\"600\" \/> <img loading=\"lazy\" decoding=\"async\" class=\"aligncenter wp-image-11631\" src=\"https:\/\/www.sellersunionagent.com\/wp-content\/uploads\/2022\/12\/15554462890_743064173-1.jpg\" alt=\"Cesta decorativa de corda de algod\u00e3o\" width=\"600\" height=\"600\" \/><\/li>\n<\/ul>","protected":false},"excerpt":{"rendered":"<p><strong><b>MOQ<\/b><\/strong>: 200 pe\u00e7as<br \/>\n<strong><b>Amostra gr\u00e1tis<\/b><\/strong>:  Com suporte<br \/>\n<strong><b>Personaliza\u00e7\u00e3o<\/b><\/strong>:  Tamanho\/embalagem etc.<br \/>\n<strong><b>Desconto<\/b><\/strong>:  Primeiros pedidos a partir de 10% de desconto.<br \/>\n<strong><b>Taxa de entrega no prazo<\/b><\/strong>:\u00a0 100%<br \/>\n<strong><b>Total de remessas<\/b><\/strong>:  10000 pe\u00e7as<br \/>\n<strong><b>Remessa<\/b><\/strong>: Suporte expresso - frete mar\u00edtimo - frete terrestre<\/p>","protected":false},"featured_media":11626,"comment_status":"open","ping_status":"closed","template":"","meta":{"_acf_changed":false},"product_brand":[],"product_cat":[208],"product_tag":[218,50,99],"class_list":{"0":"post-11624","1":"product","2":"type-product","3":"status-publish","4":"has-post-thumbnail","6":"product_cat-cotton-rope-basket","7":"product_tag-decorative-cotton-rope-basket","8":"product_tag-wholesale","9":"product_tag-wholesale-maker-from-china","11":"first","12":"instock","13":"shipping-taxable","14":"product-type-simple","15":"swiper-slide"},"acf":[],"_links":{"self":[{"href":"https:\/\/www.sellersunionagent.com\/pt\/wp-json\/wp\/v2\/product\/11624","targetHints":{"allow":["GET"]}}],"collection":[{"href":"https:\/\/www.sellersunionagent.com\/pt\/wp-json\/wp\/v2\/product"}],"about":[{"href":"https:\/\/www.sellersunionagent.com\/pt\/wp-json\/wp\/v2\/types\/product"}],"replies":[{"embeddable":true,"href":"https:\/\/www.sellersunionagent.com\/pt\/wp-json\/wp\/v2\/comments?post=11624"}],"wp:featuredmedia":[{"embeddable":true,"href":"https:\/\/www.sellersunionagent.com\/pt\/wp-json\/wp\/v2\/media\/11626"}],"wp:attachment":[{"href":"https:\/\/www.sellersunionagent.com\/pt\/wp-json\/wp\/v2\/media?parent=11624"}],"wp:term":[{"taxonomy":"product_brand","embeddable":true,"href":"https:\/\/www.sellersunionagent.com\/pt\/wp-json\/wp\/v2\/product_brand?post=11624"},{"taxonomy":"product_cat","embeddable":true,"href":"https:\/\/www.sellersunionagent.com\/pt\/wp-json\/wp\/v2\/product_cat?post=11624"},{"taxonomy":"product_tag","embeddable":true,"href":"https:\/\/www.sellersunionagent.com\/pt\/wp-json\/wp\/v2\/product_tag?post=11624"}],"curies":[{"name":"wp","href":"https:\/\/api.w.org\/{rel}","templated":true}]}}