{"id":11595,"date":"2022-12-08T17:14:04","date_gmt":"2022-12-08T09:14:04","guid":{"rendered":"https:\/\/sellersunionagent.com\/?post_type=product&#038;p=11595"},"modified":"2022-12-08T17:14:04","modified_gmt":"2022-12-08T09:14:04","slug":"small-cute-storage-baskets-bins-for-shelves-closet-decor","status":"publish","type":"product","link":"https:\/\/www.sellersunionagent.com\/pt\/small-cute-storage-baskets-bins-for-shelves-closet-decor\/","title":{"rendered":"Cestos de armazenamento pequenos e bonitos Caixas para prateleiras Decora\u00e7\u00e3o de arm\u00e1rios"},"content":{"rendered":"<h2>\u00a0Cestos de armazenamento pequenos e bonitos Caixas para prateleiras Decora\u00e7\u00e3o de arm\u00e1rios<\/h2>\n<p><strong>Tipo<\/strong>: Cesta de corda de algod\u00e3o<\/p>\n<div class=\"elementor-element elementor-element-c17fac7 elementor-widget elementor-widget-woocommerce-product-short-description\" data-id=\"c17fac7\" data-element_type=\"widget\" data-widget_type=\"woocommerce-product-short-description.default\">\n<div class=\"elementor-widget-container\">\n<div class=\"woocommerce-product-details__short-description\">\n<p><strong>N\u00famero do item:<\/strong> NA016<\/p>\n<p><strong>Tamanho do item<\/strong>: 19*13.5*10cm<\/p>\n<p><strong>Cores<\/strong>: Red\/ pink\/ yellow\/ navy blue<\/p>\n<p><strong>Material: <\/strong>Corda de algod\u00e3o<\/p>\n<\/div>\n<\/div>\n<\/div>\n<p>&nbsp;<\/p>\n<ul>\n<li>Feito \u00e0 m\u00e3o<\/li>\n<li>Macio, dur\u00e1vel e seguro<\/li>\n<li>Design de cores neutras<\/li>\n<li>Delicado com apar\u00eancia natural<img fetchpriority=\"high\" decoding=\"async\" class=\"aligncenter wp-image-11596\" src=\"https:\/\/www.sellersunionagent.com\/wp-content\/uploads\/2022\/12\/O1CN01IT6hg61vpj4W7oQYO_3017326222-0-cib.jpg\" alt=\"Cestas de armazenamento\" width=\"600\" height=\"600\" srcset=\"https:\/\/www.sellersunionagent.com\/wp-content\/uploads\/2022\/12\/O1CN01IT6hg61vpj4W7oQYO_3017326222-0-cib.jpg 1200w, https:\/\/www.sellersunionagent.com\/wp-content\/uploads\/2022\/12\/O1CN01IT6hg61vpj4W7oQYO_3017326222-0-cib-100x100.jpg 100w\" sizes=\"(max-width: 600px) 100vw, 600px\" \/> <img decoding=\"async\" class=\"aligncenter wp-image-11597\" src=\"https:\/\/www.sellersunionagent.com\/wp-content\/uploads\/2022\/12\/O1CN01VzHVuc1vpj4MY7AZD_3017326222-0-cib.jpg\" alt=\"Cestas de armazenamento\" width=\"600\" height=\"600\" \/> <img decoding=\"async\" class=\"aligncenter wp-image-11598\" src=\"https:\/\/www.sellersunionagent.com\/wp-content\/uploads\/2022\/12\/O1CN01wCEZIy1vpj4dCdT87_3017326222-0-cib.jpg\" alt=\"Cestas de armazenamento\" width=\"600\" height=\"600\" \/> <img loading=\"lazy\" decoding=\"async\" class=\"aligncenter wp-image-11599\" src=\"https:\/\/www.sellersunionagent.com\/wp-content\/uploads\/2022\/12\/O1CN01zJkjBo1vpj4Vwm7el_3017326222-0-cib.jpg\" alt=\"Cestas de armazenamento\" width=\"600\" height=\"600\" \/> <img loading=\"lazy\" decoding=\"async\" class=\"aligncenter wp-image-11600\" src=\"https:\/\/www.sellersunionagent.com\/wp-content\/uploads\/2022\/12\/O1CN017BaKAv1vpj4fGYOZk_3017326222-0-cib.jpg\" alt=\"Cestas de armazenamento\" width=\"600\" height=\"600\" \/><\/li>\n<\/ul>","protected":false},"excerpt":{"rendered":"<p><strong><b>MOQ<\/b><\/strong>: 200 pe\u00e7as<br \/>\n<strong><b>Amostra gr\u00e1tis<\/b><\/strong>:  Com suporte<br \/>\n<strong><b>Personaliza\u00e7\u00e3o<\/b><\/strong>:  Tamanho\/embalagem etc.<br \/>\n<strong><b>Desconto<\/b><\/strong>:  Primeiros pedidos a partir de 10% de desconto.<br \/>\n<strong><b>Taxa de entrega no prazo<\/b><\/strong>:\u00a0 100%<br \/>\n<strong><b>Total de remessas<\/b><\/strong>:  10000 pe\u00e7as<br \/>\n<strong><b>Remessa<\/b><\/strong>: Suporte expresso - frete mar\u00edtimo - frete terrestre<\/p>","protected":false},"featured_media":11598,"comment_status":"open","ping_status":"closed","template":"","meta":{"_acf_changed":false},"product_brand":[],"product_cat":[208],"product_tag":[42,73,215],"class_list":{"0":"post-11595","1":"product","2":"type-product","3":"status-publish","4":"has-post-thumbnail","6":"product_cat-cotton-rope-basket","7":"product_tag-high-quality","8":"product_tag-home-storagewholesaledurable","9":"product_tag-storage-baskets","11":"first","12":"instock","13":"shipping-taxable","14":"product-type-simple","15":"swiper-slide"},"acf":[],"_links":{"self":[{"href":"https:\/\/www.sellersunionagent.com\/pt\/wp-json\/wp\/v2\/product\/11595","targetHints":{"allow":["GET"]}}],"collection":[{"href":"https:\/\/www.sellersunionagent.com\/pt\/wp-json\/wp\/v2\/product"}],"about":[{"href":"https:\/\/www.sellersunionagent.com\/pt\/wp-json\/wp\/v2\/types\/product"}],"replies":[{"embeddable":true,"href":"https:\/\/www.sellersunionagent.com\/pt\/wp-json\/wp\/v2\/comments?post=11595"}],"wp:featuredmedia":[{"embeddable":true,"href":"https:\/\/www.sellersunionagent.com\/pt\/wp-json\/wp\/v2\/media\/11598"}],"wp:attachment":[{"href":"https:\/\/www.sellersunionagent.com\/pt\/wp-json\/wp\/v2\/media?parent=11595"}],"wp:term":[{"taxonomy":"product_brand","embeddable":true,"href":"https:\/\/www.sellersunionagent.com\/pt\/wp-json\/wp\/v2\/product_brand?post=11595"},{"taxonomy":"product_cat","embeddable":true,"href":"https:\/\/www.sellersunionagent.com\/pt\/wp-json\/wp\/v2\/product_cat?post=11595"},{"taxonomy":"product_tag","embeddable":true,"href":"https:\/\/www.sellersunionagent.com\/pt\/wp-json\/wp\/v2\/product_tag?post=11595"}],"curies":[{"name":"wp","href":"https:\/\/api.w.org\/{rel}","templated":true}]}}