{"id":11575,"date":"2022-12-08T17:06:22","date_gmt":"2022-12-08T09:06:22","guid":{"rendered":"https:\/\/sellersunionagent.com\/?post_type=product&#038;p=11575"},"modified":"2022-12-08T17:06:23","modified_gmt":"2022-12-08T09:06:23","slug":"caixa-de-armazenamento-de-4-compartimentos-no-atacado-para-armazenamento-e-organizacao","status":"publish","type":"product","link":"https:\/\/www.sellersunionagent.com\/pt\/wholesale-4-compartment-storage-box-for-storage-for-organization\/","title":{"rendered":"Caixa de armazenamento com 4 compartimentos para armazenamento e organiza\u00e7\u00e3o no atacado"},"content":{"rendered":"<h2 id=\"title\" class=\"a-size-large a-spacing-none\"><span id=\"productTitle\" class=\"a-size-large product-title-word-break\">Caixas de armazenamento multifuncionais de pl\u00e1stico para organiza\u00e7\u00e3o Prateleiras de banheiro e cozinha<\/span><\/h2>\n<p>\u3010Design simples\u3011<br \/>\n\u3010Empilh\u00e1vel para economizar espa\u00e7o\u3011<br \/>\n\u3010Organizador de armazenamento dom\u00e9stico ideal\u3011<br \/>\n\u3010Mantenha-se limpo e arrumado\u3011<\/p>\n<p style=\"text-align: center\"><strong><b>Tipo<\/b><\/strong>: Armazenamento dom\u00e9stico<\/p>\n<p style=\"text-align: center\"><strong><b>N\u00famero do item:<\/b><\/strong> OX-06<\/p>\n<p style=\"text-align: center\"><strong><b>Peso do item<\/b><\/strong>: 150g<\/p>\n<p style=\"text-align: center\"><strong><b>Cores<\/b><\/strong>: Azul\/amarelo\/carne profunda\/rosa<\/p>\n<p style=\"text-align: center\"><img fetchpriority=\"high\" decoding=\"async\" class=\"aligncenter wp-image-11586\" src=\"https:\/\/www.sellersunionagent.com\/wp-content\/uploads\/2022\/12\/16514390120_256440348.jpg\" alt=\"atacado\" width=\"600\" height=\"600\" \/> <img decoding=\"async\" class=\"wp-image-11584 aligncenter\" src=\"https:\/\/www.sellersunionagent.com\/wp-content\/uploads\/2022\/12\/16514381588_256440348.jpg\" alt=\"atacado\" width=\"600\" height=\"600\" \/> <img decoding=\"async\" class=\"alignnone wp-image-11583\" src=\"https:\/\/www.sellersunionagent.com\/wp-content\/uploads\/2022\/12\/16448197588_256440348.jpg\" alt=\"atacado\" width=\"600\" height=\"600\" \/><\/p>","protected":false},"excerpt":{"rendered":"<p><strong><b>MOQ<\/b><\/strong>:  1000 pe\u00e7as<br \/>\n<strong><b>Amostra gr\u00e1tis<\/b><\/strong>:  Com suporte<br \/>\n<strong><b>Personaliza\u00e7\u00e3o<\/b><\/strong>: logotipo \/ cor \/ materiais \/ embalagem etc.<br \/>\n<strong><b>Desconto<\/b><\/strong>:  Primeiros pedidos a partir de 10% de desconto.<br \/>\n<strong><b>Taxa de entrega no prazo<\/b><\/strong>:\u00a0 100%<br \/>\n<strong><b>Total de remessas<\/b><\/strong>:  10000 pe\u00e7as<br \/>\n<strong><b>Remessa<\/b><\/strong>: Suporte expresso - frete mar\u00edtimo - frete terrestre<\/p>","protected":false},"featured_media":11585,"comment_status":"open","ping_status":"closed","template":"","meta":{"_acf_changed":false},"product_brand":[],"product_cat":[31],"product_tag":[87,73],"class_list":{"0":"post-11575","1":"product","2":"type-product","3":"status-publish","4":"has-post-thumbnail","6":"product_cat-home-storage","7":"product_tag-bulk-wholesale","8":"product_tag-home-storagewholesaledurable","10":"first","11":"instock","12":"shipping-taxable","13":"product-type-simple","14":"swiper-slide"},"acf":[],"_links":{"self":[{"href":"https:\/\/www.sellersunionagent.com\/pt\/wp-json\/wp\/v2\/product\/11575","targetHints":{"allow":["GET"]}}],"collection":[{"href":"https:\/\/www.sellersunionagent.com\/pt\/wp-json\/wp\/v2\/product"}],"about":[{"href":"https:\/\/www.sellersunionagent.com\/pt\/wp-json\/wp\/v2\/types\/product"}],"replies":[{"embeddable":true,"href":"https:\/\/www.sellersunionagent.com\/pt\/wp-json\/wp\/v2\/comments?post=11575"}],"wp:featuredmedia":[{"embeddable":true,"href":"https:\/\/www.sellersunionagent.com\/pt\/wp-json\/wp\/v2\/media\/11585"}],"wp:attachment":[{"href":"https:\/\/www.sellersunionagent.com\/pt\/wp-json\/wp\/v2\/media?parent=11575"}],"wp:term":[{"taxonomy":"product_brand","embeddable":true,"href":"https:\/\/www.sellersunionagent.com\/pt\/wp-json\/wp\/v2\/product_brand?post=11575"},{"taxonomy":"product_cat","embeddable":true,"href":"https:\/\/www.sellersunionagent.com\/pt\/wp-json\/wp\/v2\/product_cat?post=11575"},{"taxonomy":"product_tag","embeddable":true,"href":"https:\/\/www.sellersunionagent.com\/pt\/wp-json\/wp\/v2\/product_tag?post=11575"}],"curies":[{"name":"wp","href":"https:\/\/api.w.org\/{rel}","templated":true}]}}