{"id":11509,"date":"2022-12-08T14:51:18","date_gmt":"2022-12-08T06:51:18","guid":{"rendered":"https:\/\/sellersunionagent.com\/?post_type=product&#038;p=11509"},"modified":"2022-12-08T14:51:18","modified_gmt":"2022-12-08T06:51:18","slug":"organizador-de-sapatos-de-combinacao-livre-para-armario","status":"publish","type":"product","link":"https:\/\/www.sellersunionagent.com\/pt\/wholesale-shoe-rack-free-combination-shoe-organizer-for-closet\/","title":{"rendered":"Sapateira por atacado Organizador de sapatos de combina\u00e7\u00e3o livre para arm\u00e1rios"},"content":{"rendered":"<h2>Organizador pl\u00e1stico de prateleiras empilh\u00e1veis para sapatos para a entrada, Mini Shoe Stacker Shoe Slots<\/h2>\n<p>\u3010Qualidade Premium Dur\u00e1vel\u3011<br \/>\n\u3010Combina\u00e7\u00e3o livre\u3011<br \/>\n\u3010Resistente e dur\u00e1vel\u3011<br \/>\n\u3010Armazenamento com economia de espa\u00e7o\u3011<br \/>\n\u3010Satisfa\u00e7\u00e3o\u3011<\/p>\n<p style=\"text-align: center\"><strong><b>Tipo<\/b><\/strong>: Armazenamento dom\u00e9stico<\/p>\n<p style=\"text-align: center\"><strong><b>N\u00famero do item:<\/b><\/strong> OX-21<\/p>\n<p style=\"text-align: center\"><strong><b>Peso do item<\/b><\/strong>: 98g<\/p>\n<p style=\"text-align: center\"><strong><b>Cores<\/b><\/strong>: Branco\/rosa\/verde\/azul\/bege\/preto<\/p>\n<p style=\"text-align: center\"><img fetchpriority=\"high\" decoding=\"async\" class=\"alignnone wp-image-11525\" src=\"https:\/\/www.sellersunionagent.com\/wp-content\/uploads\/2022\/12\/16681625712_256440348.jpg\" alt=\"atacado\" width=\"600\" height=\"600\" \/> <img decoding=\"async\" class=\"aligncenter wp-image-11524\" src=\"https:\/\/www.sellersunionagent.com\/wp-content\/uploads\/2022\/12\/16613563762_256440348.jpg\" alt=\"atacado\" width=\"600\" height=\"600\" \/> <img decoding=\"async\" class=\"aligncenter wp-image-11523\" src=\"https:\/\/www.sellersunionagent.com\/wp-content\/uploads\/2022\/12\/16560663147_256440348.jpg\" alt=\"atacado\" width=\"600\" height=\"600\" \/> <img loading=\"lazy\" decoding=\"async\" class=\"aligncenter wp-image-11522\" src=\"https:\/\/www.sellersunionagent.com\/wp-content\/uploads\/2022\/12\/16560609851_256440348.jpg\" alt=\"atacado\" width=\"600\" height=\"600\" \/><\/p>","protected":false},"excerpt":{"rendered":"<p><strong><b>MOQ<\/b><\/strong>:  1000 pe\u00e7as<br \/>\n<strong><b>Amostra gr\u00e1tis<\/b><\/strong>:  Com suporte<br \/>\n<strong><b>Personaliza\u00e7\u00e3o<\/b><\/strong>: logotipo \/ cor \/ materiais \/ embalagem etc.<br \/>\n<strong><b>Desconto<\/b><\/strong>:  Primeiros pedidos a partir de 10% de desconto.<br \/>\n<strong><b>Taxa de entrega no prazo<\/b><\/strong>:\u00a0 100%<br \/>\n<strong><b>Total de remessas<\/b><\/strong>:  10000 pe\u00e7as<br \/>\n<strong><b>Remessa<\/b><\/strong>: Suporte expresso - frete mar\u00edtimo - frete terrestre<\/p>","protected":false},"featured_media":11527,"comment_status":"open","ping_status":"closed","template":"","meta":{"_acf_changed":false},"product_brand":[],"product_cat":[31],"product_tag":[73,47],"class_list":{"0":"post-11509","1":"product","2":"type-product","3":"status-publish","4":"has-post-thumbnail","6":"product_cat-home-storage","7":"product_tag-home-storagewholesaledurable","8":"product_tag-hot-sale","10":"first","11":"instock","12":"shipping-taxable","13":"product-type-simple","14":"swiper-slide"},"acf":[],"_links":{"self":[{"href":"https:\/\/www.sellersunionagent.com\/pt\/wp-json\/wp\/v2\/product\/11509","targetHints":{"allow":["GET"]}}],"collection":[{"href":"https:\/\/www.sellersunionagent.com\/pt\/wp-json\/wp\/v2\/product"}],"about":[{"href":"https:\/\/www.sellersunionagent.com\/pt\/wp-json\/wp\/v2\/types\/product"}],"replies":[{"embeddable":true,"href":"https:\/\/www.sellersunionagent.com\/pt\/wp-json\/wp\/v2\/comments?post=11509"}],"wp:featuredmedia":[{"embeddable":true,"href":"https:\/\/www.sellersunionagent.com\/pt\/wp-json\/wp\/v2\/media\/11527"}],"wp:attachment":[{"href":"https:\/\/www.sellersunionagent.com\/pt\/wp-json\/wp\/v2\/media?parent=11509"}],"wp:term":[{"taxonomy":"product_brand","embeddable":true,"href":"https:\/\/www.sellersunionagent.com\/pt\/wp-json\/wp\/v2\/product_brand?post=11509"},{"taxonomy":"product_cat","embeddable":true,"href":"https:\/\/www.sellersunionagent.com\/pt\/wp-json\/wp\/v2\/product_cat?post=11509"},{"taxonomy":"product_tag","embeddable":true,"href":"https:\/\/www.sellersunionagent.com\/pt\/wp-json\/wp\/v2\/product_tag?post=11509"}],"curies":[{"name":"wp","href":"https:\/\/api.w.org\/{rel}","templated":true}]}}