{"id":11389,"date":"2022-12-01T11:17:56","date_gmt":"2022-12-01T03:17:56","guid":{"rendered":"https:\/\/sellersunionagent.com\/?post_type=product&#038;p=11389"},"modified":"2022-12-01T11:17:56","modified_gmt":"2022-12-01T03:17:56","slug":"simple-cotton-rope-woven-tissue-box-holder","status":"publish","type":"product","link":"https:\/\/www.sellersunionagent.com\/pt\/simple-cotton-rope-woven-tissue-box-holder\/","title":{"rendered":"Suporte para caixa de len\u00e7os de papel em tecido de corda de algod\u00e3o simples"},"content":{"rendered":"<h2>Suporte para caixa de len\u00e7os de papel em tecido de corda de algod\u00e3o simples<\/h2>\n<p><strong>Tipo<\/strong>: Cotton Rope Tissue Box Holder<\/p>\n<div class=\"elementor-element elementor-element-c17fac7 elementor-widget elementor-widget-woocommerce-product-short-description\" data-id=\"c17fac7\" data-element_type=\"widget\" data-widget_type=\"woocommerce-product-short-description.default\">\n<div class=\"elementor-widget-container\">\n<div class=\"woocommerce-product-details__short-description\">\n<p><strong>N\u00famero do item:<\/strong> NA003<\/p>\n<p><strong>Tamanho do item<\/strong>: 19*13.5*10cm<\/p>\n<p><strong>Cores<\/strong>: Cinza\/ branco\/ marrom<\/p>\n<p><strong>Material: <\/strong>Corda de algod\u00e3o<\/p>\n<\/div>\n<\/div>\n<\/div>\n<p>&nbsp;<\/p>\n<ul>\n<li>Feito \u00e0 m\u00e3o<\/li>\n<li>Macio, dur\u00e1vel e seguro<\/li>\n<li>Design de cores neutras<\/li>\n<li>Delicado com apar\u00eancia natural<\/li>\n<li>Grande capacidade<img fetchpriority=\"high\" decoding=\"async\" class=\"aligncenter wp-image-11394\" src=\"https:\/\/www.sellersunionagent.com\/wp-content\/uploads\/2022\/12\/O1CN019USldO1vpj4BAeSzn_3017326222-0-cib.jpg\" alt=\"Cesta de tecido da China\" width=\"600\" height=\"600\" \/> <img decoding=\"async\" class=\"aligncenter wp-image-11393\" src=\"https:\/\/www.sellersunionagent.com\/wp-content\/uploads\/2022\/12\/O1CN01KvFY3m1vpj4GygKyC_3017326222-0-cib.jpg\" alt=\"Cesta de tecido da China\" width=\"600\" height=\"600\" \/> <img decoding=\"async\" class=\"aligncenter wp-image-11392\" src=\"https:\/\/www.sellersunionagent.com\/wp-content\/uploads\/2022\/12\/O1CN01gDFtJG1vpj4DbZKax_3017326222-0-cib.jpg\" alt=\"Cesta de tecido da China\" width=\"600\" height=\"600\" \/> <img loading=\"lazy\" decoding=\"async\" class=\"aligncenter wp-image-11391\" src=\"https:\/\/www.sellersunionagent.com\/wp-content\/uploads\/2022\/12\/O1CN01cZuo4v1vpj4EEgpdV_3017326222-0-cib.jpg\" alt=\"Cesta de tecido da China\" width=\"600\" height=\"600\" \/> <img loading=\"lazy\" decoding=\"async\" class=\"aligncenter wp-image-11390\" src=\"https:\/\/www.sellersunionagent.com\/wp-content\/uploads\/2022\/12\/O1CN01C0KjCU1vpj44876N4_3017326222-0-cib.jpg\" alt=\"Cesta de tecido da China\" width=\"600\" height=\"600\" \/><\/li>\n<\/ul>","protected":false},"excerpt":{"rendered":"<p><strong><b>MOQ<\/b><\/strong>: 200 pe\u00e7as<br \/>\n<strong><b>Amostra gr\u00e1tis<\/b><\/strong>:  Com suporte<br \/>\n<strong><b>Personaliza\u00e7\u00e3o<\/b><\/strong>:  Tamanho\/embalagem etc.<br \/>\n<strong><b>Desconto<\/b><\/strong>:  Primeiros pedidos a partir de 10% de desconto.<br \/>\n<strong><b>Taxa de entrega no prazo<\/b><\/strong>:\u00a0 100%<br \/>\n<strong><b>Total de remessas<\/b><\/strong>:  10000 pe\u00e7as<br \/>\n<strong><b>Remessa<\/b><\/strong>: Suporte expresso - frete mar\u00edtimo - frete terrestre<\/p>","protected":false},"featured_media":11391,"comment_status":"open","ping_status":"closed","template":"","meta":{"_acf_changed":false},"product_brand":[],"product_cat":[208],"product_tag":[212,199,42],"class_list":{"0":"post-11389","1":"product","2":"type-product","3":"status-publish","4":"has-post-thumbnail","6":"product_cat-cotton-rope-basket","7":"product_tag-china-woven","8":"product_tag-hand-made","9":"product_tag-high-quality","11":"first","12":"instock","13":"shipping-taxable","14":"product-type-simple","15":"swiper-slide"},"acf":[],"_links":{"self":[{"href":"https:\/\/www.sellersunionagent.com\/pt\/wp-json\/wp\/v2\/product\/11389","targetHints":{"allow":["GET"]}}],"collection":[{"href":"https:\/\/www.sellersunionagent.com\/pt\/wp-json\/wp\/v2\/product"}],"about":[{"href":"https:\/\/www.sellersunionagent.com\/pt\/wp-json\/wp\/v2\/types\/product"}],"replies":[{"embeddable":true,"href":"https:\/\/www.sellersunionagent.com\/pt\/wp-json\/wp\/v2\/comments?post=11389"}],"wp:featuredmedia":[{"embeddable":true,"href":"https:\/\/www.sellersunionagent.com\/pt\/wp-json\/wp\/v2\/media\/11391"}],"wp:attachment":[{"href":"https:\/\/www.sellersunionagent.com\/pt\/wp-json\/wp\/v2\/media?parent=11389"}],"wp:term":[{"taxonomy":"product_brand","embeddable":true,"href":"https:\/\/www.sellersunionagent.com\/pt\/wp-json\/wp\/v2\/product_brand?post=11389"},{"taxonomy":"product_cat","embeddable":true,"href":"https:\/\/www.sellersunionagent.com\/pt\/wp-json\/wp\/v2\/product_cat?post=11389"},{"taxonomy":"product_tag","embeddable":true,"href":"https:\/\/www.sellersunionagent.com\/pt\/wp-json\/wp\/v2\/product_tag?post=11389"}],"curies":[{"name":"wp","href":"https:\/\/api.w.org\/{rel}","templated":true}]}}