{"id":11335,"date":"2022-11-30T17:36:26","date_gmt":"2022-11-30T09:36:26","guid":{"rendered":"https:\/\/sellersunionagent.com\/?post_type=product&#038;p=11335"},"modified":"2022-12-01T11:23:22","modified_gmt":"2022-12-01T03:23:22","slug":"conjunto-de-cestas-de-armazenamento-de-3-pecas-com-corda-de-canhamo-para-organizacao","status":"publish","type":"product","link":"https:\/\/www.sellersunionagent.com\/pt\/3-piece-storage-basket-set-hemp-rope-woven-baskets-for-organizing\/","title":{"rendered":"Conjunto de cestas de armazenamento com 3 pe\u00e7as - Cestas de tecido de corda de c\u00e2nhamo para organiza\u00e7\u00e3o"},"content":{"rendered":"<h2>\u00a0Conjunto de cestas de armazenamento com 3 pe\u00e7as - Cestas de tecido de corda de c\u00e2nhamo para organiza\u00e7\u00e3o<\/h2>\n<p><strong>Tipo<\/strong>: Cestas<\/p>\n<div class=\"elementor-element elementor-element-c17fac7 elementor-widget elementor-widget-woocommerce-product-short-description\" data-id=\"c17fac7\" data-element_type=\"widget\" data-widget_type=\"woocommerce-product-short-description.default\">\n<div class=\"elementor-widget-container\">\n<div class=\"woocommerce-product-details__short-description\">\n<p><strong>N\u00famero do item:<\/strong> NA002<\/p>\n<p><strong>Tamanho do item<\/strong>:<\/p>\n<p>S: dia. 16cm*H10cm\uff0c0,15kg;<\/p>\n<p>M: dia. 20,5cm*H10cm\uff0c0,2kg<\/p>\n<p>L: dia. 25cm*H11,5cm\uff0c0,3kg<\/p>\n<p><strong>Cores<\/strong>: Natureza<\/p>\n<p><strong>Material: <\/strong>Corda de c\u00e2nhamo<\/p>\n<\/div>\n<\/div>\n<\/div>\n<p>&nbsp;<\/p>\n<ul>\n<li>Feito \u00e0 m\u00e3o<\/li>\n<li>Dur\u00e1vel e seguro<\/li>\n<li>Design de cores neutras<\/li>\n<li>Delicado com apar\u00eancia natural<\/li>\n<li>\u00d3tima op\u00e7\u00e3o para decorar e organizar<\/li>\n<\/ul>\n<p><img fetchpriority=\"high\" decoding=\"async\" class=\"aligncenter wp-image-11339\" src=\"https:\/\/www.sellersunionagent.com\/wp-content\/uploads\/2022\/11\/12501207575_743064173.jpg\" alt=\"Cesta de armazenamento\" width=\"600\" height=\"600\" \/> <img decoding=\"async\" class=\"aligncenter wp-image-11337\" src=\"https:\/\/www.sellersunionagent.com\/wp-content\/uploads\/2022\/11\/12541036575_743064173.jpg\" alt=\"Cesta de armazenamento\" width=\"600\" height=\"600\" \/> <img decoding=\"async\" class=\"aligncenter wp-image-11336\" src=\"https:\/\/www.sellersunionagent.com\/wp-content\/uploads\/2022\/11\/12578336796_743064173.jpg\" alt=\"Cesta de armazenamento\" width=\"600\" height=\"600\" \/><\/p>\n<p>&nbsp;<\/p>\n<p>&nbsp;<\/p>\n<p>&nbsp;<\/p>","protected":false},"excerpt":{"rendered":"<p><strong><b>MOQ<\/b><\/strong>: 200 pe\u00e7as<br \/>\n<strong><b>Amostra gr\u00e1tis<\/b><\/strong>:  Com suporte<br \/>\n<strong><b>Personaliza\u00e7\u00e3o<\/b><\/strong>:  Tamanho\/embalagem etc.<br \/>\n<strong><b>Desconto<\/b><\/strong>:  Primeiros pedidos a partir de 10% de desconto.<br \/>\n<strong><b>Taxa de entrega no prazo<\/b><\/strong>:\u00a0 100%<br \/>\n<strong><b>Total de remessas<\/b><\/strong>:  10000 pe\u00e7as<br \/>\n<strong><b>Remessa<\/b><\/strong>: Suporte expresso - frete mar\u00edtimo - frete terrestre<\/p>","protected":false},"featured_media":11337,"comment_status":"open","ping_status":"closed","template":"","meta":{"_acf_changed":false},"product_brand":[],"product_cat":[208],"product_tag":[42,79,191],"class_list":{"0":"post-11335","1":"product","2":"type-product","3":"status-publish","4":"has-post-thumbnail","6":"product_cat-cotton-rope-basket","7":"product_tag-high-quality","8":"product_tag-organization","9":"product_tag-storage-basket","11":"first","12":"instock","13":"shipping-taxable","14":"product-type-simple","15":"swiper-slide"},"acf":[],"_links":{"self":[{"href":"https:\/\/www.sellersunionagent.com\/pt\/wp-json\/wp\/v2\/product\/11335","targetHints":{"allow":["GET"]}}],"collection":[{"href":"https:\/\/www.sellersunionagent.com\/pt\/wp-json\/wp\/v2\/product"}],"about":[{"href":"https:\/\/www.sellersunionagent.com\/pt\/wp-json\/wp\/v2\/types\/product"}],"replies":[{"embeddable":true,"href":"https:\/\/www.sellersunionagent.com\/pt\/wp-json\/wp\/v2\/comments?post=11335"}],"wp:featuredmedia":[{"embeddable":true,"href":"https:\/\/www.sellersunionagent.com\/pt\/wp-json\/wp\/v2\/media\/11337"}],"wp:attachment":[{"href":"https:\/\/www.sellersunionagent.com\/pt\/wp-json\/wp\/v2\/media?parent=11335"}],"wp:term":[{"taxonomy":"product_brand","embeddable":true,"href":"https:\/\/www.sellersunionagent.com\/pt\/wp-json\/wp\/v2\/product_brand?post=11335"},{"taxonomy":"product_cat","embeddable":true,"href":"https:\/\/www.sellersunionagent.com\/pt\/wp-json\/wp\/v2\/product_cat?post=11335"},{"taxonomy":"product_tag","embeddable":true,"href":"https:\/\/www.sellersunionagent.com\/pt\/wp-json\/wp\/v2\/product_tag?post=11335"}],"curies":[{"name":"wp","href":"https:\/\/api.w.org\/{rel}","templated":true}]}}