{"id":11316,"date":"2022-11-30T17:14:57","date_gmt":"2022-11-30T09:14:57","guid":{"rendered":"https:\/\/sellersunionagent.com\/?post_type=product&#038;p=11316"},"modified":"2022-12-01T11:23:53","modified_gmt":"2022-12-01T03:23:53","slug":"cesta-de-tecido-de-corda-de-algodao-no-atacado-da-china","status":"publish","type":"product","link":"https:\/\/www.sellersunionagent.com\/pt\/china-wholesale-cotton-rope-woven-basket\/","title":{"rendered":"Cesta de tecido de corda de algod\u00e3o no atacado da China"},"content":{"rendered":"<h2>Cesta de tecido de corda de algod\u00e3o no atacado da China<\/h2>\n<p><strong>Tipo<\/strong>: Cestas de corda de algod\u00e3o<\/p>\n<div class=\"elementor-element elementor-element-c17fac7 elementor-widget elementor-widget-woocommerce-product-short-description\" data-id=\"c17fac7\" data-element_type=\"widget\" data-widget_type=\"woocommerce-product-short-description.default\">\n<div class=\"elementor-widget-container\">\n<div class=\"woocommerce-product-details__short-description\">\n<p><strong>N\u00famero do item:<\/strong> NA002<\/p>\n<p><strong>Tamanho do item<\/strong>: 16,5*9cm<\/p>\n<p><strong>Cores<\/strong>: Rosa\/ marrom\/ cinza\/ branco\/ azul\/ verde<\/p>\n<p><strong>Material:<\/strong>Corda de algod\u00e3o<\/p>\n<\/div>\n<\/div>\n<\/div>\n<p>&nbsp;<\/p>\n<ul>\n<li>Feito \u00e0 m\u00e3o<\/li>\n<li>Dur\u00e1vel e seguro<\/li>\n<li>Design de cores neutras<\/li>\n<li>Delicado com apar\u00eancia natural<\/li>\n<li>Grande capacidade<\/li>\n<li>\u00d3tima op\u00e7\u00e3o para decorar e organizar<img fetchpriority=\"high\" decoding=\"async\" class=\"aligncenter wp-image-11325\" src=\"https:\/\/www.sellersunionagent.com\/wp-content\/uploads\/2022\/11\/23399432700_743064173.jpg\" alt=\"Atacado da China\" width=\"600\" height=\"600\" \/> <img decoding=\"async\" class=\"aligncenter wp-image-11324\" src=\"https:\/\/www.sellersunionagent.com\/wp-content\/uploads\/2022\/11\/23302075704_743064173.jpg\" alt=\"Atacado da China\" width=\"600\" height=\"600\" \/> <img decoding=\"async\" class=\"aligncenter wp-image-11323\" src=\"https:\/\/www.sellersunionagent.com\/wp-content\/uploads\/2022\/11\/23301955747_743064173.jpg\" alt=\"Atacado da China\" width=\"600\" height=\"600\" \/> <img loading=\"lazy\" decoding=\"async\" class=\"aligncenter wp-image-11322\" src=\"https:\/\/www.sellersunionagent.com\/wp-content\/uploads\/2022\/11\/23215572025_743064173.jpg\" alt=\"Atacado da China\" width=\"600\" height=\"600\" \/> <img loading=\"lazy\" decoding=\"async\" class=\"aligncenter wp-image-11321\" src=\"https:\/\/www.sellersunionagent.com\/wp-content\/uploads\/2022\/11\/22814959037_743064173.jpg\" alt=\"Atacado da China\" width=\"600\" height=\"600\" \/> <img loading=\"lazy\" decoding=\"async\" class=\"aligncenter wp-image-11319\" src=\"https:\/\/www.sellersunionagent.com\/wp-content\/uploads\/2022\/11\/12446171861_743064173.jpg\" alt=\"Atacado da China\" width=\"600\" height=\"600\" \/> <img loading=\"lazy\" decoding=\"async\" class=\"aligncenter wp-image-11318\" src=\"https:\/\/www.sellersunionagent.com\/wp-content\/uploads\/2022\/11\/12409609193_743064173.jpg\" alt=\"Atacado da China\" width=\"600\" height=\"600\" \/><\/li>\n<\/ul>","protected":false},"excerpt":{"rendered":"<p><strong><b>MOQ<\/b><\/strong>: 200 pe\u00e7as<br \/>\n<strong><b>Amostra gr\u00e1tis<\/b><\/strong>:  Com suporte<br \/>\n<strong><b>Personaliza\u00e7\u00e3o<\/b><\/strong>:  Tamanho\/embalagem etc.<br \/>\n<strong><b>Desconto<\/b><\/strong>:  Primeiros pedidos a partir de 10% de desconto.<br \/>\n<strong><b>Taxa de entrega no prazo<\/b><\/strong>:\u00a0 100%<br \/>\n<strong><b>Total de remessas<\/b><\/strong>:  10000 pe\u00e7as<br \/>\n<strong><b>Remessa<\/b><\/strong>: Suporte expresso - frete mar\u00edtimo - frete terrestre<\/p>","protected":false},"featured_media":11325,"comment_status":"open","ping_status":"closed","template":"","meta":{"_acf_changed":false},"product_brand":[],"product_cat":[208],"product_tag":[204,205,93],"class_list":{"0":"post-11316","1":"product","2":"type-product","3":"status-publish","4":"has-post-thumbnail","6":"product_cat-cotton-rope-basket","7":"product_tag-china-wholesale","8":"product_tag-soft","9":"product_tag-storage","11":"first","12":"instock","13":"shipping-taxable","14":"product-type-simple","15":"swiper-slide"},"acf":[],"_links":{"self":[{"href":"https:\/\/www.sellersunionagent.com\/pt\/wp-json\/wp\/v2\/product\/11316","targetHints":{"allow":["GET"]}}],"collection":[{"href":"https:\/\/www.sellersunionagent.com\/pt\/wp-json\/wp\/v2\/product"}],"about":[{"href":"https:\/\/www.sellersunionagent.com\/pt\/wp-json\/wp\/v2\/types\/product"}],"replies":[{"embeddable":true,"href":"https:\/\/www.sellersunionagent.com\/pt\/wp-json\/wp\/v2\/comments?post=11316"}],"wp:featuredmedia":[{"embeddable":true,"href":"https:\/\/www.sellersunionagent.com\/pt\/wp-json\/wp\/v2\/media\/11325"}],"wp:attachment":[{"href":"https:\/\/www.sellersunionagent.com\/pt\/wp-json\/wp\/v2\/media?parent=11316"}],"wp:term":[{"taxonomy":"product_brand","embeddable":true,"href":"https:\/\/www.sellersunionagent.com\/pt\/wp-json\/wp\/v2\/product_brand?post=11316"},{"taxonomy":"product_cat","embeddable":true,"href":"https:\/\/www.sellersunionagent.com\/pt\/wp-json\/wp\/v2\/product_cat?post=11316"},{"taxonomy":"product_tag","embeddable":true,"href":"https:\/\/www.sellersunionagent.com\/pt\/wp-json\/wp\/v2\/product_tag?post=11316"}],"curies":[{"name":"wp","href":"https:\/\/api.w.org\/{rel}","templated":true}]}}