{"id":11308,"date":"2022-11-30T17:08:50","date_gmt":"2022-11-30T09:08:50","guid":{"rendered":"https:\/\/sellersunionagent.com\/?post_type=product&#038;p=11308"},"modified":"2022-12-01T11:27:47","modified_gmt":"2022-12-01T03:27:47","slug":"cotton-rope-woven-basket-for-shelves-toys-book-cloth-storage","status":"publish","type":"product","link":"https:\/\/www.sellersunionagent.com\/pt\/cotton-rope-woven-basket-for-shelves-toys-book-cloth-storage\/","title":{"rendered":"Cotton Rope Woven Basket for Shelves ,Toys ,Book, Cloth Storage"},"content":{"rendered":"<h2>Cotton Rope Woven Basket for Shelves ,Toys ,Book, Cloth Storage<\/h2>\n<p><strong>Tipo<\/strong>: Cestas de corda de algod\u00e3o<\/p>\n<div class=\"elementor-element elementor-element-c17fac7 elementor-widget elementor-widget-woocommerce-product-short-description\" data-id=\"c17fac7\" data-element_type=\"widget\" data-widget_type=\"woocommerce-product-short-description.default\">\n<div class=\"elementor-widget-container\">\n<div class=\"woocommerce-product-details__short-description\">\n<p><strong>N\u00famero do item:<\/strong> NA001<\/p>\n<p><strong>Tamanho do item<\/strong>: S\uff1a23*13*7cm, 150g; M\uff1a26*16*8cm, 200g; L: 30*17*9cm, 260g<\/p>\n<p><strong>Cores<\/strong>: Brown\/ grey\/ white<\/p>\n<p><strong>Material:<\/strong>Corda de algod\u00e3o<\/p>\n<\/div>\n<\/div>\n<\/div>\n<p>&nbsp;<\/p>\n<ul>\n<li>Feito \u00e0 m\u00e3o<\/li>\n<li>Dur\u00e1vel e seguro<\/li>\n<li>Design de cores neutras<\/li>\n<li>Delicado com apar\u00eancia natural<\/li>\n<li>Grande capacidade<\/li>\n<li>\u00d3tima op\u00e7\u00e3o para decorar e organizar<img fetchpriority=\"high\" decoding=\"async\" class=\"aligncenter wp-image-11311\" src=\"https:\/\/www.sellersunionagent.com\/wp-content\/uploads\/2022\/11\/O1CN01oZcJfc1vpj33xVBZQ_3017326222-0-cib.jpg\" alt=\"Cesta de tecido de corda de algod\u00e3o\" width=\"600\" height=\"600\" \/> <img decoding=\"async\" class=\"aligncenter wp-image-11312\" src=\"https:\/\/www.sellersunionagent.com\/wp-content\/uploads\/2022\/11\/O1CN01pVIKtl1vpj386X5oa_3017326222-0-cib.jpg\" alt=\"\" width=\"600\" height=\"600\" \/> <img decoding=\"async\" class=\"aligncenter wp-image-11313\" src=\"https:\/\/www.sellersunionagent.com\/wp-content\/uploads\/2022\/11\/O1CN01q3fMzx1vpj3CO0NjZ_3017326222-0-cib.jpg\" alt=\"\" width=\"600\" height=\"600\" \/> <img loading=\"lazy\" decoding=\"async\" class=\"aligncenter wp-image-11314\" src=\"https:\/\/www.sellersunionagent.com\/wp-content\/uploads\/2022\/11\/O1CN01XKWKy41vpj39rMJ6V_3017326222-0-cib.jpg\" alt=\"\" width=\"600\" height=\"600\" \/> <img loading=\"lazy\" decoding=\"async\" class=\"aligncenter wp-image-11315\" src=\"https:\/\/www.sellersunionagent.com\/wp-content\/uploads\/2022\/11\/O1CN01zQqoQZ1vpj35XANPU_3017326222-0-cib.jpg\" alt=\"\" width=\"600\" height=\"600\" \/><\/li>\n<\/ul>","protected":false},"excerpt":{"rendered":"<p><strong><b>MOQ<\/b><\/strong>: 200 pe\u00e7as<br \/>\n<strong><b>Amostra gr\u00e1tis<\/b><\/strong>:  Com suporte<br \/>\n<strong><b>Personaliza\u00e7\u00e3o<\/b><\/strong>:  Tamanho\/embalagem etc.<br \/>\n<strong><b>Desconto<\/b><\/strong>:  Primeiros pedidos a partir de 10% de desconto.<br \/>\n<strong><b>Taxa de entrega no prazo<\/b><\/strong>:\u00a0 100%<br \/>\n<strong><b>Total de remessas<\/b><\/strong>:  10000 pe\u00e7as<br \/>\n<strong><b>Remessa<\/b><\/strong>: Suporte expresso - frete mar\u00edtimo - frete terrestre<\/p>","protected":false},"featured_media":11312,"comment_status":"open","ping_status":"closed","template":"","meta":{"_acf_changed":false},"product_brand":[],"product_cat":[208],"product_tag":[87,73,99],"class_list":{"0":"post-11308","1":"product","2":"type-product","3":"status-publish","4":"has-post-thumbnail","6":"product_cat-cotton-rope-basket","7":"product_tag-bulk-wholesale","8":"product_tag-home-storagewholesaledurable","9":"product_tag-wholesale-maker-from-china","11":"first","12":"instock","13":"shipping-taxable","14":"product-type-simple","15":"swiper-slide"},"acf":[],"_links":{"self":[{"href":"https:\/\/www.sellersunionagent.com\/pt\/wp-json\/wp\/v2\/product\/11308","targetHints":{"allow":["GET"]}}],"collection":[{"href":"https:\/\/www.sellersunionagent.com\/pt\/wp-json\/wp\/v2\/product"}],"about":[{"href":"https:\/\/www.sellersunionagent.com\/pt\/wp-json\/wp\/v2\/types\/product"}],"replies":[{"embeddable":true,"href":"https:\/\/www.sellersunionagent.com\/pt\/wp-json\/wp\/v2\/comments?post=11308"}],"wp:featuredmedia":[{"embeddable":true,"href":"https:\/\/www.sellersunionagent.com\/pt\/wp-json\/wp\/v2\/media\/11312"}],"wp:attachment":[{"href":"https:\/\/www.sellersunionagent.com\/pt\/wp-json\/wp\/v2\/media?parent=11308"}],"wp:term":[{"taxonomy":"product_brand","embeddable":true,"href":"https:\/\/www.sellersunionagent.com\/pt\/wp-json\/wp\/v2\/product_brand?post=11308"},{"taxonomy":"product_cat","embeddable":true,"href":"https:\/\/www.sellersunionagent.com\/pt\/wp-json\/wp\/v2\/product_cat?post=11308"},{"taxonomy":"product_tag","embeddable":true,"href":"https:\/\/www.sellersunionagent.com\/pt\/wp-json\/wp\/v2\/product_tag?post=11308"}],"curies":[{"name":"wp","href":"https:\/\/api.w.org\/{rel}","templated":true}]}}