{"id":11216,"date":"2022-11-11T14:31:51","date_gmt":"2022-11-11T06:31:51","guid":{"rendered":"https:\/\/sellersunionagent.com\/?post_type=product&#038;p=11216"},"modified":"2022-11-11T14:31:52","modified_gmt":"2022-11-11T06:31:52","slug":"balde-de-brinquedo-de-praia-impresso-no-atacado-para-criancas","status":"publish","type":"product","link":"https:\/\/www.sellersunionagent.com\/pt\/wholesale-printed-beach-toy-bucket-for-kids\/","title":{"rendered":"Balde de brinquedo de praia impresso no atacado para crian\u00e7as"},"content":{"rendered":"<h2>Balde para brinquedos de praia, armazenamento de brinquedos, v\u00e1rias cores para crian\u00e7as<\/h2>\n<ul class=\"a-unordered-list a-vertical a-spacing-mini\">\n<li><span class=\"a-list-item\">PRIMEIRO CONJUNTO DE BRINQUEDOS DE AREIA<\/span><\/li>\n<li><span class=\"a-list-item\">ACABAMENTO LISO<\/span><\/li>\n<li><span class=\"a-list-item\">CONSTRU\u00c7\u00c3O DUR\u00c1VEL<\/span><\/li>\n<li><span class=\"a-list-item\">SEGURO PARA BRINCAR<\/span><\/li>\n<\/ul>\n<p style=\"text-align: center\"><strong><b>Tipo<\/b><\/strong>: Armazenamento dom\u00e9stico<\/p>\n<p style=\"text-align: center\"><strong><b>N\u00famero do item:<\/b><\/strong> JD013<\/p>\n<p style=\"text-align: center\"><strong><b>Tamanho do item<\/b><\/strong>:<\/p>\n<p style=\"text-align: center\">15*15*17cm<\/p>\n<p style=\"text-align: center\"><strong><b>Peso do item<\/b><\/strong>: 40g<\/p>\n<p style=\"text-align: center\"><strong><b>Material:<\/b><\/strong>Poli\u00e9ster<\/p>\n<p><img fetchpriority=\"high\" decoding=\"async\" class=\"aligncenter wp-image-11219\" src=\"https:\/\/www.sellersunionagent.com\/wp-content\/uploads\/2022\/11\/O1CN01xLXpDN2FGGjNJm9yr_2206752948852-0-cib.jpg\" alt=\"Venda direta da f\u00e1brica na China\" width=\"600\" height=\"600\" \/> <img decoding=\"async\" class=\"aligncenter wp-image-11218\" src=\"https:\/\/www.sellersunionagent.com\/wp-content\/uploads\/2022\/11\/O1CN01savDkI2FGGjOdE9Do_2206752948852-0-cib.jpg\" alt=\"Venda direta da f\u00e1brica na China\" width=\"600\" height=\"600\" \/> <img decoding=\"async\" class=\"aligncenter wp-image-11217\" src=\"https:\/\/www.sellersunionagent.com\/wp-content\/uploads\/2022\/11\/O1CN01FZuYbo2FGGjOdFDlE_2206752948852-0-cib.jpg\" alt=\"Venda direta da f\u00e1brica na China\" width=\"600\" height=\"600\" \/><\/p>","protected":false},"excerpt":{"rendered":"<p><strong><b>MOQ<\/b><\/strong>:  1000 pe\u00e7as<br \/>\n<strong><b>Amostra gr\u00e1tis<\/b><\/strong>:  Com suporte<br \/>\n<strong><b>Personaliza\u00e7\u00e3o<\/b><\/strong>: logotipo \/ cor \/ materiais \/ embalagem etc.<br \/>\n<strong><b>Desconto<\/b><\/strong>:  Primeiros pedidos a partir de 10% de desconto.<br \/>\n<strong><b>Taxa de entrega no prazo<\/b><\/strong>:\u00a0 100%<br \/>\n<strong><b>Total de remessas<\/b><\/strong>:  10000 pe\u00e7as<br \/>\n<strong><b>Remessa<\/b><\/strong>: Suporte expresso - frete mar\u00edtimo - frete terrestre<\/p>","protected":false},"featured_media":11220,"comment_status":"open","ping_status":"closed","template":"","meta":{"_acf_changed":false},"product_brand":[],"product_cat":[31],"product_tag":[87,73],"class_list":{"0":"post-11216","1":"product","2":"type-product","3":"status-publish","4":"has-post-thumbnail","6":"product_cat-home-storage","7":"product_tag-bulk-wholesale","8":"product_tag-home-storagewholesaledurable","10":"first","11":"instock","12":"shipping-taxable","13":"product-type-simple","14":"swiper-slide"},"acf":[],"_links":{"self":[{"href":"https:\/\/www.sellersunionagent.com\/pt\/wp-json\/wp\/v2\/product\/11216","targetHints":{"allow":["GET"]}}],"collection":[{"href":"https:\/\/www.sellersunionagent.com\/pt\/wp-json\/wp\/v2\/product"}],"about":[{"href":"https:\/\/www.sellersunionagent.com\/pt\/wp-json\/wp\/v2\/types\/product"}],"replies":[{"embeddable":true,"href":"https:\/\/www.sellersunionagent.com\/pt\/wp-json\/wp\/v2\/comments?post=11216"}],"wp:featuredmedia":[{"embeddable":true,"href":"https:\/\/www.sellersunionagent.com\/pt\/wp-json\/wp\/v2\/media\/11220"}],"wp:attachment":[{"href":"https:\/\/www.sellersunionagent.com\/pt\/wp-json\/wp\/v2\/media?parent=11216"}],"wp:term":[{"taxonomy":"product_brand","embeddable":true,"href":"https:\/\/www.sellersunionagent.com\/pt\/wp-json\/wp\/v2\/product_brand?post=11216"},{"taxonomy":"product_cat","embeddable":true,"href":"https:\/\/www.sellersunionagent.com\/pt\/wp-json\/wp\/v2\/product_cat?post=11216"},{"taxonomy":"product_tag","embeddable":true,"href":"https:\/\/www.sellersunionagent.com\/pt\/wp-json\/wp\/v2\/product_tag?post=11216"}],"curies":[{"name":"wp","href":"https:\/\/api.w.org\/{rel}","templated":true}]}}