{"id":11131,"date":"2022-11-07T15:17:41","date_gmt":"2022-11-07T07:17:41","guid":{"rendered":"https:\/\/sellersunionagent.com\/?post_type=product&#038;p=11131"},"modified":"2022-11-07T15:17:43","modified_gmt":"2022-11-07T07:17:43","slug":"saco-de-armazenamento-de-brinquedos-de-pelucia-no-atacado-para-organizar-presentes-para-meninos-e-meninas","status":"publish","type":"product","link":"https:\/\/www.sellersunionagent.com\/pt\/wholesale-plush-toy-storage-bag-for-organizing-boys-and-girls-gift\/","title":{"rendered":"Saco de armazenamento de brinquedos de pel\u00facia para organizar presente para meninos e meninas"},"content":{"rendered":"<h2 id=\"title\" class=\"a-size-large a-spacing-none\"><span id=\"productTitle\" class=\"a-size-large product-title-word-break\">\u00a0Capa de cadeira para saco de feij\u00e3o com armazenamento de animais para quarto de crian\u00e7as, presentes para crian\u00e7as pequenas<\/span><\/h2>\n<p>&nbsp;<\/p>\n<p>&nbsp;<\/p>\n<ul>\n<li>Design amig\u00e1vel para crian\u00e7as<\/li>\n<\/ul>\n<p>&nbsp;<\/p>\n<p>&nbsp;<\/p>\n<ul>\n<li>Lona de algod\u00e3o de alta qualidade<\/li>\n<\/ul>\n<p>&nbsp;<\/p>\n<p>&nbsp;<\/p>\n<ul>\n<li>Melhor presente para a fam\u00edlia<\/li>\n<\/ul>\n<p>&nbsp;<\/p>\n<p>&nbsp;<\/p>\n<ul>\n<li>Esconda a bagun\u00e7a e fa\u00e7a isso<\/li>\n<\/ul>\n<p style=\"text-align: center\"><strong><b>Tipo<\/b><\/strong>: Armazenamento dom\u00e9stico<\/p>\n<p style=\"text-align: center\"><strong><b>N\u00famero do item:<\/b><\/strong> JD003<\/p>\n<p style=\"text-align: center\"><strong><b>Tamanho do item<\/b><\/strong>:<\/p>\n<p style=\"text-align: center\">60*60*60<\/p>\n<p style=\"text-align: center\"><strong><b>Peso do item<\/b><\/strong>: 310g<\/p>\n<p style=\"text-align: center\"><strong><b>Material:<\/b><\/strong>Tela<\/p>\n<p><img fetchpriority=\"high\" decoding=\"async\" class=\"aligncenter wp-image-11132\" src=\"https:\/\/www.sellersunionagent.com\/wp-content\/uploads\/2022\/11\/14033016639_808550193.jpg\" alt=\"armazenamento dom\u00e9stico\" width=\"600\" height=\"600\" \/> <img decoding=\"async\" class=\"aligncenter wp-image-11133\" src=\"https:\/\/www.sellersunionagent.com\/wp-content\/uploads\/2022\/11\/14033034357_808550193.jpg\" alt=\"armazenamento dom\u00e9stico\" width=\"600\" height=\"600\" \/> <img decoding=\"async\" class=\"aligncenter wp-image-11134\" src=\"https:\/\/www.sellersunionagent.com\/wp-content\/uploads\/2022\/11\/14070574026_808550193.jpg\" alt=\"armazenamento dom\u00e9stico\" width=\"600\" height=\"600\" \/> <img loading=\"lazy\" decoding=\"async\" class=\"aligncenter wp-image-11135\" src=\"https:\/\/www.sellersunionagent.com\/wp-content\/uploads\/2022\/11\/14119304590_808550193.jpg\" alt=\"armazenamento dom\u00e9stico\" width=\"600\" height=\"600\" \/> <img loading=\"lazy\" decoding=\"async\" class=\"aligncenter wp-image-11136\" src=\"https:\/\/www.sellersunionagent.com\/wp-content\/uploads\/2022\/11\/O1CN01Bv5Iyv2FGGeBzknOU_2206752948852-0-cib.jpg\" alt=\"armazenamento dom\u00e9stico\" width=\"600\" height=\"600\" \/> <img loading=\"lazy\" decoding=\"async\" class=\"aligncenter wp-image-11137\" src=\"https:\/\/www.sellersunionagent.com\/wp-content\/uploads\/2022\/11\/O1CN01GwORbT2FGGe2eOVFX_2206752948852-0-cib.jpg\" alt=\"armazenamento dom\u00e9stico\" width=\"600\" height=\"600\" \/><\/p>","protected":false},"excerpt":{"rendered":"<p><strong><b>MOQ<\/b><\/strong>:  1000 pe\u00e7as<br \/>\n<strong><b>Amostra gr\u00e1tis<\/b><\/strong>:  Com suporte<br \/>\n<strong><b>Personaliza\u00e7\u00e3o<\/b><\/strong>: logotipo \/ cor \/ materiais \/ embalagem etc.<br \/>\n<strong><b>Desconto<\/b><\/strong>:  Primeiros pedidos a partir de 10% de desconto.<br \/>\n<strong><b>Taxa de entrega no prazo<\/b><\/strong>:\u00a0 100%<br \/>\n<strong><b>Total de remessas<\/b><\/strong>:  10000 pe\u00e7as<br \/>\n<strong><b>Remessa<\/b><\/strong>: Suporte expresso - frete mar\u00edtimo - frete terrestre<\/p>","protected":false},"featured_media":11138,"comment_status":"open","ping_status":"closed","template":"","meta":{"_acf_changed":false},"product_brand":[],"product_cat":[31],"product_tag":[71,43,80,93],"class_list":{"0":"post-11131","1":"product","2":"type-product","3":"status-publish","4":"has-post-thumbnail","6":"product_cat-home-storage","7":"product_tag-durable","8":"product_tag-fashion","9":"product_tag-hot-sales","10":"product_tag-storage","12":"first","13":"instock","14":"shipping-taxable","15":"product-type-simple","16":"swiper-slide"},"acf":[],"_links":{"self":[{"href":"https:\/\/www.sellersunionagent.com\/pt\/wp-json\/wp\/v2\/product\/11131","targetHints":{"allow":["GET"]}}],"collection":[{"href":"https:\/\/www.sellersunionagent.com\/pt\/wp-json\/wp\/v2\/product"}],"about":[{"href":"https:\/\/www.sellersunionagent.com\/pt\/wp-json\/wp\/v2\/types\/product"}],"replies":[{"embeddable":true,"href":"https:\/\/www.sellersunionagent.com\/pt\/wp-json\/wp\/v2\/comments?post=11131"}],"wp:featuredmedia":[{"embeddable":true,"href":"https:\/\/www.sellersunionagent.com\/pt\/wp-json\/wp\/v2\/media\/11138"}],"wp:attachment":[{"href":"https:\/\/www.sellersunionagent.com\/pt\/wp-json\/wp\/v2\/media?parent=11131"}],"wp:term":[{"taxonomy":"product_brand","embeddable":true,"href":"https:\/\/www.sellersunionagent.com\/pt\/wp-json\/wp\/v2\/product_brand?post=11131"},{"taxonomy":"product_cat","embeddable":true,"href":"https:\/\/www.sellersunionagent.com\/pt\/wp-json\/wp\/v2\/product_cat?post=11131"},{"taxonomy":"product_tag","embeddable":true,"href":"https:\/\/www.sellersunionagent.com\/pt\/wp-json\/wp\/v2\/product_tag?post=11131"}],"curies":[{"name":"wp","href":"https:\/\/api.w.org\/{rel}","templated":true}]}}