{"id":11122,"date":"2022-11-07T14:57:58","date_gmt":"2022-11-07T06:57:58","guid":{"rendered":"https:\/\/sellersunionagent.com\/?post_type=product&#038;p=11122"},"modified":"2022-11-07T14:58:00","modified_gmt":"2022-11-07T06:58:00","slug":"bolsa-de-viagem-dobravel-no-atacado-bolsa-esportiva-para-transporte-de-bagagem-molhada-e-seca","status":"publish","type":"product","link":"https:\/\/www.sellersunionagent.com\/pt\/wholesale-foldable-travel-bag-tote-carry-on-luggage-sports-bag-wet-and-dry\/","title":{"rendered":"Bolsa de viagem dobr\u00e1vel no atacado, bagagem de m\u00e3o, bolsa esportiva, molhada e seca"},"content":{"rendered":"<h2>Bolsa de viagem dobr\u00e1vel, multifuncional e port\u00e1til, bagagem de m\u00e3o, bolsa esportiva, para uso \u00famido e seco<\/h2>\n<p>&nbsp;<\/p>\n<p>&nbsp;<\/p>\n<ul>\n<li><strong>\u00c0 PROVA D'\u00c1GUA -<\/strong> As al\u00e7as resistentes podem suportar mais de 45 libras sem se preocupar com rasgos ou rupturas durante sua viagem. Feita de tecido imperme\u00e1vel, ela proteger\u00e1 bem o seu equipamento da chuva ou da umidade.<\/li>\n<\/ul>\n<p>&nbsp;<\/p>\n<p>&nbsp;<\/p>\n<ul>\n<li><strong>Embal\u00e1vel e leve -<\/strong> Dobra-se quando n\u00e3o est\u00e1 em uso<\/li>\n<\/ul>\n<p>&nbsp;<\/p>\n<p>&nbsp;<\/p>\n<ul>\n<li><strong>F\u00e1cil de transportar -<\/strong> Seu bolso de armazenamento externo oferece acesso r\u00e1pido a itens pequenos.<\/li>\n<\/ul>\n<p>&nbsp;<\/p>\n<p>&nbsp;<\/p>\n<ul>\n<li><strong>FUNCIONAL -<\/strong> Suporta facilmente todos os seus itens de gin\u00e1stica ou de viagem, ideal para bolsas de roupas, esportes, academia, ioga, viagens, compras de fim de semana, pernoites, acampamentos e piqueniques.<\/li>\n<\/ul>\n<p style=\"text-align: center\"><strong><b>Tipo<\/b><\/strong>: Bolsa para artigos de higiene pessoal<\/p>\n<p style=\"text-align: center\"><strong><b>N\u00famero do item:<\/b><\/strong><\/p>\n<p style=\"text-align: center\"><strong><b>Tamanho do item<\/b><\/strong>:<\/p>\n<p style=\"text-align: center\">28\u00d738\u00d718<\/p>\n<p style=\"text-align: center\"><strong><b>Peso do item<\/b><\/strong>: 230g<\/p>\n<p style=\"text-align: center\"><strong><b>Material:<\/b><\/strong>Tecido xadrez imperme\u00e1vel<\/p>\n<p><img fetchpriority=\"high\" decoding=\"async\" class=\"aligncenter wp-image-11123\" src=\"https:\/\/www.sellersunionagent.com\/wp-content\/uploads\/2022\/11\/O1CN01fY1CdP2FGGeHBGCnr_2206752948852-0-cib.jpg\" alt=\"bolsa de viagem por atacado\" width=\"600\" height=\"600\" \/> <img decoding=\"async\" class=\"aligncenter wp-image-11125\" src=\"https:\/\/www.sellersunionagent.com\/wp-content\/uploads\/2022\/11\/O1CN01M63mQJ2FGGeCr9mPM_2206752948852-0-cib.jpg\" alt=\"bolsa de viagem por atacado\" width=\"600\" height=\"600\" \/> <img decoding=\"async\" class=\"aligncenter wp-image-11128\" src=\"https:\/\/www.sellersunionagent.com\/wp-content\/uploads\/2022\/11\/O1CN01YBlafv2FGGeH8cXAM_2206752948852-0-cib.jpg\" alt=\"bolsa de viagem por atacado\" width=\"600\" height=\"600\" \/> <img loading=\"lazy\" decoding=\"async\" class=\"aligncenter wp-image-11129\" src=\"https:\/\/www.sellersunionagent.com\/wp-content\/uploads\/2022\/11\/O1CN018pHVLl2FGGeF69Z0T_2206752948852-0-cib.jpg\" alt=\"bolsa de viagem por atacado\" width=\"600\" height=\"600\" \/> <img loading=\"lazy\" decoding=\"async\" class=\"aligncenter wp-image-11130\" src=\"https:\/\/www.sellersunionagent.com\/wp-content\/uploads\/2022\/11\/O1CN0185eHvG2FGGeF6AIjU_2206752948852-0-cib.jpg\" alt=\"bolsa de viagem por atacado\" width=\"600\" height=\"600\" \/><\/p>","protected":false},"excerpt":{"rendered":"<p><strong><b>MOQ<\/b><\/strong>:  1000 pe\u00e7as<br \/>\n<strong><b>Amostra gr\u00e1tis<\/b><\/strong>:  Com suporte<br \/>\n<strong><b>Personaliza\u00e7\u00e3o<\/b><\/strong>: logotipo \/ cor \/ materiais \/ embalagem etc.<br \/>\n<strong><b>Desconto<\/b><\/strong>:  Primeiros pedidos a partir de 10% de desconto.<br \/>\n<strong><b>Taxa de entrega no prazo<\/b><\/strong>:\u00a0 100%<br \/>\n<strong><b>Total de remessas<\/b><\/strong>:  10000 pe\u00e7as<br \/>\n<strong><b>Remessa<\/b><\/strong>: Suporte expresso - frete mar\u00edtimo - frete terrestre<\/p>","protected":false},"featured_media":11125,"comment_status":"open","ping_status":"closed","template":"","meta":{"_acf_changed":false},"product_brand":[],"product_cat":[33],"product_tag":[89,105,67,50],"class_list":{"0":"post-11122","1":"product","2":"type-product","3":"status-publish","4":"has-post-thumbnail","6":"product_cat-toiletry-bag","7":"product_tag-multi-function","8":"product_tag-travel-bag","9":"product_tag-travel-organizer","10":"product_tag-wholesale","12":"first","13":"instock","14":"shipping-taxable","15":"product-type-simple","16":"swiper-slide"},"acf":[],"_links":{"self":[{"href":"https:\/\/www.sellersunionagent.com\/pt\/wp-json\/wp\/v2\/product\/11122","targetHints":{"allow":["GET"]}}],"collection":[{"href":"https:\/\/www.sellersunionagent.com\/pt\/wp-json\/wp\/v2\/product"}],"about":[{"href":"https:\/\/www.sellersunionagent.com\/pt\/wp-json\/wp\/v2\/types\/product"}],"replies":[{"embeddable":true,"href":"https:\/\/www.sellersunionagent.com\/pt\/wp-json\/wp\/v2\/comments?post=11122"}],"wp:featuredmedia":[{"embeddable":true,"href":"https:\/\/www.sellersunionagent.com\/pt\/wp-json\/wp\/v2\/media\/11125"}],"wp:attachment":[{"href":"https:\/\/www.sellersunionagent.com\/pt\/wp-json\/wp\/v2\/media?parent=11122"}],"wp:term":[{"taxonomy":"product_brand","embeddable":true,"href":"https:\/\/www.sellersunionagent.com\/pt\/wp-json\/wp\/v2\/product_brand?post=11122"},{"taxonomy":"product_cat","embeddable":true,"href":"https:\/\/www.sellersunionagent.com\/pt\/wp-json\/wp\/v2\/product_cat?post=11122"},{"taxonomy":"product_tag","embeddable":true,"href":"https:\/\/www.sellersunionagent.com\/pt\/wp-json\/wp\/v2\/product_tag?post=11122"}],"curies":[{"name":"wp","href":"https:\/\/api.w.org\/{rel}","templated":true}]}}