{"id":11082,"date":"2022-11-04T09:37:03","date_gmt":"2022-11-04T01:37:03","guid":{"rendered":"https:\/\/sellersunionagent.com\/?post_type=product&#038;p=11082"},"modified":"2022-12-01T11:24:32","modified_gmt":"2022-12-01T03:24:32","slug":"venda-direta-da-fabrica-da-china-cesta-de-vime-tecida-a-mao-de-tamanho-grande-com-tampa","status":"publish","type":"product","link":"https:\/\/www.sellersunionagent.com\/pt\/china-factory-direct-sale-large-size-hand-woven-rattan-basket-with-lid\/","title":{"rendered":"Venda direta da f\u00e1brica da China Cesta de vime tecida \u00e0 m\u00e3o de tamanho grande com tampa"},"content":{"rendered":"<h1>Venda direta da f\u00e1brica da China Cesta de vime tecida \u00e0 m\u00e3o de tamanho grande com tampa<\/h1>\n<p><strong>Tipo<\/strong>: Cestas tecidas \u00e0 m\u00e3o<\/p>\n<div class=\"elementor-element elementor-element-c17fac7 elementor-widget elementor-widget-woocommerce-product-short-description\" data-id=\"c17fac7\" data-element_type=\"widget\" data-widget_type=\"woocommerce-product-short-description.default\">\n<div class=\"elementor-widget-container\">\n<div class=\"woocommerce-product-details__short-description\">\n<p><strong>N\u00famero do item:<\/strong> YR-05<\/p>\n<p><strong>Tamanho do item<\/strong>: 23,5cm (topo) *28cm (altura) *20cm (garrafa)<\/p>\n<p><strong>Cores<\/strong>: Natural<\/p>\n<p><strong>Material: <\/strong>Rattan<\/p>\n<\/div>\n<\/div>\n<\/div>\n<p>&nbsp;<\/p>\n<ul>\n<li>Feito \u00e0 m\u00e3o<\/li>\n<li>Dur\u00e1vel e seguro<\/li>\n<li>Favor\u00e1vel ao meio ambiente<\/li>\n<li>Delicado com apar\u00eancia natural<\/li>\n<li>Grande capacidade<\/li>\n<li>\u00d3tima op\u00e7\u00e3o para decorar e organizar<\/li>\n<li><img fetchpriority=\"high\" decoding=\"async\" class=\"aligncenter wp-image-11083\" src=\"https:\/\/www.sellersunionagent.com\/wp-content\/uploads\/2022\/11\/4aa7684231f71892ff99f0457ee7e57.jpg\" alt=\"Venda direta da f\u00e1brica na China\" width=\"600\" height=\"600\" \/> <img decoding=\"async\" class=\"aligncenter wp-image-11087\" src=\"https:\/\/www.sellersunionagent.com\/wp-content\/uploads\/2022\/11\/O1CN01UawDIx237m10zNB2i_2213185567209-0-cib.jpg\" alt=\"Venda direta da f\u00e1brica na China\" width=\"600\" height=\"600\" \/> <img decoding=\"async\" class=\"aligncenter wp-image-11086\" src=\"https:\/\/www.sellersunionagent.com\/wp-content\/uploads\/2022\/11\/O1CN01lB0JfS237m0zFlUNb_2213185567209-0-cib.jpg\" alt=\"Venda direta da f\u00e1brica na China\" width=\"600\" height=\"600\" \/> <img loading=\"lazy\" decoding=\"async\" class=\"aligncenter wp-image-11085\" src=\"https:\/\/www.sellersunionagent.com\/wp-content\/uploads\/2022\/11\/O1CN01KNoIeA237m10zNVq6_2213185567209-0-cib.jpg\" alt=\"Venda direta da f\u00e1brica na China\" width=\"600\" height=\"600\" \/><\/li>\n<\/ul>","protected":false},"excerpt":{"rendered":"<p><strong><b>MOQ<\/b><\/strong>: 200 pe\u00e7as<br \/>\n<strong><b>Amostra gr\u00e1tis<\/b><\/strong>:  Com suporte<br \/>\n<strong><b>Personaliza\u00e7\u00e3o<\/b><\/strong>:  Tamanho\/embalagem etc.<br \/>\n<strong><b>Desconto<\/b><\/strong>:  Primeiros pedidos a partir de 10% de desconto.<br \/>\n<strong><b>Taxa de entrega no prazo<\/b><\/strong>:\u00a0 100%<br \/>\n<strong><b>Total de remessas<\/b><\/strong>:  10000 pe\u00e7as<br \/>\n<strong><b>Remessa<\/b><\/strong>: Suporte expresso - frete mar\u00edtimo - frete terrestre<\/p>","protected":false},"featured_media":11083,"comment_status":"open","ping_status":"closed","template":"","meta":{"_acf_changed":false},"product_brand":[],"product_cat":[210],"product_tag":[87,49],"class_list":{"0":"post-11082","1":"product","2":"type-product","3":"status-publish","4":"has-post-thumbnail","6":"product_cat-rattan-basket","7":"product_tag-bulk-wholesale","8":"product_tag-good-quality","10":"first","11":"instock","12":"shipping-taxable","13":"product-type-simple","14":"swiper-slide"},"acf":[],"_links":{"self":[{"href":"https:\/\/www.sellersunionagent.com\/pt\/wp-json\/wp\/v2\/product\/11082","targetHints":{"allow":["GET"]}}],"collection":[{"href":"https:\/\/www.sellersunionagent.com\/pt\/wp-json\/wp\/v2\/product"}],"about":[{"href":"https:\/\/www.sellersunionagent.com\/pt\/wp-json\/wp\/v2\/types\/product"}],"replies":[{"embeddable":true,"href":"https:\/\/www.sellersunionagent.com\/pt\/wp-json\/wp\/v2\/comments?post=11082"}],"wp:featuredmedia":[{"embeddable":true,"href":"https:\/\/www.sellersunionagent.com\/pt\/wp-json\/wp\/v2\/media\/11083"}],"wp:attachment":[{"href":"https:\/\/www.sellersunionagent.com\/pt\/wp-json\/wp\/v2\/media?parent=11082"}],"wp:term":[{"taxonomy":"product_brand","embeddable":true,"href":"https:\/\/www.sellersunionagent.com\/pt\/wp-json\/wp\/v2\/product_brand?post=11082"},{"taxonomy":"product_cat","embeddable":true,"href":"https:\/\/www.sellersunionagent.com\/pt\/wp-json\/wp\/v2\/product_cat?post=11082"},{"taxonomy":"product_tag","embeddable":true,"href":"https:\/\/www.sellersunionagent.com\/pt\/wp-json\/wp\/v2\/product_tag?post=11082"}],"curies":[{"name":"wp","href":"https:\/\/api.w.org\/{rel}","templated":true}]}}