{"id":11060,"date":"2022-11-03T17:20:23","date_gmt":"2022-11-03T09:20:23","guid":{"rendered":"https:\/\/sellersunionagent.com\/?post_type=product&#038;p=11060"},"modified":"2022-12-01T11:24:51","modified_gmt":"2022-12-01T03:24:51","slug":"cesta-de-piquenique-tecida-a-mao-com-tampa-de-madeira-e-alca-giratoria","status":"publish","type":"product","link":"https:\/\/www.sellersunionagent.com\/pt\/hand-woven-picnic-basket-with-swing-handle-wooden-lid\/","title":{"rendered":"Cesta de piquenique tecida \u00e0 m\u00e3o com al\u00e7a girat\u00f3ria e tampa de madeira"},"content":{"rendered":"<h1>Cesta de piquenique tecida \u00e0 m\u00e3o com al\u00e7a girat\u00f3ria e tampa de madeira<\/h1>\n<p><strong>Tipo<\/strong>: Cestas tecidas \u00e0 m\u00e3o<\/p>\n<div class=\"elementor-element elementor-element-c17fac7 elementor-widget elementor-widget-woocommerce-product-short-description\" data-id=\"c17fac7\" data-element_type=\"widget\" data-widget_type=\"woocommerce-product-short-description.default\">\n<div class=\"elementor-widget-container\">\n<div class=\"woocommerce-product-details__short-description\">\n<p><strong>N\u00famero do item:<\/strong> YR-21<\/p>\n<p><strong>Tamanho do item<\/strong>: 38*28*22cm<\/p>\n<p><strong>Cores<\/strong>: Natural<\/p>\n<p><strong>Material: <\/strong>Vime + madeira<\/p>\n<\/div>\n<\/div>\n<\/div>\n<p>&nbsp;<\/p>\n<ul>\n<li>Feito \u00e0 m\u00e3o<\/li>\n<li>Dur\u00e1vel e seguro<\/li>\n<li>Favor\u00e1vel ao meio ambiente<\/li>\n<li>Delicado com apar\u00eancia natural<\/li>\n<li>Grande capacidade<\/li>\n<li>\u00d3tima op\u00e7\u00e3o para decorar e organizar<img fetchpriority=\"high\" decoding=\"async\" class=\"aligncenter wp-image-11062\" src=\"https:\/\/www.sellersunionagent.com\/wp-content\/uploads\/2022\/11\/O1CN01FTQ2KJ237lyqIP1ah_2213185567209-0-cib.jpg\" alt=\"Cesta de piquenique tecida \u00e0 m\u00e3o\" width=\"600\" height=\"600\" \/><img decoding=\"async\" class=\"aligncenter wp-image-11071\" src=\"https:\/\/www.sellersunionagent.com\/wp-content\/uploads\/2022\/11\/O1CN01tCYxBS237lytdyEBb_2213185567209-0-cib-1.jpg\" alt=\"Cesta de piquenique tecida \u00e0 m\u00e3o\" width=\"600\" height=\"600\" \/><img decoding=\"async\" class=\"aligncenter wp-image-11072\" src=\"https:\/\/www.sellersunionagent.com\/wp-content\/uploads\/2022\/11\/O1CN010bgDkS237lyyMDsr8_2213185567209-0-cib-1.jpg\" alt=\"Cesta de piquenique tecida \u00e0 m\u00e3o\" width=\"600\" height=\"600\" \/> <img loading=\"lazy\" decoding=\"async\" class=\"aligncenter wp-image-11070\" src=\"https:\/\/www.sellersunionagent.com\/wp-content\/uploads\/2022\/11\/O1CN01mAmr9Z237lyqISuns_2213185567209-0-cib-1.jpg\" alt=\"Cesta de piquenique tecida \u00e0 m\u00e3o\" width=\"600\" height=\"600\" \/><\/li>\n<\/ul>","protected":false},"excerpt":{"rendered":"<p><strong><b>MOQ<\/b><\/strong>: 200 pe\u00e7as<br \/>\n<strong><b>Amostra gr\u00e1tis<\/b><\/strong>:  Com suporte<br \/>\n<strong><b>Personaliza\u00e7\u00e3o<\/b><\/strong>:  Tamanho\/embalagem etc.<br \/>\n<strong><b>Desconto<\/b><\/strong>:  Primeiros pedidos a partir de 10% de desconto.<br \/>\n<strong><b>Taxa de entrega no prazo<\/b><\/strong>:\u00a0 100%<br \/>\n<strong><b>Total de remessas<\/b><\/strong>:  10000 pe\u00e7as<br \/>\n<strong><b>Remessa<\/b><\/strong>: Suporte expresso - frete mar\u00edtimo - frete terrestre<\/p>","protected":false},"featured_media":11062,"comment_status":"open","ping_status":"closed","template":"","meta":{"_acf_changed":false},"product_brand":[],"product_cat":[210],"product_tag":[87,42,44],"class_list":{"0":"post-11060","1":"product","2":"type-product","3":"status-publish","4":"has-post-thumbnail","6":"product_cat-rattan-basket","7":"product_tag-bulk-wholesale","8":"product_tag-high-quality","9":"product_tag-hot-selling","11":"first","12":"instock","13":"shipping-taxable","14":"product-type-simple","15":"swiper-slide"},"acf":[],"_links":{"self":[{"href":"https:\/\/www.sellersunionagent.com\/pt\/wp-json\/wp\/v2\/product\/11060","targetHints":{"allow":["GET"]}}],"collection":[{"href":"https:\/\/www.sellersunionagent.com\/pt\/wp-json\/wp\/v2\/product"}],"about":[{"href":"https:\/\/www.sellersunionagent.com\/pt\/wp-json\/wp\/v2\/types\/product"}],"replies":[{"embeddable":true,"href":"https:\/\/www.sellersunionagent.com\/pt\/wp-json\/wp\/v2\/comments?post=11060"}],"wp:featuredmedia":[{"embeddable":true,"href":"https:\/\/www.sellersunionagent.com\/pt\/wp-json\/wp\/v2\/media\/11062"}],"wp:attachment":[{"href":"https:\/\/www.sellersunionagent.com\/pt\/wp-json\/wp\/v2\/media?parent=11060"}],"wp:term":[{"taxonomy":"product_brand","embeddable":true,"href":"https:\/\/www.sellersunionagent.com\/pt\/wp-json\/wp\/v2\/product_brand?post=11060"},{"taxonomy":"product_cat","embeddable":true,"href":"https:\/\/www.sellersunionagent.com\/pt\/wp-json\/wp\/v2\/product_cat?post=11060"},{"taxonomy":"product_tag","embeddable":true,"href":"https:\/\/www.sellersunionagent.com\/pt\/wp-json\/wp\/v2\/product_tag?post=11060"}],"curies":[{"name":"wp","href":"https:\/\/api.w.org\/{rel}","templated":true}]}}