{"id":11026,"date":"2022-11-03T10:39:58","date_gmt":"2022-11-03T02:39:58","guid":{"rendered":"https:\/\/sellersunionagent.com\/?post_type=product&#038;p=11026"},"modified":"2022-12-01T11:29:38","modified_gmt":"2022-12-01T03:29:38","slug":"cesta-de-vime-trancado-da-china-para-armazenamento-e-decoracao-de-piquenique","status":"publish","type":"product","link":"https:\/\/www.sellersunionagent.com\/pt\/china-woven-wicker-basket-for-storage-decor-picnic\/","title":{"rendered":"Cesta de vime tran\u00e7ado da China para armazenamento, decora\u00e7\u00e3o e piquenique"},"content":{"rendered":"<h1>Cesta de vime tran\u00e7ado da China para armazenamento, decora\u00e7\u00e3o e piquenique<\/h1>\n<div class=\"elementor-element elementor-element-42815df elementor-widget elementor-widget-heading\" data-id=\"42815df\" data-element_type=\"widget\" data-widget_type=\"heading.default\">\n<div class=\"elementor-widget-container\">\n<p class=\"elementor-heading-title elementor-size-default\"><strong>Tipo<\/strong>: Cestas tecidas \u00e0 m\u00e3o<\/p>\n<\/div>\n<\/div>\n<div class=\"elementor-element elementor-element-c17fac7 elementor-widget elementor-widget-woocommerce-product-short-description\" data-id=\"c17fac7\" data-element_type=\"widget\" data-widget_type=\"woocommerce-product-short-description.default\">\n<div class=\"elementor-widget-container\">\n<div class=\"woocommerce-product-details__short-description\">\n<p><strong>N\u00famero do item:<\/strong> YR-03<\/p>\n<p><strong>Tamanho do item<\/strong>: 11 cm (di\u00e2metro superior) *10,5 (altura) *9 (di\u00e2metro da garrafa)<\/p>\n<p><strong>Cores<\/strong>: Natural<\/p>\n<p><strong>Material:<\/strong>Grama Lafite<\/p>\n<\/div>\n<\/div>\n<\/div>\n<p>&nbsp;<\/p>\n<ul>\n<li>Feito \u00e0 m\u00e3o<\/li>\n<li>Dur\u00e1vel e seguro<\/li>\n<li>Favor\u00e1vel ao meio ambiente<\/li>\n<li>Delicado com apar\u00eancia natural<\/li>\n<li>Grande capacidade<\/li>\n<li>\u00d3tima op\u00e7\u00e3o para decorar e organizar<img fetchpriority=\"high\" decoding=\"async\" class=\"aligncenter wp-image-11027\" src=\"https:\/\/www.sellersunionagent.com\/wp-content\/uploads\/2022\/11\/O1CN01c2lh0k237m0O70tg8_2213185567209-0-cib.jpg\" alt=\"Cesta de vime tran\u00e7ado da China\" width=\"600\" height=\"600\" \/> <img decoding=\"async\" class=\"aligncenter wp-image-11029\" src=\"https:\/\/www.sellersunionagent.com\/wp-content\/uploads\/2022\/11\/O1CN01ujkIv5237m0XpVAfw_2213185567209-0-cib.jpg\" alt=\"Cesta de vime tran\u00e7ado da China\" width=\"600\" height=\"600\" \/> <img decoding=\"async\" class=\"aligncenter wp-image-11030\" src=\"https:\/\/www.sellersunionagent.com\/wp-content\/uploads\/2022\/11\/O1CN01yyGU4w237m0U4blKR_2213185567209-0-cib.jpg\" alt=\"Cesta de vime tran\u00e7ado da China\" width=\"600\" height=\"600\" \/><\/li>\n<\/ul>","protected":false},"excerpt":{"rendered":"<p><strong><b>MOQ<\/b><\/strong>: 200 pe\u00e7as<br \/>\n<strong><b>Amostra gr\u00e1tis<\/b><\/strong>:  Com suporte<br \/>\n<strong><b>Personaliza\u00e7\u00e3o<\/b><\/strong>:  Tamanho\/embalagem etc.<br \/>\n<strong><b>Desconto<\/b><\/strong>:  Primeiros pedidos a partir de 10% de desconto.<br \/>\n<strong><b>Taxa de entrega no prazo<\/b><\/strong>:\u00a0 100%<br \/>\n<strong><b>Total de remessas<\/b><\/strong>:  10000 pe\u00e7as<br \/>\n<strong><b>Remessa<\/b><\/strong>: Suporte expresso - frete mar\u00edtimo - frete terrestre<\/p>","protected":false},"featured_media":11028,"comment_status":"open","ping_status":"closed","template":"","meta":{"_acf_changed":false},"product_brand":[],"product_cat":[210],"product_tag":[71,42,94,99],"class_list":{"0":"post-11026","1":"product","2":"type-product","3":"status-publish","4":"has-post-thumbnail","6":"product_cat-rattan-basket","7":"product_tag-durable","8":"product_tag-high-quality","9":"product_tag-organizer","10":"product_tag-wholesale-maker-from-china","12":"first","13":"instock","14":"shipping-taxable","15":"product-type-simple","16":"swiper-slide"},"acf":[],"_links":{"self":[{"href":"https:\/\/www.sellersunionagent.com\/pt\/wp-json\/wp\/v2\/product\/11026","targetHints":{"allow":["GET"]}}],"collection":[{"href":"https:\/\/www.sellersunionagent.com\/pt\/wp-json\/wp\/v2\/product"}],"about":[{"href":"https:\/\/www.sellersunionagent.com\/pt\/wp-json\/wp\/v2\/types\/product"}],"replies":[{"embeddable":true,"href":"https:\/\/www.sellersunionagent.com\/pt\/wp-json\/wp\/v2\/comments?post=11026"}],"wp:featuredmedia":[{"embeddable":true,"href":"https:\/\/www.sellersunionagent.com\/pt\/wp-json\/wp\/v2\/media\/11028"}],"wp:attachment":[{"href":"https:\/\/www.sellersunionagent.com\/pt\/wp-json\/wp\/v2\/media?parent=11026"}],"wp:term":[{"taxonomy":"product_brand","embeddable":true,"href":"https:\/\/www.sellersunionagent.com\/pt\/wp-json\/wp\/v2\/product_brand?post=11026"},{"taxonomy":"product_cat","embeddable":true,"href":"https:\/\/www.sellersunionagent.com\/pt\/wp-json\/wp\/v2\/product_cat?post=11026"},{"taxonomy":"product_tag","embeddable":true,"href":"https:\/\/www.sellersunionagent.com\/pt\/wp-json\/wp\/v2\/product_tag?post=11026"}],"curies":[{"name":"wp","href":"https:\/\/api.w.org\/{rel}","templated":true}]}}