{"id":10983,"date":"2022-11-02T10:58:23","date_gmt":"2022-11-02T02:58:23","guid":{"rendered":"https:\/\/sellersunionagent.com\/?post_type=product&#038;p=10983"},"modified":"2022-12-16T14:20:45","modified_gmt":"2022-12-16T06:20:45","slug":"basket-bag-shopping-rattan-straw-woven-storage-picnic-beach-household-with-handle","status":"publish","type":"product","link":"https:\/\/www.sellersunionagent.com\/pt\/basket-bag-shopping-rattan-straw-woven-storage-picnic-beach-household-with-handle\/","title":{"rendered":"Cesta Bolsa Shopping Rattan Palha Armazenamento Picnic Beach Household com al\u00e7a"},"content":{"rendered":"<h1>Cesta Bolsa Shopping Rattan Palha Armazenamento Picnic Beach Household com al\u00e7a<\/h1>\n<div class=\"elementor-element elementor-element-42815df elementor-widget elementor-widget-heading\" data-id=\"42815df\" data-element_type=\"widget\" data-widget_type=\"heading.default\">\n<div class=\"elementor-widget-container\">\n<p class=\"elementor-heading-title elementor-size-default\"><strong>Tipo<\/strong>: Cestas tecidas \u00e0 m\u00e3o<\/p>\n<\/div>\n<\/div>\n<div class=\"elementor-element elementor-element-c17fac7 elementor-widget elementor-widget-woocommerce-product-short-description\" data-id=\"c17fac7\" data-element_type=\"widget\" data-widget_type=\"woocommerce-product-short-description.default\">\n<div class=\"elementor-widget-container\">\n<div class=\"woocommerce-product-details__short-description\">\n<p><strong>N\u00famero do item:<\/strong> YR-14<\/p>\n<p><strong>Tamanho do item<\/strong>: 23.5*25*23cm<\/p>\n<p><strong>Cores<\/strong>: Natural<\/p>\n<p><strong>Material: <\/strong>Grama de junco<\/p>\n<p>&nbsp;<\/p>\n<\/div>\n<\/div>\n<\/div>\n<p>&nbsp;<\/p>\n<ul>\n<li>Feito \u00e0 m\u00e3o<\/li>\n<li>Dur\u00e1vel e seguro<\/li>\n<li>Favor\u00e1vel ao meio ambiente<\/li>\n<li>Delicado com apar\u00eancia natural<\/li>\n<li>Grande capacidade<\/li>\n<li>\u00d3tima op\u00e7\u00e3o para decorar e organizar<img fetchpriority=\"high\" decoding=\"async\" class=\"aligncenter wp-image-10989\" src=\"https:\/\/www.sellersunionagent.com\/wp-content\/uploads\/2022\/11\/O1CN01ty1Q4Z237m0hESbNk_2213185567209-0-cib.jpg\" alt=\"Bolsa de cesta\" width=\"600\" height=\"600\" \/> <img decoding=\"async\" class=\"aligncenter wp-image-10988\" src=\"https:\/\/www.sellersunionagent.com\/wp-content\/uploads\/2022\/11\/O1CN01NWlnnW237m0ewKP6T_2213185567209-0-cib.jpg\" alt=\"Bolsa de cesta\" width=\"600\" height=\"600\" \/> <img decoding=\"async\" class=\"aligncenter wp-image-10987\" src=\"https:\/\/www.sellersunionagent.com\/wp-content\/uploads\/2022\/11\/O1CN01LcGh4H237m0nkBTvu_2213185567209-0-cib.jpg\" alt=\"Bolsa de cesta\" width=\"600\" height=\"600\" \/> <img loading=\"lazy\" decoding=\"async\" class=\"aligncenter wp-image-10986\" src=\"https:\/\/www.sellersunionagent.com\/wp-content\/uploads\/2022\/11\/O1CN01iPXGTu237m0pmIy6a_2213185567209-0-cib.jpg\" alt=\"Bolsa de cesta\" width=\"600\" height=\"600\" \/> <img loading=\"lazy\" decoding=\"async\" class=\"aligncenter wp-image-10985\" src=\"https:\/\/www.sellersunionagent.com\/wp-content\/uploads\/2022\/11\/O1CN01hg1FK7237m0nkCQ8r_2213185567209-0-cib.jpg\" alt=\"Bolsa de cesta\" width=\"600\" height=\"600\" \/><\/li>\n<\/ul>","protected":false},"excerpt":{"rendered":"<p><strong><b>MOQ<\/b><\/strong>: 200 pe\u00e7as<br \/>\n<strong><b>Amostra gr\u00e1tis<\/b><\/strong>:  Com suporte<br \/>\n<strong><b>Personaliza\u00e7\u00e3o<\/b><\/strong>:  Tamanho\/embalagem etc.<br \/>\n<strong><b>Desconto<\/b><\/strong>:  Primeiros pedidos a partir de 10% de desconto.<br \/>\n<strong><b>Taxa de entrega no prazo<\/b><\/strong>:\u00a0 100%<br \/>\n<strong><b>Total de remessas<\/b><\/strong>:  10000 pe\u00e7as<br \/>\n<strong><b>Remessa<\/b><\/strong>: Suporte expresso - frete mar\u00edtimo - frete terrestre<\/p>","protected":false},"featured_media":10989,"comment_status":"open","ping_status":"closed","template":"","meta":{"_acf_changed":false},"product_brand":[],"product_cat":[186,210],"product_tag":[87,200,93],"class_list":{"0":"post-10983","1":"product","2":"type-product","3":"status-publish","4":"has-post-thumbnail","6":"product_cat-living-room","7":"product_cat-rattan-basket","8":"product_tag-bulk-wholesale","9":"product_tag-household-travel","10":"product_tag-storage","12":"first","13":"instock","14":"shipping-taxable","15":"product-type-simple","16":"swiper-slide"},"acf":[],"_links":{"self":[{"href":"https:\/\/www.sellersunionagent.com\/pt\/wp-json\/wp\/v2\/product\/10983","targetHints":{"allow":["GET"]}}],"collection":[{"href":"https:\/\/www.sellersunionagent.com\/pt\/wp-json\/wp\/v2\/product"}],"about":[{"href":"https:\/\/www.sellersunionagent.com\/pt\/wp-json\/wp\/v2\/types\/product"}],"replies":[{"embeddable":true,"href":"https:\/\/www.sellersunionagent.com\/pt\/wp-json\/wp\/v2\/comments?post=10983"}],"wp:featuredmedia":[{"embeddable":true,"href":"https:\/\/www.sellersunionagent.com\/pt\/wp-json\/wp\/v2\/media\/10989"}],"wp:attachment":[{"href":"https:\/\/www.sellersunionagent.com\/pt\/wp-json\/wp\/v2\/media?parent=10983"}],"wp:term":[{"taxonomy":"product_brand","embeddable":true,"href":"https:\/\/www.sellersunionagent.com\/pt\/wp-json\/wp\/v2\/product_brand?post=10983"},{"taxonomy":"product_cat","embeddable":true,"href":"https:\/\/www.sellersunionagent.com\/pt\/wp-json\/wp\/v2\/product_cat?post=10983"},{"taxonomy":"product_tag","embeddable":true,"href":"https:\/\/www.sellersunionagent.com\/pt\/wp-json\/wp\/v2\/product_tag?post=10983"}],"curies":[{"name":"wp","href":"https:\/\/api.w.org\/{rel}","templated":true}]}}