{"id":10938,"date":"2022-10-29T10:48:03","date_gmt":"2022-10-29T02:48:03","guid":{"rendered":"https:\/\/sellersunionagent.com\/?post_type=product&#038;p=10938"},"modified":"2022-10-29T10:48:11","modified_gmt":"2022-10-29T02:48:11","slug":"caixa-de-armazenamento-de-geladeira-para-animais-de-estimacao-no-atacado-para-frutas-legumes-e-carne","status":"publish","type":"product","link":"https:\/\/www.sellersunionagent.com\/pt\/wholesale-pet-refrigerator-storage-box-for-fruits-and-veg-and-meat\/","title":{"rendered":"Caixa de armazenamento em geladeira PET para frutas, legumes e carnes"},"content":{"rendered":"<h2 id=\"title\" class=\"a-size-large a-spacing-none\"><span id=\"productTitle\" class=\"a-size-large product-title-word-break\">Caixa de armazenamento em geladeira para frutas, legumes e carne - Recipientes empilh\u00e1veis para armazenamento de alimentos - Recipientes de armazenamento de pl\u00e1stico com abertura deslizante - PET de grau aliment\u00edcio<\/span><\/h2>\n<p>&nbsp;<\/p>\n<p>&nbsp;<\/p>\n<ul>\n<li><strong>MATERIAIS SEGUROS<\/strong> - As gavetas organizadoras do refrigerador s\u00e3o feitas de material PET de alta qualidade, sem BPA. Resistente a altas e baixas temperaturas, \u00e9 super resistente para uso prolongado. Diga adeus \u00e0s sacolas pl\u00e1sticas descart\u00e1veis e baratas!<\/li>\n<\/ul>\n<p>&nbsp;<\/p>\n<p>&nbsp;<\/p>\n<ul>\n<li><strong>EMPILH\u00c1VEL<\/strong> - Gavetas de geladeira com novo design arredondado, ranhura reservada na superf\u00edcie superior permite o empilhamento duplo est\u00e1vel e n\u00e3o \u00e9 f\u00e1cil de cair. As caixas internas e externas s\u00e3o empilh\u00e1veis e podem ser usadas separadamente, proporcionando duas vezes mais espa\u00e7o de armazenamento.<\/li>\n<\/ul>\n<p>&nbsp;<\/p>\n<p>&nbsp;<\/p>\n<ul>\n<li><strong>ARMAZENAMENTO MULTIFUNCIONAL<\/strong> - Essa gaveta organizadora de geladeira \u00e9 muito vers\u00e1til, adequada para armazenar espinafre, alface, br\u00f3colis, aipo, tomate, uva, morango, mirtilo, lim\u00e3o e outros vegetais e frutas, lanches e bebidas. Atende a todas as necessidades de armazenamento de alimentos da fam\u00edlia.<\/li>\n<\/ul>\n<p>&nbsp;<\/p>\n<p style=\"text-align: center\"><strong><b>Tipo<\/b><\/strong>: Armazenamento dom\u00e9stico<\/p>\n<p style=\"text-align: center\"><strong><b>N\u00famero do item:<\/b><\/strong> TY-9047-TY-9049<\/p>\n<p style=\"text-align: center\"><strong><b>Tamanho do item<\/b><\/strong>:<\/p>\n<p style=\"text-align: center\">S: 20*14*12,8cm<\/p>\n<p style=\"text-align: center\">M: 24,5*17*13,8cm<\/p>\n<p style=\"text-align: center\">C: 29*20*15cm<\/p>\n<p style=\"text-align: center\"><strong><b>Peso do item<\/b><\/strong>: 255g\/366g\/510g<\/p>\n<p style=\"text-align: center\"><strong><b>Cores<\/b><\/strong>: Transparente<\/p>\n<p style=\"text-align: center\"><strong><b>Material: <\/b><\/strong>PET<\/p>\n<p><img fetchpriority=\"high\" decoding=\"async\" class=\"aligncenter wp-image-10941\" src=\"https:\/\/www.sellersunionagent.com\/wp-content\/uploads\/2022\/10\/\u56fe\u72472-1.png\" alt=\"Armazenamento dom\u00e9stico\" width=\"600\" height=\"601\" \/><\/p>\n<p>&nbsp;<\/p>\n<p><img decoding=\"async\" class=\"aligncenter wp-image-10942\" src=\"https:\/\/www.sellersunionagent.com\/wp-content\/uploads\/2022\/10\/\u56fe\u72473-1.png\" alt=\"Armazenamento dom\u00e9stico\" width=\"600\" height=\"600\" \/><\/p>\n<p><img decoding=\"async\" class=\"aligncenter wp-image-10940\" src=\"https:\/\/www.sellersunionagent.com\/wp-content\/uploads\/2022\/10\/\u56fe\u72471-1.png\" alt=\"Armazenamento dom\u00e9stico\" width=\"600\" height=\"600\" \/><\/p>","protected":false},"excerpt":{"rendered":"<p><strong><b>MOQ<\/b><\/strong>:  1000 pe\u00e7as<br \/>\n<strong><b>Amostra gr\u00e1tis<\/b><\/strong>:  Com suporte<br \/>\n<strong><b>Personaliza\u00e7\u00e3o<\/b><\/strong>: logotipo \/ cor \/ materiais \/ embalagem etc.<br \/>\n<strong><b>Desconto<\/b><\/strong>:  Primeiros pedidos a partir de 10% de desconto.<br \/>\n<strong><b>Taxa de entrega no prazo<\/b><\/strong>:\u00a0 100%<br \/>\n<strong><b>Total de remessas<\/b><\/strong>:  10000 pe\u00e7as<br \/>\n<strong><b>Remessa<\/b><\/strong>: Suporte expresso - frete mar\u00edtimo - frete terrestre<\/p>","protected":false},"featured_media":10939,"comment_status":"open","ping_status":"closed","template":"","meta":{"_acf_changed":false},"product_brand":[],"product_cat":[31,188],"product_tag":[70,59,93],"class_list":{"0":"post-10938","1":"product","2":"type-product","3":"status-publish","4":"has-post-thumbnail","6":"product_cat-home-storage","7":"product_cat-kitchen","8":"product_tag-home-storage","9":"product_tag-multifunctional","10":"product_tag-storage","12":"first","13":"instock","14":"shipping-taxable","15":"product-type-simple","16":"swiper-slide"},"acf":[],"_links":{"self":[{"href":"https:\/\/www.sellersunionagent.com\/pt\/wp-json\/wp\/v2\/product\/10938","targetHints":{"allow":["GET"]}}],"collection":[{"href":"https:\/\/www.sellersunionagent.com\/pt\/wp-json\/wp\/v2\/product"}],"about":[{"href":"https:\/\/www.sellersunionagent.com\/pt\/wp-json\/wp\/v2\/types\/product"}],"replies":[{"embeddable":true,"href":"https:\/\/www.sellersunionagent.com\/pt\/wp-json\/wp\/v2\/comments?post=10938"}],"wp:featuredmedia":[{"embeddable":true,"href":"https:\/\/www.sellersunionagent.com\/pt\/wp-json\/wp\/v2\/media\/10939"}],"wp:attachment":[{"href":"https:\/\/www.sellersunionagent.com\/pt\/wp-json\/wp\/v2\/media?parent=10938"}],"wp:term":[{"taxonomy":"product_brand","embeddable":true,"href":"https:\/\/www.sellersunionagent.com\/pt\/wp-json\/wp\/v2\/product_brand?post=10938"},{"taxonomy":"product_cat","embeddable":true,"href":"https:\/\/www.sellersunionagent.com\/pt\/wp-json\/wp\/v2\/product_cat?post=10938"},{"taxonomy":"product_tag","embeddable":true,"href":"https:\/\/www.sellersunionagent.com\/pt\/wp-json\/wp\/v2\/product_tag?post=10938"}],"curies":[{"name":"wp","href":"https:\/\/api.w.org\/{rel}","templated":true}]}}