{"id":10933,"date":"2022-10-29T10:36:39","date_gmt":"2022-10-29T02:36:39","guid":{"rendered":"https:\/\/sellersunionagent.com\/?post_type=product&#038;p=10933"},"modified":"2022-10-29T10:36:41","modified_gmt":"2022-10-29T02:36:41","slug":"caixa-de-armazenamento-retangular-de-venda-quente-caixa-organizadora-de-armazenamento-de-geladeira-de-cozinha-recipientes-com-tampa","status":"publish","type":"product","link":"https:\/\/www.sellersunionagent.com\/pt\/hot-sell-rectangular-storage-box-kitchen-fridge-storage-organizer-box-containers-with-lid\/","title":{"rendered":"Caixa de armazenamento retangular para geladeira de cozinha, recipientes organizadores de caixa com tampa"},"content":{"rendered":"<h2>Recipientes de caixa organizadora para armazenamento em geladeira de cozinha com tampa para prateleiras ou arm\u00e1rios, para armazenar alimentos, lanches, temperos, condimentos, talheres e utens\u00edlios<\/h2>\n<p>&nbsp;<\/p>\n<p>&nbsp;<\/p>\n<ul>\n<li><strong>ARMAZENAMENTO INTELIGENTE:<\/strong> Essa caixa organizadora de armazenamento \u00e9 dimensionada para acomodar alimentos enlatados, lanches para pudim, almo\u00e7os escolares, suprimentos para panifica\u00e7\u00e3o e muitos outros itens essenciais da despensa da cozinha; use na geladeira para manter frutas e legumes organizados e prontos para o consumo.<\/li>\n<\/ul>\n<p>&nbsp;<\/p>\n<p>&nbsp;<\/p>\n<ul>\n<li><strong>EMPILHAR E ARMAZENAR:<\/strong> A tampa articulada mant\u00e9m o conte\u00fado contido em cada caixa, enquanto a estrutura transparente facilita a visualiza\u00e7\u00e3o do conte\u00fado sem a necessidade de abrir cada caixa; a borda elevada ao redor da tampa mant\u00e9m as caixas no lugar quando empilhadas; crie um armazenamento vertical que economiza espa\u00e7o em arm\u00e1rios, prateleiras e gabinetes; maximize seu espa\u00e7o de armazenamento.<\/li>\n<\/ul>\n<p>&nbsp;<\/p>\n<p>&nbsp;<\/p>\n<ul>\n<li><strong>FUNCIONAL E VERS\u00c1TIL:<\/strong> Essas caixas de armazenamento vers\u00e1teis podem ser usadas em qualquer c\u00f4modo da casa; \u00f3timas para manter os itens pequenos organizados e f\u00e1ceis de encontrar; use-as no quarto, no banheiro, na lavanderia\/despensa, no escrit\u00f3rio dom\u00e9stico, na sala de artesanato, na garagem e muito mais; o tamanho compacto e o recurso de empilhamento tamb\u00e9m as tornam \u00f3timas para quartos de crian\u00e7as, dormit\u00f3rios, condom\u00ednios, apartamentos, trailers e campistas.<\/li>\n<\/ul>\n<p>&nbsp;<\/p>\n<p style=\"text-align: center\"><strong><b>Tipo<\/b><\/strong>: Armazenamento dom\u00e9stico<\/p>\n<p style=\"text-align: center\"><strong><b>N\u00famero do item:<\/b><\/strong> TY-9078<\/p>\n<p style=\"text-align: center\"><strong><b>Tamanho do item<\/b><\/strong>:<\/p>\n<p style=\"text-align: center\">32,5*9,4*7cm<\/p>\n<p style=\"text-align: center\"><strong><b>Peso do item<\/b><\/strong>: 346g<\/p>\n<p style=\"text-align: center\"><strong><b>Cores<\/b><\/strong>: Transparente<\/p>\n<p style=\"text-align: center\"><strong><b>Material: <\/b><\/strong>PET<\/p>\n<p><img fetchpriority=\"high\" decoding=\"async\" class=\"aligncenter wp-image-10937\" src=\"https:\/\/www.sellersunionagent.com\/wp-content\/uploads\/2022\/10\/\u56fe\u72472-1.png\" alt=\"Fornecedor por atacado\" width=\"600\" height=\"602\" \/><\/p>\n<p><img decoding=\"async\" class=\"aligncenter wp-image-10935\" src=\"https:\/\/www.sellersunionagent.com\/wp-content\/uploads\/2022\/10\/O1CN016cjmtO1cki37xjgok_2214334443639-0-cib.jpg\" alt=\"Armazenamento dom\u00e9stico\" width=\"600\" height=\"600\" \/><\/p>\n<p><img decoding=\"async\" class=\"aligncenter wp-image-10934\" src=\"https:\/\/www.sellersunionagent.com\/wp-content\/uploads\/2022\/10\/O1CN01HMEiix1cki3AfYWYW_2214334443639-0-cib.jpg\" alt=\"Armazenamento dom\u00e9stico\" width=\"600\" height=\"600\" \/><\/p>","protected":false},"excerpt":{"rendered":"<p><strong><b>MOQ<\/b><\/strong>:  1000 pe\u00e7as<br \/>\n<strong><b>Amostra gr\u00e1tis<\/b><\/strong>:  Com suporte<br \/>\n<strong><b>Personaliza\u00e7\u00e3o<\/b><\/strong>: logotipo \/ cor \/ materiais \/ embalagem etc.<br \/>\n<strong><b>Desconto<\/b><\/strong>:  Primeiros pedidos a partir de 10% de desconto.<br \/>\n<strong><b>Taxa de entrega no prazo<\/b><\/strong>:\u00a0 100%<br \/>\n<strong><b>Total de remessas<\/b><\/strong>:  10000 pe\u00e7as<br \/>\n<strong><b>Remessa<\/b><\/strong>: Suporte expresso - frete mar\u00edtimo - frete terrestre<\/p>","protected":false},"featured_media":10936,"comment_status":"open","ping_status":"closed","template":"","meta":{"_acf_changed":false},"product_brand":[],"product_cat":[31,188],"product_tag":[70,99,91],"class_list":{"0":"post-10933","1":"product","2":"type-product","3":"status-publish","4":"has-post-thumbnail","6":"product_cat-home-storage","7":"product_cat-kitchen","8":"product_tag-home-storage","9":"product_tag-wholesale-maker-from-china","10":"product_tag-wholesaler","12":"first","13":"instock","14":"shipping-taxable","15":"product-type-simple","16":"swiper-slide"},"acf":[],"_links":{"self":[{"href":"https:\/\/www.sellersunionagent.com\/pt\/wp-json\/wp\/v2\/product\/10933","targetHints":{"allow":["GET"]}}],"collection":[{"href":"https:\/\/www.sellersunionagent.com\/pt\/wp-json\/wp\/v2\/product"}],"about":[{"href":"https:\/\/www.sellersunionagent.com\/pt\/wp-json\/wp\/v2\/types\/product"}],"replies":[{"embeddable":true,"href":"https:\/\/www.sellersunionagent.com\/pt\/wp-json\/wp\/v2\/comments?post=10933"}],"wp:featuredmedia":[{"embeddable":true,"href":"https:\/\/www.sellersunionagent.com\/pt\/wp-json\/wp\/v2\/media\/10936"}],"wp:attachment":[{"href":"https:\/\/www.sellersunionagent.com\/pt\/wp-json\/wp\/v2\/media?parent=10933"}],"wp:term":[{"taxonomy":"product_brand","embeddable":true,"href":"https:\/\/www.sellersunionagent.com\/pt\/wp-json\/wp\/v2\/product_brand?post=10933"},{"taxonomy":"product_cat","embeddable":true,"href":"https:\/\/www.sellersunionagent.com\/pt\/wp-json\/wp\/v2\/product_cat?post=10933"},{"taxonomy":"product_tag","embeddable":true,"href":"https:\/\/www.sellersunionagent.com\/pt\/wp-json\/wp\/v2\/product_tag?post=10933"}],"curies":[{"name":"wp","href":"https:\/\/api.w.org\/{rel}","templated":true}]}}