{"id":10863,"date":"2022-10-20T17:17:19","date_gmt":"2022-10-20T09:17:19","guid":{"rendered":"https:\/\/sellersunionagent.com\/?post_type=product&#038;p=10863"},"modified":"2022-10-20T17:17:20","modified_gmt":"2022-10-20T09:17:20","slug":"armazenamento-em-geladeira-no-atacado-adequado-para-qualquer-ocasiao","status":"publish","type":"product","link":"https:\/\/www.sellersunionagent.com\/pt\/wholesale-refrigerator-storage-suit-for-any-occasion\/","title":{"rendered":"Armazenamento em geladeira no atacado adequado para qualquer ocasi\u00e3o"},"content":{"rendered":"<h2>Caixas organizadoras para geladeira - Adequadas para geladeira, freezer, arm\u00e1rio de cozinha, organiza\u00e7\u00e3o e armazenamento de festas<\/h2>\n<p>&nbsp;<\/p>\n<p>&nbsp;<\/p>\n<ul>\n<li><strong>ESCOLHA IDEAL DE ARMAZENAMENTO<\/strong> - Os organizadores de geladeira empilh\u00e1veis podem ajudar a geladeira a economizar muito espa\u00e7o. Organize facilmente o espa\u00e7o para armazenar frutas, legumes, alimentos, bebidas, latas, condimentos e outros itens. Essas caixas de geladeira tamb\u00e9m podem ser colocadas em freezers, despensas, arm\u00e1rios e bancadas para armazenamento.<\/li>\n<\/ul>\n<p>&nbsp;<\/p>\n<p>&nbsp;<\/p>\n<ul>\n<li><strong>DESIGN MULTIFUNCIONAL<\/strong> - Design empilh\u00e1vel para ajudar a maximizar o espa\u00e7o de armazenamento do seu refrigerador. As tampas dos recipientes da geladeira n\u00e3o s\u00e3o herm\u00e9ticas e podem prevenir eficazmente a poeira e os odores. O fundo dos recipientes grandes de armazenamento de vegetais para geladeira tem um orif\u00edcio de drenagem que pode ser facilmente aberto para drenar o excesso de \u00e1gua ap\u00f3s a lavagem de vegetais e frutas, evitando a umidade e mantendo-os frescos.<\/li>\n<\/ul>\n<p>&nbsp;<\/p>\n<p>&nbsp;<\/p>\n<ul>\n<li><strong>MATERIAL DE SEGURAN\u00c7A DE GRAU ALIMENT\u00cdCIO<\/strong> - Feitos de pl\u00e1stico PET transparente e dur\u00e1vel, sem BPA, \u00e0 prova de estilha\u00e7os, leves, mas resistentes, e podem durar muito tempo. Os recipientes de armazenamento para geladeira oferecem uma vis\u00e3o clara e facilitam a visualiza\u00e7\u00e3o do que est\u00e1 armazenado e a localiza\u00e7\u00e3o r\u00e1pida dos itens necess\u00e1rios. \u00d3timo para organizar uma geladeira desordenada.<\/li>\n<\/ul>\n<p style=\"text-align: center\"><strong><b>Tipo<\/b><\/strong>: Armazenamento dom\u00e9stico<\/p>\n<p style=\"text-align: center\"><strong><b>N\u00famero do item:<\/b><\/strong> W-61002-W-61004<\/p>\n<p style=\"text-align: center\"><strong><b>Tamanho do item<\/b><\/strong>:<\/p>\n<p style=\"text-align: center\">S:19*13.3*9.7<\/p>\n<p style=\"text-align: center\">M:25.5*17.3*12.4<\/p>\n<p style=\"text-align: center\">L:31.8*21*15<\/p>\n<p style=\"text-align: center\"><strong><b>Peso do item<\/b><\/strong>:<\/p>\n<p style=\"text-align: center\">S:294g<\/p>\n<p style=\"text-align: center\">M:527g<\/p>\n<p style=\"text-align: center\">C:846g<\/p>\n<p style=\"text-align: center\"><strong><b>Cores<\/b><\/strong>: Amarelo<\/p>\n<p style=\"text-align: center\"><strong><b>Material:<\/b><\/strong> PP, PET, Silicone<\/p>\n<p><img fetchpriority=\"high\" decoding=\"async\" class=\"aligncenter wp-image-10864\" src=\"https:\/\/www.sellersunionagent.com\/wp-content\/uploads\/2022\/10\/O1CN01b6vTmp1cki3Nwwv4x_2214334443639-0-cib.jpg\" alt=\"Fornecedor por atacado\" width=\"600\" height=\"600\" \/><\/p>\n<p><img decoding=\"async\" class=\"aligncenter wp-image-10865\" src=\"https:\/\/www.sellersunionagent.com\/wp-content\/uploads\/2022\/10\/O1CN01Bn8yYP1cki3EGFswh_2214334443639-0-cib.jpg\" alt=\"Armazenamento dom\u00e9stico\" width=\"600\" height=\"600\" \/><\/p>\n<p><img decoding=\"async\" class=\"aligncenter wp-image-10866\" src=\"https:\/\/www.sellersunionagent.com\/wp-content\/uploads\/2022\/10\/O1CN01RgPUZL1cki3775zPW_2214334443639-0-cib.jpg\" alt=\"Armazenamento dom\u00e9stico\" width=\"600\" height=\"600\" \/><\/p>\n<p><img loading=\"lazy\" decoding=\"async\" class=\"aligncenter wp-image-10867\" src=\"https:\/\/www.sellersunionagent.com\/wp-content\/uploads\/2022\/10\/O1CN014psXd61cki3M0FVnl_2214334443639-0-cib.jpg\" alt=\"Armazenamento dom\u00e9stico\" width=\"600\" height=\"600\" \/><\/p>","protected":false},"excerpt":{"rendered":"<p><strong><b>MOQ<\/b><\/strong>:  1000 pe\u00e7as<br \/>\n<strong><b>Amostra gr\u00e1tis<\/b><\/strong>:  Com suporte<br \/>\n<strong><b>Personaliza\u00e7\u00e3o<\/b><\/strong>: logotipo \/ cor \/ materiais \/ embalagem etc.<br \/>\n<strong><b>Desconto<\/b><\/strong>:  Primeiros pedidos a partir de 10% de desconto.<br \/>\n<strong><b>Taxa de entrega no prazo<\/b><\/strong>:\u00a0 100%<br \/>\n<strong><b>Total de remessas<\/b><\/strong>:  10000 pe\u00e7as<br \/>\n<strong><b>Remessa<\/b><\/strong>: Suporte expresso - frete mar\u00edtimo - frete terrestre<\/p>","protected":false},"featured_media":10871,"comment_status":"open","ping_status":"closed","template":"","meta":{"_acf_changed":false},"product_brand":[],"product_cat":[188,31],"product_tag":[87,73,94],"class_list":{"0":"post-10863","1":"product","2":"type-product","3":"status-publish","4":"has-post-thumbnail","6":"product_cat-kitchen","7":"product_cat-home-storage","8":"product_tag-bulk-wholesale","9":"product_tag-home-storagewholesaledurable","10":"product_tag-organizer","12":"first","13":"instock","14":"shipping-taxable","15":"product-type-simple","16":"swiper-slide"},"acf":[],"_links":{"self":[{"href":"https:\/\/www.sellersunionagent.com\/pt\/wp-json\/wp\/v2\/product\/10863","targetHints":{"allow":["GET"]}}],"collection":[{"href":"https:\/\/www.sellersunionagent.com\/pt\/wp-json\/wp\/v2\/product"}],"about":[{"href":"https:\/\/www.sellersunionagent.com\/pt\/wp-json\/wp\/v2\/types\/product"}],"replies":[{"embeddable":true,"href":"https:\/\/www.sellersunionagent.com\/pt\/wp-json\/wp\/v2\/comments?post=10863"}],"wp:featuredmedia":[{"embeddable":true,"href":"https:\/\/www.sellersunionagent.com\/pt\/wp-json\/wp\/v2\/media\/10871"}],"wp:attachment":[{"href":"https:\/\/www.sellersunionagent.com\/pt\/wp-json\/wp\/v2\/media?parent=10863"}],"wp:term":[{"taxonomy":"product_brand","embeddable":true,"href":"https:\/\/www.sellersunionagent.com\/pt\/wp-json\/wp\/v2\/product_brand?post=10863"},{"taxonomy":"product_cat","embeddable":true,"href":"https:\/\/www.sellersunionagent.com\/pt\/wp-json\/wp\/v2\/product_cat?post=10863"},{"taxonomy":"product_tag","embeddable":true,"href":"https:\/\/www.sellersunionagent.com\/pt\/wp-json\/wp\/v2\/product_tag?post=10863"}],"curies":[{"name":"wp","href":"https:\/\/api.w.org\/{rel}","templated":true}]}}