{"id":10768,"date":"2022-09-28T18:20:40","date_gmt":"2022-09-28T10:20:40","guid":{"rendered":"https:\/\/sellersunionagent.com\/?post_type=product&#038;p=10768"},"modified":"2022-09-28T18:20:40","modified_gmt":"2022-09-28T10:20:40","slug":"caixa-de-bolinho-de-massa-de-dupla-camada-para-armazenamento-em-geladeira","status":"publish","type":"product","link":"https:\/\/www.sellersunionagent.com\/pt\/household-double-layer-dumpling-box-for-refrigerator-storage\/","title":{"rendered":"Caixa de bolinhos dom\u00e9sticos de camada dupla para armazenamento em geladeira"},"content":{"rendered":"<h2>Caixa de bolinho de massa para freezer, caixa de camada dupla PET para bolinho de massa Wonton fresco, caixa grande de armazenamento em geladeira para alimentos de cozinha<\/h2>\n<p>&nbsp;<\/p>\n<p>&nbsp;<\/p>\n<ul>\n<li><strong>MANTENHA SUA GELADEIRA ORGANIZADA:<\/strong> Nossas caixas pl\u00e1sticas com tampa para geladeira foram projetadas para oferecer uma maneira conveniente, higi\u00eanica e econ\u00f4mica de adicionar mais praticidade \u00e0 maneira como voc\u00ea armazena suas carnes e mantimentos, al\u00e9m de ajudar a reduzir a desordem e organizar todos os itens essenciais da geladeira de maneira simples.<\/li>\n<\/ul>\n<p>&nbsp;<\/p>\n<p>&nbsp;<\/p>\n<ul>\n<li><strong>PL\u00c1STICO SEGURO E DUR\u00c1VEL:<\/strong> Nossas caixas de armazenamento para arm\u00e1rios de geladeira s\u00e3o feitas de pl\u00e1stico dur\u00e1vel, resistente a estilha\u00e7os e sem BPA para uso confi\u00e1vel e de longo prazo. N\u00e3o usamos produtos qu\u00edmicos ou ingredientes nocivos para garantir que nossas bandejas de armazenamento n\u00e3o afetem o sabor de seus alimentos.<\/li>\n<\/ul>\n<p>&nbsp;<\/p>\n<p>&nbsp;<\/p>\n<ul>\n<li><strong>Vers\u00e1til:<\/strong> Nossas caixas de armazenamento de alimentos na geladeira s\u00e3o perfeitas para armazenar e congelar bolinhos, p\u00e3ezinhos e produtos frescos! Tamb\u00e9m s\u00e3o \u00f3timas para armazenar todos os tipos de macarr\u00e3o, lasanha e aletria. Tamb\u00e9m podem ser usadas para armazenar alimentos secos em gavetas ou arm\u00e1rios para ajudar a prolongar seu frescor.<\/li>\n<\/ul>\n<p>&nbsp;<\/p>\n<p>&nbsp;<\/p>\n<ul>\n<li style=\"text-align: left\"><strong>Antiderrapante e est\u00e1vel:<\/strong> A parte inferior da gaveta de batatas fritas tem um design antiderrapante, que pode ser armazenado na geladeira com mais seguran\u00e7a. O design da ranhura \u00e9 conveniente para empilhar o corpo da caixa. O empilhamento ilimitado de camadas aumenta o espa\u00e7o de armazenamento.<\/li>\n<\/ul>\n<p style=\"text-align: center\"><strong>Tipo<\/strong>: Armazenamento na cozinha<\/p>\n<p style=\"text-align: center\"><strong>N\u00famero do item:<\/strong> TY-9082<\/p>\n<p style=\"text-align: center\"><strong>Tamanho do item<\/strong>:<\/p>\n<p style=\"text-align: center\">34,7*22,4*9,2cm<\/p>\n<p style=\"text-align: center\"><strong>Peso do item<\/strong>: 940g<\/p>\n<p style=\"text-align: center\"><strong>Cores<\/strong>: Transparente<\/p>\n<p style=\"text-align: center\"><strong>Material:<\/strong>PET<\/p>\n<p><img fetchpriority=\"high\" decoding=\"async\" class=\"aligncenter wp-image-10772\" src=\"https:\/\/www.sellersunionagent.com\/wp-content\/uploads\/2022\/09\/O1CN012uDdVz1cki3AqmpLE_2214334443639-0-cib.jpg\" alt=\"Fornecedor por atacado\" width=\"600\" height=\"600\" \/> <img decoding=\"async\" class=\"aligncenter wp-image-10771\" src=\"https:\/\/www.sellersunionagent.com\/wp-content\/uploads\/2022\/09\/O1CN01Rmfrti1cki3Aqksmj_2214334443639-0-cib.jpg\" alt=\"Fornecedor por atacado\" width=\"600\" height=\"600\" \/> <img decoding=\"async\" class=\"aligncenter wp-image-10770\" src=\"https:\/\/www.sellersunionagent.com\/wp-content\/uploads\/2022\/09\/O1CN01iDHOAI1cki3DYbWhl_2214334443639-0-cib.jpg\" alt=\"Fornecedor por atacado\" width=\"600\" height=\"600\" \/><\/p>","protected":false},"excerpt":{"rendered":"<p><strong>MOQ<\/strong>:  1000 pe\u00e7as<br \/>\n<strong>Amostra gr\u00e1tis<\/strong>:  Com suporte<br \/>\n<strong>Personaliza\u00e7\u00e3o<\/strong>: logotipo \/ cor \/ materiais \/ embalagem etc.<br \/>\n<strong>Desconto<\/strong>:  Primeiros pedidos a partir de 10% de desconto.<br \/>\n<strong>Taxa de entrega no prazo<\/strong>:\u00a0 100%<br \/>\n<strong>Total de remessas<\/strong>:  10000 pe\u00e7as<br \/>\n<strong>Remessa<\/strong>: Suporte expresso - frete mar\u00edtimo - frete terrestre<\/p>","protected":false},"featured_media":10773,"comment_status":"open","ping_status":"closed","template":"","meta":{"_acf_changed":false},"product_brand":[],"product_cat":[188,31],"product_tag":[71,42,70],"class_list":{"0":"post-10768","1":"product","2":"type-product","3":"status-publish","4":"has-post-thumbnail","6":"product_cat-kitchen","7":"product_cat-home-storage","8":"product_tag-durable","9":"product_tag-high-quality","10":"product_tag-home-storage","12":"first","13":"instock","14":"shipping-taxable","15":"product-type-simple","16":"swiper-slide"},"acf":[],"_links":{"self":[{"href":"https:\/\/www.sellersunionagent.com\/pt\/wp-json\/wp\/v2\/product\/10768","targetHints":{"allow":["GET"]}}],"collection":[{"href":"https:\/\/www.sellersunionagent.com\/pt\/wp-json\/wp\/v2\/product"}],"about":[{"href":"https:\/\/www.sellersunionagent.com\/pt\/wp-json\/wp\/v2\/types\/product"}],"replies":[{"embeddable":true,"href":"https:\/\/www.sellersunionagent.com\/pt\/wp-json\/wp\/v2\/comments?post=10768"}],"wp:featuredmedia":[{"embeddable":true,"href":"https:\/\/www.sellersunionagent.com\/pt\/wp-json\/wp\/v2\/media\/10773"}],"wp:attachment":[{"href":"https:\/\/www.sellersunionagent.com\/pt\/wp-json\/wp\/v2\/media?parent=10768"}],"wp:term":[{"taxonomy":"product_brand","embeddable":true,"href":"https:\/\/www.sellersunionagent.com\/pt\/wp-json\/wp\/v2\/product_brand?post=10768"},{"taxonomy":"product_cat","embeddable":true,"href":"https:\/\/www.sellersunionagent.com\/pt\/wp-json\/wp\/v2\/product_cat?post=10768"},{"taxonomy":"product_tag","embeddable":true,"href":"https:\/\/www.sellersunionagent.com\/pt\/wp-json\/wp\/v2\/product_tag?post=10768"}],"curies":[{"name":"wp","href":"https:\/\/api.w.org\/{rel}","templated":true}]}}