{"id":10753,"date":"2022-09-28T17:56:14","date_gmt":"2022-09-28T09:56:14","guid":{"rendered":"https:\/\/sellersunionagent.com\/?post_type=product&#038;p=10753"},"modified":"2022-09-28T17:56:14","modified_gmt":"2022-09-28T09:56:14","slug":"prateleiras-empilhaveis-de-armazenamento-de-cozinha-basicas-no-atacado-branco-verde","status":"publish","type":"product","link":"https:\/\/www.sellersunionagent.com\/pt\/wholesale-basics-stackable-kitchen-storage-shelves-whitegreen\/","title":{"rendered":"Prateleiras de armazenamento empilh\u00e1veis para cozinha Wholesale Basics, branco e verde"},"content":{"rendered":"<h2 id=\"title\" class=\"a-size-large a-spacing-none\"><span id=\"productTitle\" class=\"a-size-large product-title-word-break\">Porta-pratos grande para organiza\u00e7\u00e3o de cozinha Suporte de prateleira que economiza espa\u00e7o<\/span><\/h2>\n<p>&nbsp;<\/p>\n<p>&nbsp;<\/p>\n<ul>\n<li>\u3010Armazenamento completo na cozinha\u3011<\/li>\n<\/ul>\n<p>&nbsp;<\/p>\n<p>&nbsp;<\/p>\n<ul>\n<li>\u3010DUR\u00c1VEL E RESISTENTE\u3011<\/li>\n<\/ul>\n<p>&nbsp;<\/p>\n<p>&nbsp;<\/p>\n<ul>\n<li>\u3010TAMANHO AJUST\u00c1VEL -2022 ATUALIZADO\u3011<\/li>\n<\/ul>\n<p>&nbsp;<\/p>\n<p>&nbsp;<\/p>\n<ul>\n<li>\u3010CONVENIENTE E COM ECONOMIA DE ESPA\u00c7O\u3011<\/li>\n<\/ul>\n<p>&nbsp;<\/p>\n<p style=\"text-align: center\"><strong>Tipo<\/strong>: Armazenamento na cozinha<\/p>\n<p style=\"text-align: center\"><strong>N\u00famero do item:<\/strong> TY-4542<\/p>\n<p style=\"text-align: center\"><strong>Tamanho do item<\/strong>:<\/p>\n<p style=\"text-align: center\">35,5*25*28,5 cm<\/p>\n<p style=\"text-align: center\"><strong>Peso do item<\/strong>: 692.6g<\/p>\n<p style=\"text-align: center\"><strong>Cores<\/strong>Branco e verde<\/p>\n<p style=\"text-align: center\"><strong>Material: <\/strong>PP<\/p>\n<p><img fetchpriority=\"high\" decoding=\"async\" class=\"aligncenter wp-image-10756\" src=\"https:\/\/www.sellersunionagent.com\/wp-content\/uploads\/2022\/09\/O1CN01T8ikV51cki3Qr5KlJ_2214334443639-0-cib.jpg\" alt=\"Fornecedor por atacado\" width=\"600\" height=\"600\" \/><\/p>\n<p><img decoding=\"async\" class=\"aligncenter wp-image-10755\" src=\"https:\/\/www.sellersunionagent.com\/wp-content\/uploads\/2022\/09\/O1CN01oqjnbC1cki3Om8hHy_2214334443639-0-cib.jpg\" alt=\"Fornecedor por atacado\" width=\"600\" height=\"600\" \/><\/p>\n<p><img decoding=\"async\" class=\"aligncenter wp-image-10758\" src=\"https:\/\/www.sellersunionagent.com\/wp-content\/uploads\/2022\/09\/O1CN014KlBin1cki3Qr4KMZ_2214334443639-0-cib.jpg\" alt=\"Fornecedor por atacado\" width=\"600\" height=\"600\" \/><\/p>\n<p><img loading=\"lazy\" decoding=\"async\" class=\"aligncenter wp-image-10757\" src=\"https:\/\/www.sellersunionagent.com\/wp-content\/uploads\/2022\/09\/O1CN01ykiAVD1cki3ICUveb_2214334443639-0-cib.jpg\" alt=\"Fornecedor por atacado\" width=\"600\" height=\"600\" \/><\/p>","protected":false},"excerpt":{"rendered":"<p><strong>MOQ<\/strong>:  1000 pe\u00e7as<br \/>\n<strong>Amostra gr\u00e1tis<\/strong>:  Com suporte<br \/>\n<strong>Personaliza\u00e7\u00e3o<\/strong>: logotipo \/ cor \/ materiais \/ embalagem etc.<br \/>\n<strong>Desconto<\/strong>:  Primeiros pedidos a partir de 10% de desconto.<br \/>\n<strong>Taxa de entrega no prazo<\/strong>:\u00a0 100%<br \/>\n<strong>Total de remessas<\/strong>:  10000 pe\u00e7as<br \/>\n<strong>Remessa<\/strong>: Suporte expresso - frete mar\u00edtimo - frete terrestre<\/p>","protected":false},"featured_media":10759,"comment_status":"open","ping_status":"closed","template":"","meta":{"_acf_changed":false},"product_brand":[],"product_cat":[31,188],"product_tag":[87,73,93],"class_list":{"0":"post-10753","1":"product","2":"type-product","3":"status-publish","4":"has-post-thumbnail","6":"product_cat-home-storage","7":"product_cat-kitchen","8":"product_tag-bulk-wholesale","9":"product_tag-home-storagewholesaledurable","10":"product_tag-storage","12":"first","13":"instock","14":"shipping-taxable","15":"product-type-simple","16":"swiper-slide"},"acf":[],"_links":{"self":[{"href":"https:\/\/www.sellersunionagent.com\/pt\/wp-json\/wp\/v2\/product\/10753","targetHints":{"allow":["GET"]}}],"collection":[{"href":"https:\/\/www.sellersunionagent.com\/pt\/wp-json\/wp\/v2\/product"}],"about":[{"href":"https:\/\/www.sellersunionagent.com\/pt\/wp-json\/wp\/v2\/types\/product"}],"replies":[{"embeddable":true,"href":"https:\/\/www.sellersunionagent.com\/pt\/wp-json\/wp\/v2\/comments?post=10753"}],"wp:featuredmedia":[{"embeddable":true,"href":"https:\/\/www.sellersunionagent.com\/pt\/wp-json\/wp\/v2\/media\/10759"}],"wp:attachment":[{"href":"https:\/\/www.sellersunionagent.com\/pt\/wp-json\/wp\/v2\/media?parent=10753"}],"wp:term":[{"taxonomy":"product_brand","embeddable":true,"href":"https:\/\/www.sellersunionagent.com\/pt\/wp-json\/wp\/v2\/product_brand?post=10753"},{"taxonomy":"product_cat","embeddable":true,"href":"https:\/\/www.sellersunionagent.com\/pt\/wp-json\/wp\/v2\/product_cat?post=10753"},{"taxonomy":"product_tag","embeddable":true,"href":"https:\/\/www.sellersunionagent.com\/pt\/wp-json\/wp\/v2\/product_tag?post=10753"}],"curies":[{"name":"wp","href":"https:\/\/api.w.org\/{rel}","templated":true}]}}