{"id":10676,"date":"2022-09-27T14:40:11","date_gmt":"2022-09-27T06:40:11","guid":{"rendered":"https:\/\/sellersunionagent.com\/?post_type=product&#038;p=10676"},"modified":"2022-09-27T14:40:11","modified_gmt":"2022-09-27T06:40:11","slug":"cesto-de-roupa-suja-portatil-dobravel-grande-e-multifuncional","status":"publish","type":"product","link":"https:\/\/www.sellersunionagent.com\/pt\/multi-functional-large-folding-portable-laundry-basket\/","title":{"rendered":"Cesto de roupa suja port\u00e1til dobr\u00e1vel grande e multifuncional"},"content":{"rendered":"<h2>Cesto de roupa suja port\u00e1til dobr\u00e1vel grande e multifuncional<\/h2>\n<div class=\"elementor-element elementor-element-42815df elementor-widget elementor-widget-heading\" data-id=\"42815df\" data-element_type=\"widget\" data-widget_type=\"heading.default\">\n<div class=\"elementor-widget-container\">\n<p class=\"elementor-heading-title elementor-size-default\"><strong>Tipo<\/strong>: Cesto de roupa suja<\/p>\n<\/div>\n<\/div>\n<div class=\"elementor-element elementor-element-c17fac7 elementor-widget elementor-widget-woocommerce-product-short-description\" data-id=\"c17fac7\" data-element_type=\"widget\" data-widget_type=\"woocommerce-product-short-description.default\">\n<div class=\"elementor-widget-container\">\n<div class=\"woocommerce-product-details__short-description\">\n<p><strong>N\u00famero do item:<\/strong> LF-ZD051<\/p>\n<p><strong>Tamanho do item<\/strong>: 66*43,5*26\uff088,5\uff09cm<\/p>\n<p><strong>Cores<\/strong>: Cinza<\/p>\n<p><strong>Material:<\/strong>pp+tpr<\/p>\n<\/div>\n<\/div>\n<\/div>\n<p>&nbsp;<\/p>\n<p>&nbsp;<\/p>\n<ul>\n<li>Alta qualidade<\/li>\n<li>Economizar espa\u00e7o<\/li>\n<li>Dobr\u00e1vel e port\u00e1til<\/li>\n<li>Grande capacidade<\/li>\n<li>Dur\u00e1vel<\/li>\n<\/ul>\n<p><img fetchpriority=\"high\" decoding=\"async\" class=\"aligncenter wp-image-10690\" src=\"https:\/\/www.sellersunionagent.com\/wp-content\/uploads\/2022\/09\/22170979890_1430113251.jpg\" alt=\"Multifuncional \" width=\"600\" height=\"600\" \/> <img decoding=\"async\" class=\"aligncenter wp-image-10689\" src=\"https:\/\/www.sellersunionagent.com\/wp-content\/uploads\/2022\/09\/13ec948dfc1ccde60b6814a9462e4d6f_22170994722_1430113251.jpg\" alt=\"Multifuncional \" width=\"600\" height=\"600\" \/> <img decoding=\"async\" class=\"aligncenter wp-image-10688\" src=\"https:\/\/www.sellersunionagent.com\/wp-content\/uploads\/2022\/09\/9ae97883f669099c743b51125292e299_22089861656_1430113251.jpg\" alt=\"Multifuncional \" width=\"600\" height=\"744\" \/> <img loading=\"lazy\" decoding=\"async\" class=\"aligncenter wp-image-10687\" src=\"https:\/\/www.sellersunionagent.com\/wp-content\/uploads\/2022\/09\/3a4619aca238057c7f2a8b21e9d52aec_22089858751_1430113251.jpg\" alt=\"Multifuncional \" width=\"600\" height=\"738\" \/> <img loading=\"lazy\" decoding=\"async\" class=\"aligncenter wp-image-10686\" src=\"https:\/\/www.sellersunionagent.com\/wp-content\/uploads\/2022\/09\/ab231a69fa9f19c0905365f9ad49eacc_22260848886_1430113251.jpg\" alt=\"Multifuncional \" width=\"600\" height=\"884\" \/> <img loading=\"lazy\" decoding=\"async\" class=\"aligncenter wp-image-10685\" src=\"https:\/\/www.sellersunionagent.com\/wp-content\/uploads\/2022\/09\/1664260526852.png\" alt=\"Multifuncional \" width=\"595\" height=\"595\" \/> <img loading=\"lazy\" decoding=\"async\" class=\"aligncenter wp-image-10684\" src=\"https:\/\/www.sellersunionagent.com\/wp-content\/uploads\/2022\/09\/22258137750_1430113251.jpg\" alt=\"Multifuncional \" width=\"595\" height=\"595\" \/><\/p>","protected":false},"excerpt":{"rendered":"<p><strong>MOQ<\/strong>:  500 pe\u00e7as<br \/>\n<strong>Amostra gr\u00e1tis<\/strong>:  Com suporte<br \/>\n<strong>Personaliza\u00e7\u00e3o<\/strong>: logotipo \/ cor \/ materiais \/ embalagem etc.<br \/>\n<strong>Desconto<\/strong>:  Primeiros pedidos a partir de 10% de desconto.<br \/>\n<strong>Taxa de entrega no prazo<\/strong>:\u00a0 100%<br \/>\n<strong>Total de remessas<\/strong>:  10000 pe\u00e7as<br \/>\n<strong>Remessa<\/strong>: Suporte expresso - frete mar\u00edtimo - frete terrestre<\/p>","protected":false},"featured_media":10690,"comment_status":"open","ping_status":"closed","template":"","meta":{"_acf_changed":false},"product_brand":[],"product_cat":[189,31],"product_tag":[193,68,195],"class_list":{"0":"post-10676","1":"product","2":"type-product","3":"status-publish","4":"has-post-thumbnail","6":"product_cat-bathroom","7":"product_cat-home-storage","8":"product_tag-foldable","9":"product_tag-large","10":"product_tag-multi-functional","12":"first","13":"instock","14":"shipping-taxable","15":"product-type-simple","16":"swiper-slide"},"acf":[],"_links":{"self":[{"href":"https:\/\/www.sellersunionagent.com\/pt\/wp-json\/wp\/v2\/product\/10676","targetHints":{"allow":["GET"]}}],"collection":[{"href":"https:\/\/www.sellersunionagent.com\/pt\/wp-json\/wp\/v2\/product"}],"about":[{"href":"https:\/\/www.sellersunionagent.com\/pt\/wp-json\/wp\/v2\/types\/product"}],"replies":[{"embeddable":true,"href":"https:\/\/www.sellersunionagent.com\/pt\/wp-json\/wp\/v2\/comments?post=10676"}],"wp:featuredmedia":[{"embeddable":true,"href":"https:\/\/www.sellersunionagent.com\/pt\/wp-json\/wp\/v2\/media\/10690"}],"wp:attachment":[{"href":"https:\/\/www.sellersunionagent.com\/pt\/wp-json\/wp\/v2\/media?parent=10676"}],"wp:term":[{"taxonomy":"product_brand","embeddable":true,"href":"https:\/\/www.sellersunionagent.com\/pt\/wp-json\/wp\/v2\/product_brand?post=10676"},{"taxonomy":"product_cat","embeddable":true,"href":"https:\/\/www.sellersunionagent.com\/pt\/wp-json\/wp\/v2\/product_cat?post=10676"},{"taxonomy":"product_tag","embeddable":true,"href":"https:\/\/www.sellersunionagent.com\/pt\/wp-json\/wp\/v2\/product_tag?post=10676"}],"curies":[{"name":"wp","href":"https:\/\/api.w.org\/{rel}","templated":true}]}}