{"id":10600,"date":"2022-09-22T16:02:53","date_gmt":"2022-09-22T08:02:53","guid":{"rendered":"https:\/\/sellersunionagent.com\/?post_type=product&#038;p=10600"},"modified":"2022-09-22T16:02:53","modified_gmt":"2022-09-22T08:02:53","slug":"bacia-grande-dobravel-no-atacado-para-casa-dormitorio-e-viagens","status":"publish","type":"product","link":"https:\/\/www.sellersunionagent.com\/pt\/wholesale-large-foldable-basin-for-home-dormitory-travel\/","title":{"rendered":"Bacia grande dobr\u00e1vel para casa, dormit\u00f3rio e viagens"},"content":{"rendered":"<h2>Bacia grande dobr\u00e1vel para casa, dormit\u00f3rio e viagens<\/h2>\n<div class=\"elementor-element elementor-element-42815df elementor-widget elementor-widget-heading\" data-id=\"42815df\" data-element_type=\"widget\" data-widget_type=\"heading.default\">\n<div class=\"elementor-widget-container\">\n<p class=\"elementor-heading-title elementor-size-default\"><strong>Tipo<\/strong>: Bacia<\/p>\n<\/div>\n<\/div>\n<div class=\"elementor-element elementor-element-c17fac7 elementor-widget elementor-widget-woocommerce-product-short-description\" data-id=\"c17fac7\" data-element_type=\"widget\" data-widget_type=\"woocommerce-product-short-description.default\">\n<div class=\"elementor-widget-container\">\n<div class=\"woocommerce-product-details__short-description\">\n<p><strong>N\u00famero do item:<\/strong> LF-ZD011<\/p>\n<p><strong>Tamanho do item<\/strong>: dia37,5\u00d714(5)cm<\/p>\n<p><strong>Cores<\/strong>: Cinza<\/p>\n<p><strong>Material:<\/strong>pp+tpr<\/p>\n<\/div>\n<\/div>\n<\/div>\n<p>&nbsp;<\/p>\n<p>&nbsp;<\/p>\n<ul>\n<li>Alta qualidade<\/li>\n<li>Material ecologicamente correto<\/li>\n<li>Dobr\u00e1vel<img fetchpriority=\"high\" decoding=\"async\" class=\"aligncenter wp-image-10605\" src=\"https:\/\/www.sellersunionagent.com\/wp-content\/uploads\/2022\/09\/22223810474_1430113251.jpg\" alt=\"Atacado\" width=\"600\" height=\"600\" \/> <img decoding=\"async\" class=\"aligncenter wp-image-10604\" src=\"https:\/\/www.sellersunionagent.com\/wp-content\/uploads\/2022\/09\/22134811838_1430113251.jpg\" alt=\"Atacado\" width=\"600\" height=\"600\" \/><img decoding=\"async\" class=\"aligncenter wp-image-10607\" src=\"https:\/\/www.sellersunionagent.com\/wp-content\/uploads\/2022\/09\/b74c305e092a1b66f627d9af5a52bca9_22052367956_1430113251.jpg\" alt=\"Atacado \" width=\"600\" height=\"414\" \/> <img loading=\"lazy\" decoding=\"async\" class=\"aligncenter wp-image-10609\" src=\"https:\/\/www.sellersunionagent.com\/wp-content\/uploads\/2022\/09\/d798055d35e06753ac4678ea45a87f40_22222736994_1430113251.jpg\" alt=\"Atacado \" width=\"600\" height=\"400\" \/> <img loading=\"lazy\" decoding=\"async\" class=\"aligncenter wp-image-10608\" src=\"https:\/\/www.sellersunionagent.com\/wp-content\/uploads\/2022\/09\/1663832425723.png\" alt=\"Atacado \" width=\"600\" height=\"617\" \/><\/li>\n<\/ul>","protected":false},"excerpt":{"rendered":"<p><strong>MOQ<\/strong>:  500 pe\u00e7as<br \/>\n<strong>Amostra gr\u00e1tis<\/strong>:  Com suporte<br \/>\n<strong>Personaliza\u00e7\u00e3o<\/strong>: logotipo \/ cor \/ materiais \/ embalagem etc.<br \/>\n<strong>Desconto<\/strong>:  Primeiros pedidos a partir de 10% de desconto.<br \/>\n<strong>Taxa de entrega no prazo<\/strong>:\u00a0 100%<br \/>\n<strong>Total de remessas<\/strong>:  10000 pe\u00e7as<br \/>\n<strong>Remessa<\/strong>: Suporte expresso - frete mar\u00edtimo - frete terrestre<\/p>","protected":false},"featured_media":10604,"comment_status":"open","ping_status":"closed","template":"","meta":{"_acf_changed":false},"product_brand":[],"product_cat":[188,31],"product_tag":[42,50],"class_list":{"0":"post-10600","1":"product","2":"type-product","3":"status-publish","4":"has-post-thumbnail","6":"product_cat-kitchen","7":"product_cat-home-storage","8":"product_tag-high-quality","9":"product_tag-wholesale","11":"first","12":"instock","13":"shipping-taxable","14":"product-type-simple","15":"swiper-slide"},"acf":[],"_links":{"self":[{"href":"https:\/\/www.sellersunionagent.com\/pt\/wp-json\/wp\/v2\/product\/10600","targetHints":{"allow":["GET"]}}],"collection":[{"href":"https:\/\/www.sellersunionagent.com\/pt\/wp-json\/wp\/v2\/product"}],"about":[{"href":"https:\/\/www.sellersunionagent.com\/pt\/wp-json\/wp\/v2\/types\/product"}],"replies":[{"embeddable":true,"href":"https:\/\/www.sellersunionagent.com\/pt\/wp-json\/wp\/v2\/comments?post=10600"}],"wp:featuredmedia":[{"embeddable":true,"href":"https:\/\/www.sellersunionagent.com\/pt\/wp-json\/wp\/v2\/media\/10604"}],"wp:attachment":[{"href":"https:\/\/www.sellersunionagent.com\/pt\/wp-json\/wp\/v2\/media?parent=10600"}],"wp:term":[{"taxonomy":"product_brand","embeddable":true,"href":"https:\/\/www.sellersunionagent.com\/pt\/wp-json\/wp\/v2\/product_brand?post=10600"},{"taxonomy":"product_cat","embeddable":true,"href":"https:\/\/www.sellersunionagent.com\/pt\/wp-json\/wp\/v2\/product_cat?post=10600"},{"taxonomy":"product_tag","embeddable":true,"href":"https:\/\/www.sellersunionagent.com\/pt\/wp-json\/wp\/v2\/product_tag?post=10600"}],"curies":[{"name":"wp","href":"https:\/\/api.w.org\/{rel}","templated":true}]}}