{"id":10495,"date":"2022-09-14T14:47:49","date_gmt":"2022-09-14T06:47:49","guid":{"rendered":"https:\/\/sellersunionagent.com\/?post_type=product&#038;p=10495"},"modified":"2022-09-14T14:47:49","modified_gmt":"2022-09-14T06:47:49","slug":"cesto-de-roupa-suja-dobravel-de-grande-capacidade-para-uso-domestico-cesto-de-armazenamento-de-roupas-sujas-para-banheiro","status":"publish","type":"product","link":"https:\/\/www.sellersunionagent.com\/pt\/household-large-capacity-folding-laundry-basket-bathroom-dirty-clothes-storage-basket\/","title":{"rendered":"Cesto de roupa suja dobr\u00e1vel de grande capacidade para uso dom\u00e9stico Cesto de armazenamento de roupas sujas para banheiro"},"content":{"rendered":"<h2>Cesto de roupa suja dobr\u00e1vel de grande capacidade para uso dom\u00e9stico Cesto de armazenamento de roupas sujas para banheiro<\/h2>\n<div class=\"elementor-element elementor-element-42815df elementor-widget elementor-widget-heading\" data-id=\"42815df\" data-element_type=\"widget\" data-widget_type=\"heading.default\">\n<div class=\"elementor-widget-container\">\n<p class=\"elementor-heading-title elementor-size-default\"><strong>Tipo<\/strong>: Cesta de armazenamento<\/p>\n<\/div>\n<\/div>\n<div class=\"elementor-element elementor-element-c17fac7 elementor-widget elementor-widget-woocommerce-product-short-description\" data-id=\"c17fac7\" data-element_type=\"widget\" data-widget_type=\"woocommerce-product-short-description.default\">\n<div class=\"elementor-widget-container\">\n<div class=\"woocommerce-product-details__short-description\">\n<p><strong>N\u00famero do item:<\/strong> LF-39<\/p>\n<p><strong>Tamanho do item<\/strong>: 58*38*23(7,8)cm<\/p>\n<p><strong>Cores<\/strong>: Cinza\/azul<\/p>\n<p><strong>Material:<\/strong>pp+tpr<\/p>\n<\/div>\n<\/div>\n<\/div>\n<p>&nbsp;<\/p>\n<p>&nbsp;<\/p>\n<ul>\n<li>Multifuncional<\/li>\n<li>Material ecologicamente correto<\/li>\n<li>Dobr\u00e1vel e port\u00e1til<img fetchpriority=\"high\" decoding=\"async\" class=\"aligncenter wp-image-10496\" src=\"https:\/\/www.sellersunionagent.com\/wp-content\/uploads\/2022\/09\/d8770de6cea0589286b4db01941441df_O1CN01LrvlFn2KebqQe1uJL_2208740189582-0-cib.jpg\" alt=\"Cesto de armazenamento de roupas sujas\" width=\"600\" height=\"600\" \/><img decoding=\"async\" class=\"aligncenter wp-image-10501\" src=\"https:\/\/www.sellersunionagent.com\/wp-content\/uploads\/2022\/09\/953718ecca9d48d2ac579a2f38e179b2_O1CN01FKYaGE2KebqLnP2DV_2208740189582-0-cib.jpg\" alt=\"Cesto de armazenamento de roupas sujas\" width=\"600\" height=\"600\" \/><img decoding=\"async\" class=\"aligncenter wp-image-10500\" src=\"https:\/\/www.sellersunionagent.com\/wp-content\/uploads\/2022\/09\/2270eb165803a9772df78f7ba5b1e08a_O1CN01aqjAwB2KebqO0H6EW_2208740189582-0-cib.jpg\" alt=\"Cesto de armazenamento de roupas sujas\" width=\"600\" height=\"600\" \/> <img loading=\"lazy\" decoding=\"async\" class=\"aligncenter wp-image-10499\" src=\"https:\/\/www.sellersunionagent.com\/wp-content\/uploads\/2022\/09\/86ab10d8c16afb572fd2ff80a6ae0d4f_O1CN01JYrFln2KebqQd5u9Y_2208740189582-0-cib.jpg\" alt=\"Cesto de armazenamento de roupas sujas\" width=\"600\" height=\"600\" \/> <img loading=\"lazy\" decoding=\"async\" class=\"alignnone size-full wp-image-10498\" src=\"https:\/\/www.sellersunionagent.com\/wp-content\/uploads\/2022\/09\/7c843f1ae7e0000158c5022aca370f7a_O1CN01HKtDmn2KebqO0L3bI_2208740189582-0-cib.jpg\" alt=\"Cesto de armazenamento de roupas sujas\" width=\"800\" height=\"800\" \/><img loading=\"lazy\" decoding=\"async\" class=\"aligncenter wp-image-10497\" src=\"https:\/\/www.sellersunionagent.com\/wp-content\/uploads\/2022\/09\/4a65f8a85cd63501fdc9a6127d44c2f3_O1CN01z1jA0Z2KebqOhoIzl_2208740189582-0-cib.jpg\" alt=\"Cesto de armazenamento de roupas sujas\" width=\"600\" height=\"600\" \/><\/li>\n<\/ul>","protected":false},"excerpt":{"rendered":"<p><strong>MOQ<\/strong>:  500 pe\u00e7as<br \/>\n<strong>Amostra gr\u00e1tis<\/strong>:  Com suporte<br \/>\n<strong>Personaliza\u00e7\u00e3o<\/strong>: logotipo \/ cor \/ materiais \/ embalagem etc.<br \/>\n<strong>Desconto<\/strong>:  Primeiros pedidos a partir de 10% de desconto.<br \/>\n<strong>Taxa de entrega no prazo<\/strong>:\u00a0 100%<br \/>\n<strong>Total de remessas<\/strong>:  10000 pe\u00e7as<br \/>\n<strong>Remessa<\/strong>: Suporte expresso - frete mar\u00edtimo - frete terrestre<\/p>","protected":false},"featured_media":10498,"comment_status":"open","ping_status":"closed","template":"","meta":{"_acf_changed":false},"product_brand":[],"product_cat":[189],"product_tag":[193,48],"class_list":{"0":"post-10495","1":"product","2":"type-product","3":"status-publish","4":"has-post-thumbnail","6":"product_cat-bathroom","7":"product_tag-foldable","8":"product_tag-large-capacity","10":"first","11":"instock","12":"shipping-taxable","13":"product-type-simple","14":"swiper-slide"},"acf":[],"_links":{"self":[{"href":"https:\/\/www.sellersunionagent.com\/pt\/wp-json\/wp\/v2\/product\/10495","targetHints":{"allow":["GET"]}}],"collection":[{"href":"https:\/\/www.sellersunionagent.com\/pt\/wp-json\/wp\/v2\/product"}],"about":[{"href":"https:\/\/www.sellersunionagent.com\/pt\/wp-json\/wp\/v2\/types\/product"}],"replies":[{"embeddable":true,"href":"https:\/\/www.sellersunionagent.com\/pt\/wp-json\/wp\/v2\/comments?post=10495"}],"wp:featuredmedia":[{"embeddable":true,"href":"https:\/\/www.sellersunionagent.com\/pt\/wp-json\/wp\/v2\/media\/10498"}],"wp:attachment":[{"href":"https:\/\/www.sellersunionagent.com\/pt\/wp-json\/wp\/v2\/media?parent=10495"}],"wp:term":[{"taxonomy":"product_brand","embeddable":true,"href":"https:\/\/www.sellersunionagent.com\/pt\/wp-json\/wp\/v2\/product_brand?post=10495"},{"taxonomy":"product_cat","embeddable":true,"href":"https:\/\/www.sellersunionagent.com\/pt\/wp-json\/wp\/v2\/product_cat?post=10495"},{"taxonomy":"product_tag","embeddable":true,"href":"https:\/\/www.sellersunionagent.com\/pt\/wp-json\/wp\/v2\/product_tag?post=10495"}],"curies":[{"name":"wp","href":"https:\/\/api.w.org\/{rel}","templated":true}]}}