{"id":10335,"date":"2022-09-02T15:40:40","date_gmt":"2022-09-02T07:40:40","guid":{"rendered":"https:\/\/sellersunionagent.com\/?post_type=product&#038;p=10335"},"modified":"2022-09-02T17:13:59","modified_gmt":"2022-09-02T09:13:59","slug":"organizador-de-pratos-e-tampas-de-panelas-para-vendas-quentes","status":"publish","type":"product","link":"https:\/\/www.sellersunionagent.com\/pt\/hot-sales-plate-and-pot-lid-organiser\/","title":{"rendered":"Organizador de tampas de panelas e pratos para cozinha"},"content":{"rendered":"<h2>Suporte adequado para assadeiras, t\u00e1buas de corte, panelas e frigideiras, bandejas de servi\u00e7o<\/h2>\n<p>&nbsp;<\/p>\n<p>AMPLAMENTE UTILIZADO E ARMAZENADO<br \/>\nORGANIZADOR VERS\u00c1TIL<br \/>\n100% satisfa\u00e7\u00e3o e garantia sem preocupa\u00e7\u00f5es<\/p>\n<p>&nbsp;<\/p>\n<p style=\"text-align: center\"><strong>Tipo<\/strong>: Armazenamento dom\u00e9stico<\/p>\n<p style=\"text-align: center\"><strong>N\u00famero do item:<\/strong> YM-6460-6461<\/p>\n<p style=\"text-align: center\"><strong>Tamanho do item<\/strong>:<\/p>\n<p style=\"text-align: center\">25*12*14cm<\/p>\n<p style=\"text-align: center\">25*20*8,5cm<\/p>\n<p style=\"text-align: center\"><strong>Peso do item<\/strong>: 232g\uff0c238g<\/p>\n<p style=\"text-align: center\"><strong>Cores<\/strong>: Azul-petr\u00f3leo, verde-escuro, transparente<\/p>\n<p style=\"text-align: center\"><img fetchpriority=\"high\" decoding=\"async\" class=\"aligncenter wp-image-10340\" src=\"https:\/\/www.sellersunionagent.com\/wp-content\/uploads\/2022\/09\/O1CN01q2qwmu1KlTXahdH2i_1681711204-0-cib.jpg\" alt=\"Armazenamento na cozinha\" width=\"600\" height=\"600\" \/> <img decoding=\"async\" class=\"aligncenter wp-image-10339\" src=\"https:\/\/www.sellersunionagent.com\/wp-content\/uploads\/2022\/09\/O1CN01j8zcoI1KlTXY8NgDL_1681711204-0-cib.jpg\" alt=\"Armazenamento na cozinha\" width=\"600\" height=\"600\" \/> <img decoding=\"async\" class=\"aligncenter wp-image-10338\" src=\"https:\/\/www.sellersunionagent.com\/wp-content\/uploads\/2022\/09\/O1CN01gSakGN1KlTXY8ODSa_1681711204-0-cib.jpg\" alt=\"Armazenamento na cozinha\" width=\"600\" height=\"600\" \/> <img loading=\"lazy\" decoding=\"async\" class=\"alignnone wp-image-10337\" src=\"https:\/\/www.sellersunionagent.com\/wp-content\/uploads\/2022\/09\/O1CN01GJHtIM1KlTXS2CJz3_1681711204-0-cib.jpg\" alt=\"Armazenamento na cozinha\" width=\"600\" height=\"600\" \/><\/p>","protected":false},"excerpt":{"rendered":"<p><strong>MOQ<\/strong>:  1000 pe\u00e7as<br \/>\n<strong>Amostra gr\u00e1tis<\/strong>:  Com suporte<br \/>\n<strong>Personaliza\u00e7\u00e3o<\/strong>: logotipo \/ cor \/ materiais \/ embalagem etc.<br \/>\n<strong>Desconto<\/strong>:  Primeiros pedidos a partir de 10% de desconto.<br \/>\n<strong>Taxa de entrega no prazo<\/strong>:\u00a0 100%<br \/>\n<strong>Total de remessas<\/strong>:  10000 pe\u00e7as<br \/>\n<strong>Remessa<\/strong>: Suporte expresso - frete mar\u00edtimo - frete terrestre<\/p>","protected":false},"featured_media":10341,"comment_status":"open","ping_status":"closed","template":"","meta":{"_acf_changed":false},"product_brand":[],"product_cat":[31,188],"product_tag":[87,73],"class_list":{"0":"post-10335","1":"product","2":"type-product","3":"status-publish","4":"has-post-thumbnail","6":"product_cat-home-storage","7":"product_cat-kitchen","8":"product_tag-bulk-wholesale","9":"product_tag-home-storagewholesaledurable","11":"first","12":"instock","13":"shipping-taxable","14":"product-type-simple","15":"swiper-slide"},"acf":[],"_links":{"self":[{"href":"https:\/\/www.sellersunionagent.com\/pt\/wp-json\/wp\/v2\/product\/10335","targetHints":{"allow":["GET"]}}],"collection":[{"href":"https:\/\/www.sellersunionagent.com\/pt\/wp-json\/wp\/v2\/product"}],"about":[{"href":"https:\/\/www.sellersunionagent.com\/pt\/wp-json\/wp\/v2\/types\/product"}],"replies":[{"embeddable":true,"href":"https:\/\/www.sellersunionagent.com\/pt\/wp-json\/wp\/v2\/comments?post=10335"}],"wp:featuredmedia":[{"embeddable":true,"href":"https:\/\/www.sellersunionagent.com\/pt\/wp-json\/wp\/v2\/media\/10341"}],"wp:attachment":[{"href":"https:\/\/www.sellersunionagent.com\/pt\/wp-json\/wp\/v2\/media?parent=10335"}],"wp:term":[{"taxonomy":"product_brand","embeddable":true,"href":"https:\/\/www.sellersunionagent.com\/pt\/wp-json\/wp\/v2\/product_brand?post=10335"},{"taxonomy":"product_cat","embeddable":true,"href":"https:\/\/www.sellersunionagent.com\/pt\/wp-json\/wp\/v2\/product_cat?post=10335"},{"taxonomy":"product_tag","embeddable":true,"href":"https:\/\/www.sellersunionagent.com\/pt\/wp-json\/wp\/v2\/product_tag?post=10335"}],"curies":[{"name":"wp","href":"https:\/\/api.w.org\/{rel}","templated":true}]}}