{"id":10330,"date":"2022-09-02T13:53:13","date_gmt":"2022-09-02T05:53:13","guid":{"rendered":"https:\/\/sellersunionagent.com\/?post_type=product&#038;p=10330"},"modified":"2022-09-02T13:53:16","modified_gmt":"2022-09-02T05:53:16","slug":"cesta-de-armazenamento-domestico-no-atacado-para-cozinha","status":"publish","type":"product","link":"https:\/\/www.sellersunionagent.com\/pt\/wholesale-household-storage-basket-for-kitchen\/","title":{"rendered":"Cesta de armazenamento dom\u00e9stico para cozinha no atacado"},"content":{"rendered":"<h2 id=\"title\" class=\"a-size-large a-spacing-none\"><span id=\"productTitle\" class=\"a-size-large product-title-word-break\">Cesta de armazenamento de alimentos dom\u00e9sticos para cozinha, bancadas, arm\u00e1rios, geladeira, freezer, quartos, banheiros\u00a0<\/span><\/h2>\n<p>&nbsp;<\/p>\n<p>&nbsp;<\/p>\n<ul>\n<li>Design pr\u00e1tico para ajudar a maximizar seu espa\u00e7o. Use-os lado a lado para manter os itens organizados e f\u00e1ceis de encontrar.<\/li>\n<\/ul>\n<p>&nbsp;<\/p>\n<p>&nbsp;<\/p>\n<ul>\n<li>Ideal para cozinhas, bancadas, prateleiras de despensa, geladeiras, freezers, arm\u00e1rios. \u00d3timo para arm\u00e1rios, quartos, banheiros, lavanderias, salas de artesanato, mudrooms, escrit\u00f3rios, salas de jogos, garagens ou qualquer c\u00f4modo da sua casa\/apartamento\/condom\u00ednio\/dormit\u00f3rio\/caravana ou trailer.<\/li>\n<\/ul>\n<p>&nbsp;<\/p>\n<p>&nbsp;<\/p>\n<ul>\n<li>\u00d3timo para armazenar produtos secos na despensa, como sopas, pacotes de alimentos, aromatizantes, produtos de panifica\u00e7\u00e3o, sacos de salgadinhos, alimentos embalados, produtos enlatados. Batatas, cebolas e muito mais. Use-o como organizador de geladeira para armazenar frutas, vegetais, iogurtes, queijos ou carnes na geladeira ou no freezer.<\/li>\n<\/ul>\n<p style=\"text-align: center\"><strong>Tipo<\/strong>: Armazenamento dom\u00e9stico<\/p>\n<p style=\"text-align: center\"><strong>N\u00famero do item:<\/strong> YM6446-6448<\/p>\n<p style=\"text-align: center\"><strong>Tamanho do item<\/strong>:<\/p>\n<p style=\"text-align: center\">Caixa interna: 31,5*12,5*9,5cm<br \/>\nTamanho do produto: 12,9*9,5*32,9cm<\/p>\n<p style=\"text-align: center\">13,2*6,9*28,1cm<\/p>\n<p style=\"text-align: center\">Caixa interna: 31,5*12*11cm<br \/>\nTamanho do produto: 12,6*11,5*32,6cm<\/p>\n<p style=\"text-align: center\"><strong>Peso do item<\/strong>: 374g,391g,607g<\/p>\n<p style=\"text-align: center\"><strong>Cores<\/strong>: Azul-petr\u00f3leo, verde-escuro, transparente<\/p>\n<p style=\"text-align: center\"><strong>Material:<\/strong>PET + a\u00e7o inoxid\u00e1vel<\/p>\n<p><img fetchpriority=\"high\" decoding=\"async\" class=\"aligncenter wp-image-10333\" src=\"https:\/\/www.sellersunionagent.com\/wp-content\/uploads\/2022\/09\/O1CN0104mab91KlTXMS0jWJ_1681711204-0-cib.jpg\" alt=\"Armazenamento na cozinha\" width=\"600\" height=\"600\" \/> <img decoding=\"async\" class=\"aligncenter wp-image-10332\" src=\"https:\/\/www.sellersunionagent.com\/wp-content\/uploads\/2022\/09\/O1CN01pPz4gT1KlTXN1OxQj_1681711204-0-cib.jpg\" alt=\"Armazenamento na cozinha\" width=\"600\" height=\"600\" \/> <img decoding=\"async\" class=\"aligncenter wp-image-10331\" src=\"https:\/\/www.sellersunionagent.com\/wp-content\/uploads\/2022\/09\/O1CN01klayzy1KlTXQTA6pN_1681711204-0-cib.jpg\" alt=\"Armazenamento na cozinha\" width=\"600\" height=\"600\" \/><\/p>","protected":false},"excerpt":{"rendered":"<p><strong>MOQ<\/strong>:  1000 pe\u00e7as<br \/>\n<strong>Amostra gr\u00e1tis<\/strong>:  Com suporte<br \/>\n<strong>Personaliza\u00e7\u00e3o<\/strong>: logotipo \/ cor \/ materiais \/ embalagem etc.<br \/>\n<strong>Desconto<\/strong>:  Primeiros pedidos a partir de 10% de desconto.<br \/>\n<strong>Taxa de entrega no prazo<\/strong>:\u00a0 100%<br \/>\n<strong>Total de remessas<\/strong>:  10000 pe\u00e7as<br \/>\n<strong>Remessa<\/strong>: Suporte expresso - frete mar\u00edtimo - frete terrestre<\/p>","protected":false},"featured_media":10334,"comment_status":"open","ping_status":"closed","template":"","meta":{"_acf_changed":false},"product_brand":[],"product_cat":[31,188],"product_tag":[87,46,73],"class_list":{"0":"post-10330","1":"product","2":"type-product","3":"status-publish","4":"has-post-thumbnail","6":"product_cat-home-storage","7":"product_cat-kitchen","8":"product_tag-bulk-wholesale","9":"product_tag-customization","10":"product_tag-home-storagewholesaledurable","12":"first","13":"instock","14":"shipping-taxable","15":"product-type-simple","16":"swiper-slide"},"acf":[],"_links":{"self":[{"href":"https:\/\/www.sellersunionagent.com\/pt\/wp-json\/wp\/v2\/product\/10330","targetHints":{"allow":["GET"]}}],"collection":[{"href":"https:\/\/www.sellersunionagent.com\/pt\/wp-json\/wp\/v2\/product"}],"about":[{"href":"https:\/\/www.sellersunionagent.com\/pt\/wp-json\/wp\/v2\/types\/product"}],"replies":[{"embeddable":true,"href":"https:\/\/www.sellersunionagent.com\/pt\/wp-json\/wp\/v2\/comments?post=10330"}],"wp:featuredmedia":[{"embeddable":true,"href":"https:\/\/www.sellersunionagent.com\/pt\/wp-json\/wp\/v2\/media\/10334"}],"wp:attachment":[{"href":"https:\/\/www.sellersunionagent.com\/pt\/wp-json\/wp\/v2\/media?parent=10330"}],"wp:term":[{"taxonomy":"product_brand","embeddable":true,"href":"https:\/\/www.sellersunionagent.com\/pt\/wp-json\/wp\/v2\/product_brand?post=10330"},{"taxonomy":"product_cat","embeddable":true,"href":"https:\/\/www.sellersunionagent.com\/pt\/wp-json\/wp\/v2\/product_cat?post=10330"},{"taxonomy":"product_tag","embeddable":true,"href":"https:\/\/www.sellersunionagent.com\/pt\/wp-json\/wp\/v2\/product_tag?post=10330"}],"curies":[{"name":"wp","href":"https:\/\/api.w.org\/{rel}","templated":true}]}}