{"id":10248,"date":"2022-08-30T18:06:35","date_gmt":"2022-08-30T10:06:35","guid":{"rendered":"https:\/\/sellersunionagent.com\/?post_type=product&#038;p=10248"},"modified":"2022-09-02T12:26:10","modified_gmt":"2022-09-02T04:26:10","slug":"cesta-organizadora-de-armazenamento-para-cozinha-com-divisorias","status":"publish","type":"product","link":"https:\/\/www.sellersunionagent.com\/pt\/storage-basket-organizer-for-kitchen-with-dividers\/","title":{"rendered":"Cesta organizadora de armazenamento para cozinha com divis\u00f3rias"},"content":{"rendered":"<h2>Cesto organizador de gaveta deslizante para cozinha, com divis\u00f3rias, organizador de prateleira de pia multiuso<\/h2>\n<p>&nbsp;<\/p>\n<p>&nbsp;<\/p>\n<ul>\n<li>\u3010Gaveta de armazenamento\u3011- Adequada para arm\u00e1rios, cozinhas, banheiros, despensas, lavanderias, escrit\u00f3rios, quartos e assim por diante<\/li>\n<\/ul>\n<p>&nbsp;<\/p>\n<p>&nbsp;<\/p>\n<ul>\n<li>\u3010Multiuso\u3011- Al\u00e9m de poder ser usado embaixo do arm\u00e1rio do banheiro ou da cozinha, tamb\u00e9m pode ser usado na mesa como porta-temperos de cozinha para guardar gr\u00e3os, alimentos enlatados, sal, como prateleira b\u00e1sica de armazenamento no escrit\u00f3rio e no quarto, como bandeja de banheiro para guardar cosm\u00e9ticos, esmaltes, toalhas, sabonete, xampu e assim por diante.<\/li>\n<\/ul>\n<p>&nbsp;<\/p>\n<p>&nbsp;<\/p>\n<ul>\n<li>\u3010F\u00e1cil de instalar e limpar\u3011 \u00c9 \u00e0 prova d'\u00e1gua e f\u00e1cil de limpar. Basta passar um pano limpo e \u00famido.<\/li>\n<\/ul>\n<p>&nbsp;<\/p>\n<p style=\"text-align: center\"><strong>Tipo<\/strong>: Armazenamento dom\u00e9stico<\/p>\n<p style=\"text-align: center\"><strong>N\u00famero do item:<\/strong> YM-3035<\/p>\n<p style=\"text-align: center\"><strong>Tamanho do item<\/strong>:<\/p>\n<p style=\"text-align: center\">Placa quadrada 28*9*3cm<\/p>\n<p style=\"text-align: center\">Tubo longo 63,5*4,7cm<\/p>\n<p style=\"text-align: center\">Tubo curto 39*4,7 cm<\/p>\n<p style=\"text-align: center\"><strong>Peso\uff1a<\/strong>876g<\/p>\n<p style=\"text-align: center\"><strong>Cores<\/strong>: Branco<\/p>\n<p><img fetchpriority=\"high\" decoding=\"async\" class=\"wp-image-10252 aligncenter\" src=\"https:\/\/www.sellersunionagent.com\/wp-content\/uploads\/2022\/08\/O1CN01XZYwuw1KlTagZ3UEv_1681711204-0-cib.jpg\" alt=\"Armazenamento na cozinha\" width=\"600\" height=\"600\" \/> <img decoding=\"async\" class=\"aligncenter wp-image-10251\" src=\"https:\/\/www.sellersunionagent.com\/wp-content\/uploads\/2022\/08\/O1CN01QJGdJL1KlTaqSbSTX_1681711204-0-cib.jpg\" alt=\"Armazenamento na cozinha\" width=\"600\" height=\"600\" \/> <img decoding=\"async\" class=\"aligncenter wp-image-10250\" src=\"https:\/\/www.sellersunionagent.com\/wp-content\/uploads\/2022\/08\/O1CN01O7Y6Px1KlTaqSaJkx_1681711204-0-cib.jpg\" alt=\"Armazenamento na cozinha\" width=\"600\" height=\"600\" \/> <img loading=\"lazy\" decoding=\"async\" class=\"aligncenter wp-image-10249\" src=\"https:\/\/www.sellersunionagent.com\/wp-content\/uploads\/2022\/08\/O1CN01C0WlRZ1KlTaueX5Eo_1681711204-0-cib.jpg\" alt=\"Armazenamento na cozinha\" width=\"600\" height=\"600\" \/><\/p>","protected":false},"excerpt":{"rendered":"<p><strong>MOQ<\/strong>:  1000 pe\u00e7as<br \/>\n<strong>Amostra gr\u00e1tis<\/strong>:  Com suporte<br \/>\n<strong>Personaliza\u00e7\u00e3o<\/strong>: logotipo \/ cor \/ materiais \/ embalagem etc.<br \/>\n<strong>Desconto<\/strong>:  Primeiros pedidos a partir de 10% de desconto.<br \/>\n<strong>Taxa de entrega no prazo<\/strong>:\u00a0 100%<br \/>\n<strong>Total de remessas<\/strong>:  10000 pe\u00e7as<br \/>\n<strong>Remessa<\/strong>: Suporte expresso - frete mar\u00edtimo - frete terrestre<\/p>","protected":false},"featured_media":10253,"comment_status":"open","ping_status":"closed","template":"","meta":{"_acf_changed":false},"product_brand":[],"product_cat":[188,31],"product_tag":[87,42,73],"class_list":{"0":"post-10248","1":"product","2":"type-product","3":"status-publish","4":"has-post-thumbnail","6":"product_cat-kitchen","7":"product_cat-home-storage","8":"product_tag-bulk-wholesale","9":"product_tag-high-quality","10":"product_tag-home-storagewholesaledurable","12":"first","13":"instock","14":"shipping-taxable","15":"product-type-simple","16":"swiper-slide"},"acf":[],"_links":{"self":[{"href":"https:\/\/www.sellersunionagent.com\/pt\/wp-json\/wp\/v2\/product\/10248","targetHints":{"allow":["GET"]}}],"collection":[{"href":"https:\/\/www.sellersunionagent.com\/pt\/wp-json\/wp\/v2\/product"}],"about":[{"href":"https:\/\/www.sellersunionagent.com\/pt\/wp-json\/wp\/v2\/types\/product"}],"replies":[{"embeddable":true,"href":"https:\/\/www.sellersunionagent.com\/pt\/wp-json\/wp\/v2\/comments?post=10248"}],"wp:featuredmedia":[{"embeddable":true,"href":"https:\/\/www.sellersunionagent.com\/pt\/wp-json\/wp\/v2\/media\/10253"}],"wp:attachment":[{"href":"https:\/\/www.sellersunionagent.com\/pt\/wp-json\/wp\/v2\/media?parent=10248"}],"wp:term":[{"taxonomy":"product_brand","embeddable":true,"href":"https:\/\/www.sellersunionagent.com\/pt\/wp-json\/wp\/v2\/product_brand?post=10248"},{"taxonomy":"product_cat","embeddable":true,"href":"https:\/\/www.sellersunionagent.com\/pt\/wp-json\/wp\/v2\/product_cat?post=10248"},{"taxonomy":"product_tag","embeddable":true,"href":"https:\/\/www.sellersunionagent.com\/pt\/wp-json\/wp\/v2\/product_tag?post=10248"}],"curies":[{"name":"wp","href":"https:\/\/api.w.org\/{rel}","templated":true}]}}