{"id":9761,"date":"2022-07-26T11:18:39","date_gmt":"2022-07-26T03:18:39","guid":{"rendered":"https:\/\/sellersunionagent.com\/?post_type=product&#038;p=9761"},"modified":"2022-07-26T11:20:22","modified_gmt":"2022-07-26T03:20:22","slug":"2022-urocza-polprzezroczysta-torba-do-prania-sprzedaz-bezposrednia","status":"publish","type":"product","link":"https:\/\/www.sellersunionagent.com\/pl\/2022-cute-translucent-washing-bag-direct-sale\/","title":{"rendered":"2022 \u015aliczna p\u00f3\u0142przezroczysta torba do prania Sprzeda\u017c bezpo\u015brednia"},"content":{"rendered":"<h2>2022 \u015aliczna p\u00f3\u0142przezroczysta torba do prania Sprzeda\u017c bezpo\u015brednia<\/h2>\n<ul>\n<li>Wielofunkcyjny<\/li>\n<li>Przezroczyste i widoczne<\/li>\n<li>Bardzo du\u017ca pojemno\u015b\u0107<\/li>\n<li>Odporno\u015b\u0107 na ci\u015bnienie i \u015bcieranie<\/li>\n<li>Odporno\u015b\u0107 na wod\u0119 i kurz<\/li>\n<li><img fetchpriority=\"high\" decoding=\"async\" class=\"aligncenter wp-image-9766\" src=\"https:\/\/www.sellersunionagent.com\/wp-content\/uploads\/2022\/07\/O1CN01KMB3RR1Vbp3JBvFO9_2214198202672-0-cib.jpg\" alt=\"Sprzeda\u017c bezpo\u015brednia\" width=\"600\" height=\"600\" \/><img decoding=\"async\" class=\"aligncenter wp-image-9773\" src=\"https:\/\/www.sellersunionagent.com\/wp-content\/uploads\/2022\/07\/88f13e9eaecd58f1dfe35fd67bb95ba.jpg\" alt=\"Sprzeda\u017c bezpo\u015brednia\" width=\"600\" height=\"600\" \/><img decoding=\"async\" class=\"aligncenter wp-image-9775 size-full\" src=\"https:\/\/www.sellersunionagent.com\/wp-content\/uploads\/2022\/07\/930bd3e11c37b5cef79a7e48205464a.jpg\" alt=\"Sprzeda\u017c bezpo\u015brednia\" width=\"705\" height=\"270\" \/><img loading=\"lazy\" decoding=\"async\" class=\"aligncenter wp-image-9763\" src=\"https:\/\/www.sellersunionagent.com\/wp-content\/uploads\/2022\/07\/ad2559810bba6881d680d92ab3f1174.jpg\" alt=\"Sprzeda\u017c bezpo\u015brednia\" width=\"600\" height=\"539\" \/><img loading=\"lazy\" decoding=\"async\" class=\"aligncenter wp-image-9774\" src=\"https:\/\/www.sellersunionagent.com\/wp-content\/uploads\/2022\/07\/663f5881f5ad6d4560cde86e5e5daa8.jpg\" alt=\"Sprzeda\u017c bezpo\u015brednia\" width=\"600\" height=\"560\" \/><img loading=\"lazy\" decoding=\"async\" class=\"aligncenter wp-image-9765\" src=\"https:\/\/www.sellersunionagent.com\/wp-content\/uploads\/2022\/07\/cf3d04058f7815f02de4caca22b7776.jpg\" alt=\"Sprzeda\u017c bezpo\u015brednia\" width=\"600\" height=\"556\" \/> <img loading=\"lazy\" decoding=\"async\" class=\"aligncenter wp-image-9764\" src=\"https:\/\/www.sellersunionagent.com\/wp-content\/uploads\/2022\/07\/c61e05435bf480511117759fb8bbf82.jpg\" alt=\"Sprzeda\u017c bezpo\u015brednia\" width=\"600\" height=\"567\" \/><\/li>\n<\/ul>","protected":false},"excerpt":{"rendered":"<div class=\"elementor-element elementor-element-42815df elementor-widget elementor-widget-heading\" data-id=\"42815df\" data-element_type=\"widget\" data-widget_type=\"heading.default\">\n<div class=\"elementor-widget-container\">\n<p class=\"elementor-heading-title elementor-size-default\"><strong>Typ<\/strong>: Torba do prania<\/p>\n<\/div>\n<\/div>\n<div class=\"elementor-element elementor-element-c17fac7 elementor-widget elementor-widget-woocommerce-product-short-description\" data-id=\"c17fac7\" data-element_type=\"widget\" data-widget_type=\"woocommerce-product-short-description.default\">\n<div class=\"elementor-widget-container\">\n<div class=\"woocommerce-product-details__short-description\">\n<p><strong>Numer pozycji:<\/strong> FY5003-274<\/p>\n<p><strong>Rozmiar elementu<\/strong>: 31,5*12*22cm (L)\/ 27,5*9,5*17,5cm (M)\/ 22,5*8,5*14,5cm (S)<\/p>\n<p><strong>Kolory<\/strong>: Niebieski\/\u017c\u00f3\u0142ty<\/p>\n<p><strong>Materia\u0142:<\/strong>PU+PVC<\/p>\n<p>&nbsp;<\/p>\n<p>&nbsp;<\/p>\n<p>Produkujemy doskona\u0142e torby do prania. Powody, dla kt\u00f3rych warto nas wybra\u0107:<br \/>\nProdukty certyfikowane przez profesjonalne instytucje, z wystarczaj\u0105c\u0105 i stabiln\u0105 poda\u017c\u0105<br \/>\nPonad dwadzie\u015bcia lat do\u015bwiadczenia, z technologi\u0105 i depozytami jako\u015bci.<br \/>\nMile widziana personalizacja spe\u0142niaj\u0105ca r\u00f3\u017cne potrzeby<br \/>\nProdukcja i wysy\u0142ka w najszybszym tempie<br \/>\nPrzemy\u015blana kompleksowa obs\u0142uga, w tym przedsprzeda\u017c, sprzeda\u017c i obs\u0142uga posprzeda\u017cna<\/p>\n<\/div>\n<\/div>\n<\/div>","protected":false},"featured_media":9770,"comment_status":"open","ping_status":"closed","template":"","meta":{"_acf_changed":false},"product_brand":[],"product_cat":[33],"product_tag":[184,183,42],"class_list":{"0":"post-9761","1":"product","2":"type-product","3":"status-publish","4":"has-post-thumbnail","6":"product_cat-toiletry-bag","7":"product_tag-cute","8":"product_tag-direct-sale","9":"product_tag-high-quality","11":"first","12":"instock","13":"shipping-taxable","14":"product-type-simple","15":"swiper-slide"},"acf":[],"_links":{"self":[{"href":"https:\/\/www.sellersunionagent.com\/pl\/wp-json\/wp\/v2\/product\/9761","targetHints":{"allow":["GET"]}}],"collection":[{"href":"https:\/\/www.sellersunionagent.com\/pl\/wp-json\/wp\/v2\/product"}],"about":[{"href":"https:\/\/www.sellersunionagent.com\/pl\/wp-json\/wp\/v2\/types\/product"}],"replies":[{"embeddable":true,"href":"https:\/\/www.sellersunionagent.com\/pl\/wp-json\/wp\/v2\/comments?post=9761"}],"wp:featuredmedia":[{"embeddable":true,"href":"https:\/\/www.sellersunionagent.com\/pl\/wp-json\/wp\/v2\/media\/9770"}],"wp:attachment":[{"href":"https:\/\/www.sellersunionagent.com\/pl\/wp-json\/wp\/v2\/media?parent=9761"}],"wp:term":[{"taxonomy":"product_brand","embeddable":true,"href":"https:\/\/www.sellersunionagent.com\/pl\/wp-json\/wp\/v2\/product_brand?post=9761"},{"taxonomy":"product_cat","embeddable":true,"href":"https:\/\/www.sellersunionagent.com\/pl\/wp-json\/wp\/v2\/product_cat?post=9761"},{"taxonomy":"product_tag","embeddable":true,"href":"https:\/\/www.sellersunionagent.com\/pl\/wp-json\/wp\/v2\/product_tag?post=9761"}],"curies":[{"name":"wp","href":"https:\/\/api.w.org\/{rel}","templated":true}]}}