{"id":9748,"date":"2022-07-26T10:57:13","date_gmt":"2022-07-26T02:57:13","guid":{"rendered":"https:\/\/sellersunionagent.com\/?post_type=product&#038;p=9748"},"modified":"2022-08-01T18:43:24","modified_gmt":"2022-08-01T10:43:24","slug":"zageszczona-wysokiej-jakosci-polprzezroczysta-kosmetyczka-sprzedaz-bezposrednia","status":"publish","type":"product","link":"https:\/\/www.sellersunionagent.com\/pl\/thickened-high-quality-translucent-cosmetic-bag-direct-sale\/","title":{"rendered":"Zag\u0119szczony wysokiej jako\u015bci p\u00f3\u0142przezroczysty worek do prania w sprzeda\u017cy bezpo\u015bredniej"},"content":{"rendered":"<h2>Zag\u0119szczony wysokiej jako\u015bci p\u00f3\u0142przezroczysty worek do prania w sprzeda\u017cy bezpo\u015bredniej<\/h2>\n<div class=\"elementor-element elementor-element-42815df elementor-widget elementor-widget-heading\" data-id=\"42815df\" data-element_type=\"widget\" data-widget_type=\"heading.default\">\n<div class=\"elementor-widget-container\">\n<p class=\"elementor-heading-title elementor-size-default\"><strong>Typ elementu<\/strong>: Torba do prania<\/p>\n<\/div>\n<\/div>\n<div class=\"elementor-element elementor-element-c17fac7 elementor-widget elementor-widget-woocommerce-product-short-description\" data-id=\"c17fac7\" data-element_type=\"widget\" data-widget_type=\"woocommerce-product-short-description.default\">\n<div class=\"elementor-widget-container\">\n<div class=\"woocommerce-product-details__short-description\">\n<p><strong>Numer pozycji:<\/strong> FY5003-273<\/p>\n<p><strong>Rozmiar elementu<\/strong>: 31,5*12*22cm (L)\/ 27,5*9,5*17,5cm (M)\/ 22,5*8,5*14,5cm (S)<\/p>\n<p><strong>Kolory<\/strong>: Bia\u0142y\/r\u00f3\u017cowy\/czarny\/niebieski<\/p>\n<p><strong>Materia\u0142:<\/strong>PU+PVC<\/p>\n<p>&nbsp;<\/p>\n<\/div>\n<\/div>\n<\/div>\n<p>&nbsp;<\/p>\n<ul>\n<li>Wielofunkcyjny<\/li>\n<li>Przezroczyste i widoczne<\/li>\n<li>Bardzo du\u017ca pojemno\u015b\u0107<\/li>\n<li>Odporno\u015b\u0107 na ci\u015bnienie i \u015bcieranie<\/li>\n<li>Odporno\u015b\u0107 na wod\u0119 i kurz<img fetchpriority=\"high\" decoding=\"async\" class=\"aligncenter wp-image-9757\" src=\"https:\/\/www.sellersunionagent.com\/wp-content\/uploads\/2022\/07\/O1CN01HWjkHO1Vbp3JxDqhB_2214198202672-0-cib.jpg\" alt=\"Sprzeda\u017c bezpo\u015brednia\" width=\"600\" height=\"600\" \/><img decoding=\"async\" class=\"aligncenter wp-image-9750\" src=\"https:\/\/www.sellersunionagent.com\/wp-content\/uploads\/2022\/07\/4e2375c098932a4d7a5ed965f03a9653_O1CN01TJmL451Vbp3MH26VJ_2214198202672-0-cib.jpg\" alt=\"Sprzeda\u017c bezpo\u015brednia\" width=\"600\" height=\"648\" \/><img decoding=\"async\" class=\"aligncenter wp-image-9756\" src=\"https:\/\/www.sellersunionagent.com\/wp-content\/uploads\/2022\/07\/f11d9f2f3734f1ba0e4cfb70cbac90f.jpg\" alt=\"Sprzeda\u017c bezpo\u015brednia\" width=\"600\" height=\"581\" \/><img loading=\"lazy\" decoding=\"async\" class=\"aligncenter wp-image-9759\" src=\"https:\/\/www.sellersunionagent.com\/wp-content\/uploads\/2022\/07\/O1CN01QzBTeo1Vbp3JDQrwM_2214198202672-0-cib.jpg\" alt=\"Sprzeda\u017c bezpo\u015brednia\" width=\"600\" height=\"600\" \/><img loading=\"lazy\" decoding=\"async\" class=\"aligncenter wp-image-9753 size-full\" src=\"https:\/\/www.sellersunionagent.com\/wp-content\/uploads\/2022\/07\/1658803511884.png\" alt=\"Sprzeda\u017c bezpo\u015brednia\" width=\"723\" height=\"272\" \/><br \/>\n<img loading=\"lazy\" decoding=\"async\" class=\"aligncenter wp-image-9758\" src=\"https:\/\/www.sellersunionagent.com\/wp-content\/uploads\/2022\/07\/O1CN01jmUfUp1Vbp3Qu802d_2214198202672-0-cib.jpg\" alt=\"Sprzeda\u017c bezpo\u015brednia\" width=\"600\" height=\"600\" \/> \u00a0<img loading=\"lazy\" decoding=\"async\" class=\"aligncenter wp-image-9755\" src=\"https:\/\/www.sellersunionagent.com\/wp-content\/uploads\/2022\/07\/c4598d4b8f6a3ff8160315cb7ecdad7.jpg\" alt=\"Sprzeda\u017c bezpo\u015brednia\" width=\"600\" height=\"568\" \/> <img loading=\"lazy\" decoding=\"async\" class=\"aligncenter wp-image-9754\" src=\"https:\/\/www.sellersunionagent.com\/wp-content\/uploads\/2022\/07\/b708ed05e90cda0a5400e606844d878.jpg\" alt=\"Sprzeda\u017c bezpo\u015brednia\" width=\"600\" height=\"562\" \/> \u00a0<img loading=\"lazy\" decoding=\"async\" class=\"aligncenter wp-image-9752\" src=\"https:\/\/www.sellersunionagent.com\/wp-content\/uploads\/2022\/07\/5982bc04bba1daa7d64150ff6a5d1c5.jpg\" alt=\"Sprzeda\u017c bezpo\u015brednia\" width=\"600\" height=\"564\" \/><\/li>\n<\/ul>","protected":false},"excerpt":{"rendered":"<div class=\"elementor-element elementor-element-42815df elementor-widget elementor-widget-heading\" data-id=\"42815df\" data-element_type=\"widget\" data-widget_type=\"heading.default\">\n<div class=\"elementor-widget-container\">\n<p class=\"elementor-heading-title elementor-size-default\"><strong>MOQ<\/strong>:  500 szt.<br \/>\n<strong>Bezp\u0142atna pr\u00f3bka<\/strong>:  Obs\u0142ugiwane<br \/>\n<strong>Personalizacja<\/strong>logo \/ kolor \/ materia\u0142y \/ opakowanie itp.<br \/>\n<strong>Zni\u017cka<\/strong>:  Pierwsze zam\u00f3wienia ju\u017c od 10% taniej.<br \/>\n<strong>Wska\u017anik terminowo\u015bci dostaw<\/strong>:\u00a0 100%<br \/>\n<strong>Przesy\u0142ki og\u00f3\u0142em<\/strong>:  10000 szt.<br \/>\n<strong>Wysy\u0142ka<\/strong>: Fracht morski Fracht l\u0105dowy<\/p>\n<\/div>\n<\/div>\n<div class=\"elementor-element elementor-element-c17fac7 elementor-widget elementor-widget-woocommerce-product-short-description\" data-id=\"c17fac7\" data-element_type=\"widget\" data-widget_type=\"woocommerce-product-short-description.default\">\n<div class=\"elementor-widget-container\">\n<div class=\"woocommerce-product-details__short-description\">\n<p>&nbsp;<\/p>\n<p>&nbsp;<\/p>\n<p>Produkujemy doskona\u0142e torby do prania. Powody, dla kt\u00f3rych warto nas wybra\u0107:<br \/>\nProdukty certyfikowane przez profesjonalne instytucje, z wystarczaj\u0105c\u0105 i stabiln\u0105 poda\u017c\u0105<br \/>\nPonad dwadzie\u015bcia lat do\u015bwiadczenia, z technologi\u0105 i depozytami jako\u015bci.<br \/>\nMile widziana personalizacja spe\u0142niaj\u0105ca r\u00f3\u017cne potrzeby<br \/>\nProdukcja i wysy\u0142ka w najszybszym tempie<br \/>\nPrzemy\u015blana kompleksowa obs\u0142uga, w tym przedsprzeda\u017c, sprzeda\u017c i obs\u0142uga posprzeda\u017cna<\/p>\n<\/div>\n<\/div>\n<\/div>","protected":false},"featured_media":9833,"comment_status":"open","ping_status":"closed","template":"","meta":{"_acf_changed":false},"product_brand":[],"product_cat":[33],"product_tag":[183,42],"class_list":{"0":"post-9748","1":"product","2":"type-product","3":"status-publish","4":"has-post-thumbnail","6":"product_cat-toiletry-bag","7":"product_tag-direct-sale","8":"product_tag-high-quality","10":"first","11":"instock","12":"shipping-taxable","13":"purchasable","14":"product-type-simple","15":"swiper-slide"},"acf":[],"_links":{"self":[{"href":"https:\/\/www.sellersunionagent.com\/pl\/wp-json\/wp\/v2\/product\/9748","targetHints":{"allow":["GET"]}}],"collection":[{"href":"https:\/\/www.sellersunionagent.com\/pl\/wp-json\/wp\/v2\/product"}],"about":[{"href":"https:\/\/www.sellersunionagent.com\/pl\/wp-json\/wp\/v2\/types\/product"}],"replies":[{"embeddable":true,"href":"https:\/\/www.sellersunionagent.com\/pl\/wp-json\/wp\/v2\/comments?post=9748"}],"wp:featuredmedia":[{"embeddable":true,"href":"https:\/\/www.sellersunionagent.com\/pl\/wp-json\/wp\/v2\/media\/9833"}],"wp:attachment":[{"href":"https:\/\/www.sellersunionagent.com\/pl\/wp-json\/wp\/v2\/media?parent=9748"}],"wp:term":[{"taxonomy":"product_brand","embeddable":true,"href":"https:\/\/www.sellersunionagent.com\/pl\/wp-json\/wp\/v2\/product_brand?post=9748"},{"taxonomy":"product_cat","embeddable":true,"href":"https:\/\/www.sellersunionagent.com\/pl\/wp-json\/wp\/v2\/product_cat?post=9748"},{"taxonomy":"product_tag","embeddable":true,"href":"https:\/\/www.sellersunionagent.com\/pl\/wp-json\/wp\/v2\/product_tag?post=9748"}],"curies":[{"name":"wp","href":"https:\/\/api.w.org\/{rel}","templated":true}]}}