{"id":9737,"date":"2022-07-26T10:32:42","date_gmt":"2022-07-26T02:32:42","guid":{"rendered":"https:\/\/sellersunionagent.com\/?post_type=product&#038;p=9737"},"modified":"2026-01-06T14:28:54","modified_gmt":"2026-01-06T06:28:54","slug":"wodoodporna-przenosna-dwuwarstwowa-torba-do-prania-o-duzej-pojemnosci","status":"publish","type":"product","link":"https:\/\/www.sellersunionagent.com\/pl\/large-capacity-waterproof-portable-double-layer-washing-bag\/","title":{"rendered":"Przeno\u015bna dwuwarstwowa torba do prania o du\u017cej pojemno\u015bci i wodoodporno\u015bci"},"content":{"rendered":"<h2>Przeno\u015bna dwuwarstwowa torba do prania o du\u017cej pojemno\u015bci i wodoodporno\u015bci<\/h2>\n<div class=\"elementor-element elementor-element-42815df elementor-widget elementor-widget-heading\" data-id=\"42815df\" data-element_type=\"widget\" data-widget_type=\"heading.default\">\n<div class=\"elementor-widget-container\">\n<p class=\"elementor-heading-title elementor-size-default\"><strong>Typ<\/strong>: Torba do prania<\/p>\n<\/div>\n<\/div>\n<div class=\"elementor-element elementor-element-c17fac7 elementor-widget elementor-widget-woocommerce-product-short-description\" data-id=\"c17fac7\" data-element_type=\"widget\" data-widget_type=\"woocommerce-product-short-description.default\">\n<div class=\"elementor-widget-container\">\n<div class=\"woocommerce-product-details__short-description\">\n<p><strong>Numer pozycji:<\/strong> FU5003-12<\/p>\n<p><strong>Rozmiar elementu<\/strong>: 30*12*21cm\/ 26*10*15cm\/ 21*13*8cm<\/p>\n<p><strong>Kolory<\/strong>: Przezroczysty\/czarny<\/p>\n<p><strong>Materia\u0142: <\/strong>PVC<\/p>\n<p>&nbsp;<\/p>\n<\/div>\n<\/div>\n<\/div>\n<p>&nbsp;<\/p>\n<ul>\n<li>Du\u017ca pojemno\u015b\u0107<\/li>\n<li>Separacja na sucho i mokro<\/li>\n<li>Wyb\u00f3r materia\u0142u<\/li>\n<li>Wodoodporny<\/li>\n<li>Wygodny do przenoszenia<\/li>\n<li>Pi\u0119kny i trwa\u0142y<\/li>\n<li><img fetchpriority=\"high\" decoding=\"async\" class=\"aligncenter wp-image-9741\" src=\"https:\/\/www.sellersunionagent.com\/wp-content\/uploads\/2022\/07\/1658802278952.png\" alt=\"Torba do prania\" width=\"600\" height=\"600\" \/><img decoding=\"async\" class=\"aligncenter wp-image-9747\" src=\"https:\/\/www.sellersunionagent.com\/wp-content\/uploads\/2022\/07\/1658802236632.png\" alt=\"Torba do prania\" width=\"600\" height=\"546\" \/><img decoding=\"async\" class=\"aligncenter wp-image-9746\" src=\"https:\/\/www.sellersunionagent.com\/wp-content\/uploads\/2022\/07\/1658802201225.png\" alt=\"Torba do prania\" width=\"600\" height=\"548\" \/> <img loading=\"lazy\" decoding=\"async\" class=\"aligncenter wp-image-9745\" src=\"https:\/\/www.sellersunionagent.com\/wp-content\/uploads\/2022\/07\/1658801932533.png\" alt=\"Torba do prania\" width=\"600\" height=\"332\" \/> <img loading=\"lazy\" decoding=\"async\" class=\"aligncenter wp-image-9744\" src=\"https:\/\/www.sellersunionagent.com\/wp-content\/uploads\/2022\/07\/O1CN010eQXHq1Vbp32iEjEY_2214198202672-0-cib.jpg\" alt=\"Torba do prania\" width=\"600\" height=\"600\" \/> <img loading=\"lazy\" decoding=\"async\" class=\"aligncenter wp-image-9743\" src=\"https:\/\/www.sellersunionagent.com\/wp-content\/uploads\/2022\/07\/O1CN01lkUPH21Vbp34xir8T_2214198202672-0-cib.jpg\" alt=\"Torba do prania\" width=\"600\" height=\"600\" \/><\/li>\n<\/ul>","protected":false},"excerpt":{"rendered":"<div class=\"elementor-element elementor-element-42815df elementor-widget elementor-widget-heading\" data-id=\"42815df\" data-element_type=\"widget\" data-widget_type=\"heading.default\">\n<div class=\"elementor-widget-container\">\n<p class=\"elementor-heading-title elementor-size-default\"><strong>MOQ<\/strong>:  1000 szt.<br \/>\n<strong>Bezp\u0142atna pr\u00f3bka<\/strong>:  Obs\u0142ugiwane<br \/>\n<strong>Personalizacja<\/strong>logo \/ kolor \/ materia\u0142y \/ opakowanie itp.<br \/>\n<strong>Zni\u017cka<\/strong>:  Pierwsze zam\u00f3wienia ju\u017c od 10% taniej.<br \/>\n<strong>Wska\u017anik terminowo\u015bci dostaw<\/strong>:\u00a0 100%<br \/>\n<strong>Przesy\u0142ki og\u00f3\u0142em<\/strong>:  10000 szt.<br \/>\n<strong>Wysy\u0142ka<\/strong>: Fracht morski Fracht l\u0105dowy<\/p>\n<\/div>\n<\/div>","protected":false},"featured_media":13772,"comment_status":"open","ping_status":"closed","template":"","meta":{"_acf_changed":false},"product_brand":[],"product_cat":[33],"product_tag":[48,60,100],"class_list":{"0":"post-9737","1":"product","2":"type-product","3":"status-publish","4":"has-post-thumbnail","6":"product_cat-toiletry-bag","7":"product_tag-large-capacity","8":"product_tag-portable","9":"product_tag-waterproof","11":"first","12":"instock","13":"shipping-taxable","14":"purchasable","15":"product-type-simple","16":"swiper-slide"},"acf":[],"_links":{"self":[{"href":"https:\/\/www.sellersunionagent.com\/pl\/wp-json\/wp\/v2\/product\/9737","targetHints":{"allow":["GET"]}}],"collection":[{"href":"https:\/\/www.sellersunionagent.com\/pl\/wp-json\/wp\/v2\/product"}],"about":[{"href":"https:\/\/www.sellersunionagent.com\/pl\/wp-json\/wp\/v2\/types\/product"}],"replies":[{"embeddable":true,"href":"https:\/\/www.sellersunionagent.com\/pl\/wp-json\/wp\/v2\/comments?post=9737"}],"wp:featuredmedia":[{"embeddable":true,"href":"https:\/\/www.sellersunionagent.com\/pl\/wp-json\/wp\/v2\/media\/13772"}],"wp:attachment":[{"href":"https:\/\/www.sellersunionagent.com\/pl\/wp-json\/wp\/v2\/media?parent=9737"}],"wp:term":[{"taxonomy":"product_brand","embeddable":true,"href":"https:\/\/www.sellersunionagent.com\/pl\/wp-json\/wp\/v2\/product_brand?post=9737"},{"taxonomy":"product_cat","embeddable":true,"href":"https:\/\/www.sellersunionagent.com\/pl\/wp-json\/wp\/v2\/product_cat?post=9737"},{"taxonomy":"product_tag","embeddable":true,"href":"https:\/\/www.sellersunionagent.com\/pl\/wp-json\/wp\/v2\/product_tag?post=9737"}],"curies":[{"name":"wp","href":"https:\/\/api.w.org\/{rel}","templated":true}]}}