{"id":9028,"date":"2022-07-08T10:32:41","date_gmt":"2022-07-08T02:32:41","guid":{"rendered":"https:\/\/sellersunionagent.com\/?post_type=product&#038;p=9028"},"modified":"2022-08-01T15:29:18","modified_gmt":"2022-08-01T07:29:18","slug":"nowosc-popularna-torba-do-przechowywania-akcesoriow-cyfrowych-rabat-sprzedawcy","status":"publish","type":"product","link":"https:\/\/www.sellersunionagent.com\/pl\/new-arrival-popular-digital-accessories-storage-bag-dealer-discount\/","title":{"rendered":"Nowo\u015b\u0107 Popularna torba do przechowywania akcesori\u00f3w cyfrowych Rabat dealera"},"content":{"rendered":"<h2>New Arrival Popular Digital Accessories Storage Bag Dealer Discount<\/h2>\n<p><strong>Type:<\/strong> Digital Accessories Storage Bag<\/p>\n<p><strong>Item No.:<\/strong>SY010<\/p>\n<p><strong>Size &amp; Weight:<\/strong>16*11*3cm&amp; 80g<\/p>\n<p>&nbsp;<\/p>\n<p>&nbsp;<\/p>\n<ul class=\"a-unordered-list a-vertical a-spacing-mini\">\n<li><span class=\"a-list-item\">[Premuim Quality Material] &#8212; The cable storage bag is made of durable water-resistant cationic fabric. Foam-padded design for better protect electronic accessories from scratches, dust and accidental dropping. Sturdy metal zipper closure for quick access and management, high elasticity loops keep your chargers &amp; cables in place.<\/span><\/li>\n<\/ul>\n<p>&nbsp;<\/p>\n<p>&nbsp;<\/p>\n<ul class=\"a-unordered-list a-vertical a-spacing-mini\">\n<li><span class=\"a-list-item\">[Portable &amp; Convenvient] &#8212; Only weighs: 0.4 lb, Lightweight and portable travel organizer bag can Perfectly fit your backpack, handbag, tote bag, briefcase, suitcase and luggage without take much space.\u00a0<\/span><\/li>\n<\/ul>\n<p>&nbsp;<\/p>\n<p>&nbsp;<\/p>\n<ul class=\"a-unordered-list a-vertical a-spacing-mini\">\n<li><span class=\"a-list-item\">[Well Organized &amp; Protected] &#8212; This versatile electronic organizer bag is specifically designed for digital accessories storage. It keeps everything well organized and tidy in no mess.<\/span><\/li>\n<\/ul>\n<p>&nbsp;<\/p>\n<p>&nbsp;<\/p>\n<p><img fetchpriority=\"high\" decoding=\"async\" class=\"aligncenter wp-image-9032\" src=\"https:\/\/www.sellersunionagent.com\/wp-content\/uploads\/2022\/07\/O1CN01bLI5MN23xWf1JlXE8_962147322-0-cib.jpg\" alt=\"dealer\" width=\"600\" height=\"600\" \/> <img decoding=\"async\" class=\"aligncenter wp-image-9031\" src=\"https:\/\/www.sellersunionagent.com\/wp-content\/uploads\/2022\/07\/15138308705_1929729966.jpg\" alt=\"dealer\" width=\"600\" height=\"600\" \/> <img decoding=\"async\" class=\"aligncenter wp-image-9030\" src=\"https:\/\/www.sellersunionagent.com\/wp-content\/uploads\/2022\/07\/15081826119_1929729966.jpg\" alt=\"dealer\" width=\"600\" height=\"600\" \/> <img loading=\"lazy\" decoding=\"async\" class=\"aligncenter wp-image-9029\" src=\"https:\/\/www.sellersunionagent.com\/wp-content\/uploads\/2022\/07\/15081811762_1929729966.jpg\" alt=\"dealer\" width=\"600\" height=\"600\" \/><img loading=\"lazy\" decoding=\"async\" class=\"aligncenter wp-image-9035\" src=\"https:\/\/www.sellersunionagent.com\/wp-content\/uploads\/2022\/07\/\u56fe\u7247-3-1.png\" alt=\"dealer\" width=\"600\" height=\"299\" \/> <img loading=\"lazy\" decoding=\"async\" class=\"aligncenter wp-image-9033\" src=\"https:\/\/www.sellersunionagent.com\/wp-content\/uploads\/2022\/07\/\u56fe\u7247-1-1.png\" alt=\"dealer\" width=\"600\" height=\"315\" \/><img loading=\"lazy\" decoding=\"async\" class=\"aligncenter wp-image-9034\" src=\"https:\/\/www.sellersunionagent.com\/wp-content\/uploads\/2022\/07\/\u56fe\u7247-2-1.png\" alt=\"dealer\" width=\"600\" height=\"235\" \/><\/p>\n<p>&nbsp;<\/p>\n","protected":false},"excerpt":{"rendered":"<p><strong>MOQ<\/strong>:  500 szt.<br \/>\n<strong>Bezp\u0142atna pr\u00f3bka<\/strong>:  Obs\u0142ugiwane<br \/>\n<strong>Personalizacja<\/strong>logo \/ kolor \/ materia\u0142y \/ opakowanie itp.<br \/>\n<strong>Zni\u017cka<\/strong>:  Pierwsze zam\u00f3wienia ju\u017c od 10% taniej.<br \/>\n<strong>Wska\u017anik terminowo\u015bci dostaw<\/strong>:\u00a0 100%<br \/>\n<strong>Przesy\u0142ki og\u00f3\u0142em<\/strong>:  10000 szt.<br \/>\n<strong>Wysy\u0142ka<\/strong>: Fracht morski Fracht l\u0105dowy<\/p>","protected":false},"featured_media":9031,"comment_status":"open","ping_status":"closed","template":"","meta":{"_acf_changed":false},"product_brand":[],"product_cat":[32],"product_tag":[88,73,50],"class_list":{"0":"post-9028","1":"product","2":"type-product","3":"status-publish","4":"has-post-thumbnail","6":"product_cat-digital-bag","7":"product_tag-digital-accessories-storage-bag","8":"product_tag-home-storagewholesaledurable","9":"product_tag-wholesale","11":"first","12":"instock","13":"shipping-taxable","14":"purchasable","15":"product-type-simple","16":"swiper-slide"},"acf":[],"_links":{"self":[{"href":"https:\/\/www.sellersunionagent.com\/pl\/wp-json\/wp\/v2\/product\/9028","targetHints":{"allow":["GET"]}}],"collection":[{"href":"https:\/\/www.sellersunionagent.com\/pl\/wp-json\/wp\/v2\/product"}],"about":[{"href":"https:\/\/www.sellersunionagent.com\/pl\/wp-json\/wp\/v2\/types\/product"}],"replies":[{"embeddable":true,"href":"https:\/\/www.sellersunionagent.com\/pl\/wp-json\/wp\/v2\/comments?post=9028"}],"wp:featuredmedia":[{"embeddable":true,"href":"https:\/\/www.sellersunionagent.com\/pl\/wp-json\/wp\/v2\/media\/9031"}],"wp:attachment":[{"href":"https:\/\/www.sellersunionagent.com\/pl\/wp-json\/wp\/v2\/media?parent=9028"}],"wp:term":[{"taxonomy":"product_brand","embeddable":true,"href":"https:\/\/www.sellersunionagent.com\/pl\/wp-json\/wp\/v2\/product_brand?post=9028"},{"taxonomy":"product_cat","embeddable":true,"href":"https:\/\/www.sellersunionagent.com\/pl\/wp-json\/wp\/v2\/product_cat?post=9028"},{"taxonomy":"product_tag","embeddable":true,"href":"https:\/\/www.sellersunionagent.com\/pl\/wp-json\/wp\/v2\/product_tag?post=9028"}],"curies":[{"name":"wp","href":"https:\/\/api.w.org\/{rel}","templated":true}]}}