{"id":9020,"date":"2022-07-08T10:05:49","date_gmt":"2022-07-08T02:05:49","guid":{"rendered":"https:\/\/sellersunionagent.com\/?post_type=product&#038;p=9020"},"modified":"2026-01-06T14:28:55","modified_gmt":"2026-01-06T06:28:55","slug":"torba-do-przechowywania-akcesoriow-cyfrowych-wyprodukowana-w-chinach-dla-sprzedawcow-hurtowych-lub-detalicznych","status":"publish","type":"product","link":"https:\/\/www.sellersunionagent.com\/pl\/digital-accessories-storage-bag-made-in-china-supply-for-wholesale-or-retail-dealer\/","title":{"rendered":"Torba do przechowywania akcesori\u00f3w cyfrowych wyprodukowana w Chinach dla sprzedawc\u00f3w hurtowych lub detalicznych"},"content":{"rendered":"<h2>Torba do przechowywania akcesori\u00f3w cyfrowych wyprodukowana w Chinach dla sprzedawc\u00f3w hurtowych lub detalicznych<\/h2>\n<p>&nbsp;<\/p>\n<p>&nbsp;<\/p>\n<ul class=\"a-unordered-list a-vertical a-spacing-mini\">\n<li><span class=\"a-list-item\">\u3010DIY COMPARTMENT\u3011- - W dolnej cz\u0119\u015bci etui na kable znajduj\u0105 si\u0119 trzy wyjmowane wy\u015bcie\u0142ane przegrody z rzepem, kt\u00f3re mo\u017cna samodzielnie podzieli\u0107 na kilka przegr\u00f3dek, dopasowuj\u0105c akcesoria o r\u00f3\u017cnych rozmiarach, utrzymuj\u0105c wszystkie akcesoria elektroniczne w porz\u0105dku.<\/span><\/li>\n<\/ul>\n<p>&nbsp;<\/p>\n<p>&nbsp;<\/p>\n<ul class=\"a-unordered-list a-vertical a-spacing-mini\">\n<li><span class=\"a-list-item\">\u3010PREMIUM QUALITY\u3011 - - Ten podr\u00f3\u017cny organizer kabli jest wykonany z wodoodpornej tkaniny 300D i grubego wy\u015bcie\u0142anego materia\u0142u wewn\u0119trznego. Nowo ulepszone podw\u00f3jne zamki b\u0142yskawiczne o p\u0142askiej konstrukcji s\u0105 bardziej g\u0142adkie i trwa\u0142e. Doskona\u0142e i schludne szwy sprawiaj\u0105, \u017ce organizer elektroniczny jest wyj\u0105tkowy i niepowtarzalny.<\/span><\/li>\n<\/ul>\n<p>&nbsp;<\/p>\n<p>&nbsp;<\/p>\n<ul class=\"a-unordered-list a-vertical a-spacing-mini\">\n<li><span class=\"a-list-item\">\u3010NIE WI\u0118CEJ B\u0141\u0118D\u00d3W\u3011 - - Etui podr\u00f3\u017cne na kable ma kompaktowe kieszenie, aby wszystko by\u0142o dobrze zorganizowane. Opr\u00f3cz 3 odpinanych przegr\u00f3dek, posiada 5 siatkowych kieszeni z elastycznymi p\u0119tlami na smuk\u0142e kable, s\u0142uchawki, d\u0142ugopisy itp.<\/span><\/li>\n<\/ul>\n<p>&nbsp;<\/p>\n<p>&nbsp;<\/p>\n<ul class=\"a-unordered-list a-vertical a-spacing-mini\">\n<li><span class=\"a-list-item\">\u3010TRAVEL PARTNER\u3011 - - Rozmiar 9,45 x 7,09 x 3,94 cala, idealny rozmiar sprawia, \u017ce elektroniczny organizer podr\u00f3\u017cny mo\u017cna \u0142atwo zmie\u015bci\u0107 w plecaku i baga\u017cu bez zajmowania du\u017co miejsca, a g\u00f3rny uchwyt jest \u0142atwy do przenoszenia, jest to idealny przeno\u015bny futera\u0142 na przew\u00f3d dla<\/span><\/li>\n<\/ul>\n<p>&nbsp;<\/p>\n<p>&nbsp;<\/p>\n<p><img fetchpriority=\"high\" decoding=\"async\" class=\"aligncenter wp-image-9021\" src=\"https:\/\/www.sellersunionagent.com\/wp-content\/uploads\/2022\/07\/15082507411_1929729966.jpg\" alt=\"dealer\" width=\"600\" height=\"600\" \/> <img decoding=\"async\" class=\"aligncenter wp-image-9026\" src=\"https:\/\/www.sellersunionagent.com\/wp-content\/uploads\/2022\/07\/\u56fe\u7247-3.png\" alt=\"dealer\" width=\"600\" height=\"583\" \/> <img decoding=\"async\" class=\"aligncenter wp-image-9025\" src=\"https:\/\/www.sellersunionagent.com\/wp-content\/uploads\/2022\/07\/\u56fe\u7247-2.png\" alt=\"dealer\" width=\"600\" height=\"539\" \/><\/p>","protected":false},"excerpt":{"rendered":"<p>Typ: Torba do przechowywania akcesori\u00f3w cyfrowych<\/p>\n<p>Pozycja nr:SY009<\/p>\n<p>Rozmiar i waga: 24 * 18 * 10 cm i 230 g<\/p>","protected":false},"featured_media":13774,"comment_status":"open","ping_status":"closed","template":"","meta":{"_acf_changed":false},"product_brand":[],"product_cat":[32],"product_tag":[87,88,71,49,92],"class_list":{"0":"post-9020","1":"product","2":"type-product","3":"status-publish","4":"has-post-thumbnail","6":"product_cat-digital-bag","7":"product_tag-bulk-wholesale","8":"product_tag-digital-accessories-storage-bag","9":"product_tag-durable","10":"product_tag-good-quality","11":"product_tag-retail","13":"first","14":"instock","15":"shipping-taxable","16":"product-type-simple","17":"swiper-slide"},"acf":[],"_links":{"self":[{"href":"https:\/\/www.sellersunionagent.com\/pl\/wp-json\/wp\/v2\/product\/9020","targetHints":{"allow":["GET"]}}],"collection":[{"href":"https:\/\/www.sellersunionagent.com\/pl\/wp-json\/wp\/v2\/product"}],"about":[{"href":"https:\/\/www.sellersunionagent.com\/pl\/wp-json\/wp\/v2\/types\/product"}],"replies":[{"embeddable":true,"href":"https:\/\/www.sellersunionagent.com\/pl\/wp-json\/wp\/v2\/comments?post=9020"}],"wp:featuredmedia":[{"embeddable":true,"href":"https:\/\/www.sellersunionagent.com\/pl\/wp-json\/wp\/v2\/media\/13774"}],"wp:attachment":[{"href":"https:\/\/www.sellersunionagent.com\/pl\/wp-json\/wp\/v2\/media?parent=9020"}],"wp:term":[{"taxonomy":"product_brand","embeddable":true,"href":"https:\/\/www.sellersunionagent.com\/pl\/wp-json\/wp\/v2\/product_brand?post=9020"},{"taxonomy":"product_cat","embeddable":true,"href":"https:\/\/www.sellersunionagent.com\/pl\/wp-json\/wp\/v2\/product_cat?post=9020"},{"taxonomy":"product_tag","embeddable":true,"href":"https:\/\/www.sellersunionagent.com\/pl\/wp-json\/wp\/v2\/product_tag?post=9020"}],"curies":[{"name":"wp","href":"https:\/\/api.w.org\/{rel}","templated":true}]}}