{"id":9019,"date":"2022-07-08T11:24:01","date_gmt":"2022-07-08T03:24:01","guid":{"rendered":"https:\/\/sellersunionagent.com\/?post_type=product&#038;p=9019"},"modified":"2022-07-20T17:22:59","modified_gmt":"2022-07-20T09:22:59","slug":"wieloformatowa-wewnetrzna-torba-na-laptopa-o-duzej-pojemnosci","status":"publish","type":"product","link":"https:\/\/www.sellersunionagent.com\/pl\/multi-size-large-capacity-laptop-inner-bag-exporter\/","title":{"rendered":"Wielorozmiarowa wewn\u0119trzna torba na laptopa o du\u017cej pojemno\u015bci Eksporter"},"content":{"rendered":"<h2>Wielorozmiarowa wewn\u0119trzna torba na laptopa o du\u017cej pojemno\u015bci Eksporter<\/h2>\n<ul>\n<li>Du\u017ca pojemno\u015b\u0107 z trzema rozmiarami do wyboru. Ma\u0142y rozmiar jest kompatybilny z notebookami o przek\u0105tnej 13-13,3 cala, \u015bredni rozmiar jest kompatybilny z notebookami o przek\u0105tnej 14,1-15,4 cala, a du\u017cy rozmiar jest kompatybilny z notebookami o przek\u0105tnej 15,6-16 cali.<\/li>\n<li>Precyzyjne wyr\u00f3wnanie, nie\u0142atwe do uszkodzenia<\/li>\n<li>Mocne i trwa\u0142e dwa zewn\u0119trzne metalowe klipsy<\/li>\n<li>Mi\u0119kka flokowana wy\u015bci\u00f3\u0142ka amortyzuje i zapobiega wstrz\u0105som<\/li>\n<li>Lekka i cienka konstrukcja zapewnia wi\u0119ksz\u0105 wygod\u0119 w podr\u00f3\u017cy<\/li>\n<li>Wodoodporny i odporny na plamy<\/li>\n<li>Prosty i stylowy<br \/>\n<img fetchpriority=\"high\" decoding=\"async\" class=\"aligncenter wp-image-9042\" src=\"https:\/\/www.sellersunionagent.com\/wp-content\/uploads\/2022\/07\/O1CN01Fe7WQ71Bs2kw8iw6U_0-0-cib-1.jpg\" alt=\"Wewn\u0119trzna torba na laptopa Eksporter\" width=\"600\" height=\"600\" \/><img decoding=\"async\" class=\"aligncenter wp-image-9036\" src=\"https:\/\/www.sellersunionagent.com\/wp-content\/uploads\/2022\/07\/9252393bf9da156c81656548fb0dde26_O1CN01n2wvmL23xWkKV30o1_962147322-0-cib___r__1652508627235.jpg\" alt=\"Wewn\u0119trzna torba na laptopa Eksporter\" width=\"600\" height=\"600\" \/><img decoding=\"async\" class=\"aligncenter wp-image-9045\" src=\"https:\/\/www.sellersunionagent.com\/wp-content\/uploads\/2022\/07\/O1CN01oyxvaf23xWkVqDIDT_962147322-0-cib-3.jpg\" alt=\"Wewn\u0119trzna torba na laptopa Eksporter\" width=\"600\" height=\"600\" \/><img loading=\"lazy\" decoding=\"async\" class=\"aligncenter wp-image-9049\" src=\"https:\/\/www.sellersunionagent.com\/wp-content\/uploads\/2022\/07\/1657248582876-1.png\" alt=\"Wewn\u0119trzna torba na laptopa Eksporter\" width=\"600\" height=\"851\" \/><img loading=\"lazy\" decoding=\"async\" class=\"aligncenter wp-image-9047\" src=\"https:\/\/www.sellersunionagent.com\/wp-content\/uploads\/2022\/07\/af23d1bbda6425fc27fb9cbd79c9261.jpg\" alt=\"Wewn\u0119trzna torba na laptopa Eksporter\" width=\"600\" height=\"600\" \/> <img loading=\"lazy\" decoding=\"async\" class=\"aligncenter wp-image-9046\" src=\"https:\/\/www.sellersunionagent.com\/wp-content\/uploads\/2022\/07\/590a9ff8f8a77b396e5e91a399a8f37.jpg\" alt=\"Wewn\u0119trzna torba na laptopa Eksporter\" width=\"600\" height=\"600\" \/><img loading=\"lazy\" decoding=\"async\" class=\"aligncenter wp-image-9041\" src=\"https:\/\/www.sellersunionagent.com\/wp-content\/uploads\/2022\/07\/cbf439ec011cf76082015329bf838a98_O1CN01jWcmqE23xWkPMjiwz_962147322-0-cib___r__1652508669740.jpg\" alt=\"Wewn\u0119trzna torba na laptopa Eksporter\" width=\"600\" height=\"600\" \/> <img loading=\"lazy\" decoding=\"async\" class=\"aligncenter wp-image-9040\" src=\"https:\/\/www.sellersunionagent.com\/wp-content\/uploads\/2022\/07\/ad4d803b8e9c59175083fa6d0735160d_O1CN01qQDU8T23xWkU57A8f_962147322-0-cib___r__1652508669740.jpg\" alt=\"Wewn\u0119trzna torba na laptopa Eksporter\" width=\"600\" height=\"597\" \/> <img loading=\"lazy\" decoding=\"async\" class=\"aligncenter wp-image-9038\" src=\"https:\/\/www.sellersunionagent.com\/wp-content\/uploads\/2022\/07\/1657245854394.png\" alt=\"Wewn\u0119trzna torba na laptopa Eksporter\" width=\"600\" height=\"584\" \/> <img loading=\"lazy\" decoding=\"async\" class=\"aligncenter wp-image-9037\" src=\"https:\/\/www.sellersunionagent.com\/wp-content\/uploads\/2022\/07\/1657245336747.png\" alt=\"Wewn\u0119trzna torba na laptopa Eksporter\" width=\"600\" height=\"328\" \/><\/li>\n<\/ul>","protected":false},"excerpt":{"rendered":"<p><strong>Typ<\/strong>:  Torba do przechowywania akcesori\u00f3w cyfrowych<\/p>\n<p><strong>Numer pozycji:<\/strong> SY004<\/p>\n<p><strong>Rozmiar elementu<\/strong>: 32,5*24*2cm(S)\/ 35*26*2cm(M)\/ 40*29*2cm(L)<\/p>\n<p><strong>Kolory<\/strong>: Szary\/Czarny<\/p>\n<p><strong>Materia\u0142:<\/strong>230t twill +210d szyfrowana podszewka<\/p>\n<p>&nbsp;<\/p>\n<p>&nbsp;<\/p>\n<p>Ta torba mo\u017ce by\u0107 u\u017cywana do przechowywania akcesori\u00f3w cyfrowych \/ podr\u00f3\u017cy s\u0142u\u017cbowych \/ podr\u00f3\u017cy. Uczy\u0144 swoje \u017cycie \u0142atwiejszym i prostszym!<\/p>","protected":false},"featured_media":9045,"comment_status":"open","ping_status":"closed","template":"","meta":{"_acf_changed":false},"product_brand":[],"product_cat":[32],"product_tag":[48,169],"class_list":{"0":"post-9019","1":"product","2":"type-product","3":"status-publish","4":"has-post-thumbnail","6":"product_cat-digital-bag","7":"product_tag-large-capacity","8":"product_tag-multi-size","10":"first","11":"instock","12":"shipping-taxable","13":"product-type-simple","14":"swiper-slide"},"acf":[],"_links":{"self":[{"href":"https:\/\/www.sellersunionagent.com\/pl\/wp-json\/wp\/v2\/product\/9019","targetHints":{"allow":["GET"]}}],"collection":[{"href":"https:\/\/www.sellersunionagent.com\/pl\/wp-json\/wp\/v2\/product"}],"about":[{"href":"https:\/\/www.sellersunionagent.com\/pl\/wp-json\/wp\/v2\/types\/product"}],"replies":[{"embeddable":true,"href":"https:\/\/www.sellersunionagent.com\/pl\/wp-json\/wp\/v2\/comments?post=9019"}],"wp:featuredmedia":[{"embeddable":true,"href":"https:\/\/www.sellersunionagent.com\/pl\/wp-json\/wp\/v2\/media\/9045"}],"wp:attachment":[{"href":"https:\/\/www.sellersunionagent.com\/pl\/wp-json\/wp\/v2\/media?parent=9019"}],"wp:term":[{"taxonomy":"product_brand","embeddable":true,"href":"https:\/\/www.sellersunionagent.com\/pl\/wp-json\/wp\/v2\/product_brand?post=9019"},{"taxonomy":"product_cat","embeddable":true,"href":"https:\/\/www.sellersunionagent.com\/pl\/wp-json\/wp\/v2\/product_cat?post=9019"},{"taxonomy":"product_tag","embeddable":true,"href":"https:\/\/www.sellersunionagent.com\/pl\/wp-json\/wp\/v2\/product_tag?post=9019"}],"curies":[{"name":"wp","href":"https:\/\/api.w.org\/{rel}","templated":true}]}}