{"id":8995,"date":"2022-07-07T18:26:29","date_gmt":"2022-07-07T10:26:29","guid":{"rendered":"https:\/\/sellersunionagent.com\/?post_type=product&#038;p=8995"},"modified":"2026-01-06T14:29:04","modified_gmt":"2026-01-06T06:29:04","slug":"podrozna-torba-na-akcesoria-kablowe","status":"publish","type":"product","link":"https:\/\/www.sellersunionagent.com\/pl\/travel-cable-accessories-bag-pouch\/","title":{"rendered":"Podr\u00f3\u017cna torba na akcesoria kablowe"},"content":{"rendered":"<h2>Podr\u00f3\u017cna torba na akcesoria kablowe<\/h2>\n<p><strong>Typ<\/strong>:  Torba do przechowywania akcesori\u00f3w cyfrowych<\/p>\n<p><strong>Numer pozycji:<\/strong> SY003<\/p>\n<p><strong>Rozmiar elementu<\/strong>: 17*11*6cm<\/p>\n<p><strong>Kolory<\/strong>: Szary<\/p>\n<p><strong>Materia\u0142:\u00a0<\/strong>Poliester 300D + podszewka 70D<\/p>\n<p>&nbsp;<\/p>\n<p>&nbsp;<\/p>\n<ul>\n<li>Przeno\u015bna, lekka i du\u017ca pojemno\u015b\u0107 sprawia, \u017ce podr\u00f3\u017c jest wygodniejsza i przyjemniejsza<\/li>\n<li>Siatka perspektywy pomaga \u0142atwo znale\u017a\u0107 rzeczy<\/li>\n<li>Pogrubiony wodoodporny materia\u0142, szczelne okablowanie, trwa\u0142e i g\u0142adkie zamkni\u0119cie na zamek b\u0142yskawiczny zapewnia bezpieczne przechowywanie ulubionego urz\u0105dzenia<\/li>\n<li>Du\u017ca pojemno\u015b\u0107 mo\u017ce pomie\u015bci\u0107 wiele przedmiot\u00f3w<\/li>\n<li>Sk\u00f3rzana etykieta przedstawiaj\u0105ca temperament<\/li>\n<\/ul>\n<p><img fetchpriority=\"high\" decoding=\"async\" class=\"aligncenter wp-image-9007\" src=\"https:\/\/www.sellersunionagent.com\/wp-content\/uploads\/2022\/07\/O1CN0175RJNe1Bs2lBhZpAB_0-0-cib.jpg\" alt=\"Torba na akcesoria kablowe\" width=\"600\" height=\"600\" \/><img decoding=\"async\" class=\"aligncenter wp-image-9006\" src=\"https:\/\/www.sellersunionagent.com\/wp-content\/uploads\/2022\/07\/O1CN01su6NzI23xWkiaDAtV_962147322-0-cib.jpg\" alt=\"Torba na akcesoria kablowe\" width=\"600\" height=\"600\" \/><img decoding=\"async\" class=\"aligncenter wp-image-9004\" src=\"https:\/\/www.sellersunionagent.com\/wp-content\/uploads\/2022\/07\/O1CN01N8BUyn23xWkigVy4U_962147322-0-cib.jpg\" alt=\"Torba na akcesoria kablowe\" width=\"600\" height=\"600\" \/><img loading=\"lazy\" decoding=\"async\" class=\"aligncenter wp-image-9001\" src=\"https:\/\/www.sellersunionagent.com\/wp-content\/uploads\/2022\/07\/4be50c748cce4f5dc8c0df6e103315c9_O1CN01gh6wFJ23xWkjNQm8z_962147322-0-cib___r__1654262274110.jpg\" alt=\"Torba na akcesoria kablowe\" width=\"600\" height=\"600\" \/> \u00a0 \u00a0\u00a0<img loading=\"lazy\" decoding=\"async\" class=\"aligncenter wp-image-9003\" src=\"https:\/\/www.sellersunionagent.com\/wp-content\/uploads\/2022\/07\/O1CN01CZRwZB23xWkpEariK_962147322-0-cib.jpg\" alt=\"Torba na akcesoria kablowe\" width=\"600\" height=\"600\" \/> <img loading=\"lazy\" decoding=\"async\" class=\"aligncenter wp-image-9002\" src=\"https:\/\/www.sellersunionagent.com\/wp-content\/uploads\/2022\/07\/d3e3a3179ee5aee21b5d3a3db1e80e27_O1CN01jryBmj23xWks3MUyn_962147322-0-cib___r__1654262274110.jpg\" alt=\"Torba na akcesoria kablowe\" width=\"600\" height=\"600\" \/><\/p>","protected":false},"excerpt":{"rendered":"<p><strong>MOQ<\/strong>:  100 szt.<br \/>\n<strong>Bezp\u0142atna pr\u00f3bka<\/strong>:  Obs\u0142ugiwane<br \/>\n<strong>Personalizacja<\/strong>logo \/ kolor \/ materia\u0142y \/ opakowanie itp.<br \/>\n<strong>Zni\u017cka<\/strong>:  Pierwsze zam\u00f3wienia ju\u017c od 10% taniej.<br \/>\n<strong>Wska\u017anik terminowo\u015bci dostaw<\/strong>:\u00a0 100%<br \/>\n<strong>Przesy\u0142ki og\u00f3\u0142em<\/strong>8200 sztuk<br \/>\n<strong>Wysy\u0142ka<\/strong>: Fracht morski Fracht l\u0105dowy<\/p>\n<p>&nbsp;<\/p>\n<p>&nbsp;<\/p>\n<p>Ta torba mo\u017ce by\u0107 u\u017cywana do przechowywania akcesori\u00f3w cyfrowych \/ podr\u00f3\u017cy s\u0142u\u017cbowych \/ podr\u00f3\u017cy. Uczy\u0144 swoje \u017cycie \u0142atwiejszym i prostszym!<\/p>","protected":false},"featured_media":13776,"comment_status":"open","ping_status":"closed","template":"","meta":{"_acf_changed":false},"product_brand":[],"product_cat":[32],"product_tag":[71,48,100],"class_list":{"0":"post-8995","1":"product","2":"type-product","3":"status-publish","4":"has-post-thumbnail","6":"product_cat-digital-bag","7":"product_tag-durable","8":"product_tag-large-capacity","9":"product_tag-waterproof","11":"first","12":"instock","13":"shipping-taxable","14":"purchasable","15":"product-type-simple","16":"swiper-slide"},"acf":[],"_links":{"self":[{"href":"https:\/\/www.sellersunionagent.com\/pl\/wp-json\/wp\/v2\/product\/8995","targetHints":{"allow":["GET"]}}],"collection":[{"href":"https:\/\/www.sellersunionagent.com\/pl\/wp-json\/wp\/v2\/product"}],"about":[{"href":"https:\/\/www.sellersunionagent.com\/pl\/wp-json\/wp\/v2\/types\/product"}],"replies":[{"embeddable":true,"href":"https:\/\/www.sellersunionagent.com\/pl\/wp-json\/wp\/v2\/comments?post=8995"}],"wp:featuredmedia":[{"embeddable":true,"href":"https:\/\/www.sellersunionagent.com\/pl\/wp-json\/wp\/v2\/media\/13776"}],"wp:attachment":[{"href":"https:\/\/www.sellersunionagent.com\/pl\/wp-json\/wp\/v2\/media?parent=8995"}],"wp:term":[{"taxonomy":"product_brand","embeddable":true,"href":"https:\/\/www.sellersunionagent.com\/pl\/wp-json\/wp\/v2\/product_brand?post=8995"},{"taxonomy":"product_cat","embeddable":true,"href":"https:\/\/www.sellersunionagent.com\/pl\/wp-json\/wp\/v2\/product_cat?post=8995"},{"taxonomy":"product_tag","embeddable":true,"href":"https:\/\/www.sellersunionagent.com\/pl\/wp-json\/wp\/v2\/product_tag?post=8995"}],"curies":[{"name":"wp","href":"https:\/\/api.w.org\/{rel}","templated":true}]}}