{"id":8985,"date":"2022-07-07T18:08:52","date_gmt":"2022-07-07T10:08:52","guid":{"rendered":"https:\/\/sellersunionagent.com\/?post_type=product&#038;p=8985"},"modified":"2022-07-09T10:35:12","modified_gmt":"2022-07-09T02:35:12","slug":"dostepna-na-zamowienie-torba-do-przechowywania-akcesoriow-cyfrowych-z-chinskiej-fabryki","status":"publish","type":"product","link":"https:\/\/www.sellersunionagent.com\/pl\/customized-available-digital-accessories-storage-bag-from-china-factory\/","title":{"rendered":"Dost\u0119pna na zam\u00f3wienie torba do przechowywania akcesori\u00f3w cyfrowych z chi\u0144skiej fabryki"},"content":{"rendered":"<h2>Dost\u0119pna na zam\u00f3wienie torba do przechowywania akcesori\u00f3w cyfrowych z chi\u0144skiej fabryki<\/h2>\n<p>&nbsp;<\/p>\n<p>&nbsp;<\/p>\n<p>Ten organizer jest wykonany z trwa\u0142ego i wodoodpornego materia\u0142u poliestrowego. bardziej wytrzyma\u0142y i \u0142adniejszy ni\u017c tkanina nylonowa, wy\u015bcie\u0142any materia\u0142 wewn\u0119trzny, z mocnym uchwytem do przenoszenia! mo\u017ce chroni\u0107 twoje cyfrowe akcesoria przed wstrz\u0105sami i uszkodzeniami.<\/p>\n<p>&nbsp;<\/p>\n<p>&nbsp;<\/p>\n<p>9,84 x 7,28 x 1,4 cala (25 x 18,5 x 3,5 cm). Idealny rozmiar i lekka konstrukcja umo\u017cliwiaj\u0105 \u0142atwe przenoszenie torby za pomoc\u0105 paska na r\u0119k\u0119. Pasuje r\u00f3wnie\u017c do teczki, torebki, baga\u017cu i plecaka, nie zajmuj\u0105c du\u017co miejsca.<\/p>\n<p>&nbsp;<\/p>\n<p>&nbsp;<\/p>\n<p>Torba na przew\u00f3d jest wystarczaj\u0105co pojemna, aby pomie\u015bci\u0107 r\u00f3\u017cne przedmioty, takie jak kable, dysk flash, dysk SSD, przewody, karty pami\u0119ci, nap\u0119d USB, zasilanie, \u0142adowarka, paszport, adaptery, d\u0142ugopisy, s\u0142uchawki i inne akcesoria do laptop\u00f3w i tablet\u00f3w.<\/p>\n<p>&nbsp;<\/p>\n<p>&nbsp;<\/p>\n<p>Organizer podr\u00f3\u017cny na przew\u00f3d i \u0142adowark\u0119 mo\u017ce by\u0107 r\u00f3wnie\u017c u\u017cywany jako torba na zestaw medyczny lub kosmetyczka. Konstrukcja uchwytu jest \u0142atwa do przenoszenia, zamek b\u0142yskawiczny umo\u017cliwia \u0142atwy dost\u0119p i otwieranie, \u015bwietny partner w podr\u00f3\u017cy.<\/p>\n<p>&nbsp;<\/p>\n<p>&nbsp;<\/p>\n<p><img fetchpriority=\"high\" decoding=\"async\" class=\"aligncenter wp-image-9012\" src=\"https:\/\/www.sellersunionagent.com\/wp-content\/uploads\/2022\/07\/17021764222_1929729966.jpg\" alt=\"Dostawca\" width=\"600\" height=\"600\" \/> <img decoding=\"async\" class=\"aligncenter wp-image-9018\" src=\"https:\/\/www.sellersunionagent.com\/wp-content\/uploads\/2022\/07\/\u8be6\u60c5\u9875-3-3.png\" alt=\"Dostawca\" width=\"600\" height=\"596\" \/> <img decoding=\"async\" class=\"aligncenter wp-image-9017\" src=\"https:\/\/www.sellersunionagent.com\/wp-content\/uploads\/2022\/07\/\u8be6\u60c5\u9875-2-4.png\" alt=\"Dostawca\" width=\"600\" height=\"595\" \/><img loading=\"lazy\" decoding=\"async\" class=\"aligncenter wp-image-9016\" src=\"https:\/\/www.sellersunionagent.com\/wp-content\/uploads\/2022\/07\/\u8be6\u60c5\u9875-1-4.png\" alt=\"Dostawca\" width=\"600\" height=\"525\" \/> <img loading=\"lazy\" decoding=\"async\" class=\"aligncenter wp-image-9015\" src=\"https:\/\/www.sellersunionagent.com\/wp-content\/uploads\/2022\/07\/\u573a\u666f\u56fe-5.png\" alt=\"Dostawca\" width=\"600\" height=\"462\" \/> <img loading=\"lazy\" decoding=\"async\" class=\"aligncenter wp-image-9014\" src=\"https:\/\/www.sellersunionagent.com\/wp-content\/uploads\/2022\/07\/17022013192_1929729966.jpg\" alt=\"Dostawca\" width=\"600\" height=\"600\" \/> <img loading=\"lazy\" decoding=\"async\" class=\"aligncenter wp-image-9011\" src=\"https:\/\/www.sellersunionagent.com\/wp-content\/uploads\/2022\/07\/16968216734_1929729966.jpg\" alt=\"Dostawca\" width=\"600\" height=\"600\" \/><\/p>","protected":false},"excerpt":{"rendered":"<p>Typ: Torba do przechowywania akcesori\u00f3w cyfrowych<\/p>\n<p>Nr artyku\u0142u:SY008<\/p>\n<p>Rozmiar i waga: 42 * 23 cm i 140 g<\/p>","protected":false},"featured_media":9011,"comment_status":"open","ping_status":"closed","template":"","meta":{"_acf_changed":false},"product_brand":[],"product_cat":[32],"product_tag":[87,88,71,59],"class_list":{"0":"post-8985","1":"product","2":"type-product","3":"status-publish","4":"has-post-thumbnail","6":"product_cat-digital-bag","7":"product_tag-bulk-wholesale","8":"product_tag-digital-accessories-storage-bag","9":"product_tag-durable","10":"product_tag-multifunctional","12":"first","13":"instock","14":"shipping-taxable","15":"product-type-simple","16":"swiper-slide"},"acf":[],"_links":{"self":[{"href":"https:\/\/www.sellersunionagent.com\/pl\/wp-json\/wp\/v2\/product\/8985","targetHints":{"allow":["GET"]}}],"collection":[{"href":"https:\/\/www.sellersunionagent.com\/pl\/wp-json\/wp\/v2\/product"}],"about":[{"href":"https:\/\/www.sellersunionagent.com\/pl\/wp-json\/wp\/v2\/types\/product"}],"replies":[{"embeddable":true,"href":"https:\/\/www.sellersunionagent.com\/pl\/wp-json\/wp\/v2\/comments?post=8985"}],"wp:featuredmedia":[{"embeddable":true,"href":"https:\/\/www.sellersunionagent.com\/pl\/wp-json\/wp\/v2\/media\/9011"}],"wp:attachment":[{"href":"https:\/\/www.sellersunionagent.com\/pl\/wp-json\/wp\/v2\/media?parent=8985"}],"wp:term":[{"taxonomy":"product_brand","embeddable":true,"href":"https:\/\/www.sellersunionagent.com\/pl\/wp-json\/wp\/v2\/product_brand?post=8985"},{"taxonomy":"product_cat","embeddable":true,"href":"https:\/\/www.sellersunionagent.com\/pl\/wp-json\/wp\/v2\/product_cat?post=8985"},{"taxonomy":"product_tag","embeddable":true,"href":"https:\/\/www.sellersunionagent.com\/pl\/wp-json\/wp\/v2\/product_tag?post=8985"}],"curies":[{"name":"wp","href":"https:\/\/api.w.org\/{rel}","templated":true}]}}