{"id":8925,"date":"2022-07-07T17:46:27","date_gmt":"2022-07-07T09:46:27","guid":{"rendered":"https:\/\/sellersunionagent.com\/?post_type=product&#038;p=8925"},"modified":"2022-07-21T17:03:28","modified_gmt":"2022-07-21T09:03:28","slug":"niestandardowa-torba-do-przechowywania-kabla-do-transmisji-danych-sluchawki-power-bank-klucz-do-karty","status":"publish","type":"product","link":"https:\/\/www.sellersunionagent.com\/pl\/custom-carrying-storage-bag-for-keeping-data-cable-earphone-power-bank-card-key\/","title":{"rendered":"Niestandardowa torba do przechowywania kabla do transmisji danych\/telefonu\/zasilacza\/karty\/klucza"},"content":{"rendered":"<h2>Niestandardowa torba do przechowywania kabla do transmisji danych\/telefonu\/zasilacza\/karty\/klucza<\/h2>\n<ul>\n<li>Przeno\u015bna, lekka i du\u017ca pojemno\u015b\u0107 sprawia, \u017ce podr\u00f3\u017c jest wygodniejsza i przyjemniejsza<\/li>\n<li>Siatka perspektywy pomaga \u0142atwo znale\u017a\u0107 rzeczy<\/li>\n<li>Pogrubiony materia\u0142, szczelne okablowanie, trwa\u0142e i g\u0142adkie zamkni\u0119cie na zamek b\u0142yskawiczny zapewnia bezpieczne przechowywanie ulubionego urz\u0105dzenia<\/li>\n<li>Du\u017ca pojemno\u015b\u0107 mo\u017ce pomie\u015bci\u0107 wiele przedmiot\u00f3w<\/li>\n<li>Sk\u00f3rzana etykieta przedstawiaj\u0105ca temperament<\/li>\n<li>Zapraszamy do dostosowania<\/li>\n<\/ul>\n<p><img fetchpriority=\"high\" decoding=\"async\" class=\"aligncenter wp-image-8941\" src=\"https:\/\/www.sellersunionagent.com\/wp-content\/uploads\/2022\/07\/9060578085_1929729966.jpg\" alt=\"Torba do przechowywania\" width=\"600\" height=\"600\" \/><\/p>\n<p><img decoding=\"async\" class=\"aligncenter wp-image-8965\" src=\"https:\/\/www.sellersunionagent.com\/wp-content\/uploads\/2022\/07\/337bc4990dc7bb2a2ed1a03052abbc9.jpg\" alt=\"Torba do przechowywania\" width=\"600\" height=\"600\" \/><\/p>\n<p><img decoding=\"async\" class=\"aligncenter wp-image-8940\" src=\"https:\/\/www.sellersunionagent.com\/wp-content\/uploads\/2022\/07\/9042448513_1929729966.jpg\" alt=\"Torba do przechowywania\" width=\"600\" height=\"600\" \/><img loading=\"lazy\" decoding=\"async\" class=\"aligncenter wp-image-8943\" src=\"https:\/\/www.sellersunionagent.com\/wp-content\/uploads\/2022\/07\/9042427816_1929729966.jpg\" alt=\"Torba do przechowywania\" width=\"600\" height=\"600\" \/><img loading=\"lazy\" decoding=\"async\" class=\"aligncenter wp-image-8942\" src=\"https:\/\/www.sellersunionagent.com\/wp-content\/uploads\/2022\/07\/11788864577_1929729966.jpg\" alt=\"Torba do przechowywania\" width=\"600\" height=\"600\" \/> <img loading=\"lazy\" decoding=\"async\" class=\"aligncenter wp-image-8960\" src=\"https:\/\/www.sellersunionagent.com\/wp-content\/uploads\/2022\/07\/f3c3186b631871c40d4e9ee782feca4d_14535835862_1929729966.jpg\" alt=\"Torba do przechowywania\" width=\"600\" height=\"600\" \/> <img loading=\"lazy\" decoding=\"async\" class=\"aligncenter wp-image-8959\" src=\"https:\/\/www.sellersunionagent.com\/wp-content\/uploads\/2022\/07\/1657185184109.png\" alt=\"Torba do przechowywania\" width=\"600\" height=\"549\" \/> <img loading=\"lazy\" decoding=\"async\" class=\"aligncenter wp-image-8958\" src=\"https:\/\/www.sellersunionagent.com\/wp-content\/uploads\/2022\/07\/6bdb969b5cc4fe5474f1e232b634259d_14535643490_1929729966.jpg\" alt=\"Torba do przechowywania\" width=\"600\" height=\"600\" \/><\/p>","protected":false},"excerpt":{"rendered":"<p><strong>Typ<\/strong>:  Torba do przechowywania akcesori\u00f3w cyfrowych<\/p>\n<p><strong>Numer pozycji:<\/strong> SY002<\/p>\n<p><strong>Rozmiar elementu<\/strong>: 17*11*2cm<\/p>\n<p><strong>Kolory<\/strong>: Szary\/r\u00f3\u017cowy\/niebieski\/\u017c\u00f3\u0142ty\/inny<\/p>\n<p><strong>Materia\u0142: <\/strong>Poliester 300D + podszewka 70D<\/p>\n<p>&nbsp;<\/p>\n<p>&nbsp;<\/p>\n<p>Porozmawiaj z nami, aby dostosowa\u0107! Niekt\u00f3re przypadki: 1) druk jedwabny - mo\u017cna drukowa\u0107 wzory i s\u0142owa w r\u00f3\u017cnych kolorach z dobrymi szczeg\u00f3\u0142ami; 2) nadruk na sk\u00f3rzanej etykiecie - dobra tekstura i tr\u00f3jwymiarowy efekt; 3) materia\u0142 sk\u00f3rzany + wyt\u0142oczone logo: 4) logo z nadrukiem jedwabnym + wyt\u0142oczona sk\u00f3rzana etykieta; 5) niestandardowy wygl\u0105d i materia\u0142; 6) niestandardowy materia\u0142 wewn\u0119trzny i kolor; 7) druk cyfrowy....<\/p>","protected":false},"featured_media":8943,"comment_status":"open","ping_status":"closed","template":"","meta":{"_acf_changed":false},"product_brand":[],"product_cat":[32],"product_tag":[89,93],"class_list":{"0":"post-8925","1":"product","2":"type-product","3":"status-publish","4":"has-post-thumbnail","6":"product_cat-digital-bag","7":"product_tag-multi-function","8":"product_tag-storage","10":"first","11":"instock","12":"shipping-taxable","13":"product-type-simple","14":"swiper-slide"},"acf":[],"_links":{"self":[{"href":"https:\/\/www.sellersunionagent.com\/pl\/wp-json\/wp\/v2\/product\/8925","targetHints":{"allow":["GET"]}}],"collection":[{"href":"https:\/\/www.sellersunionagent.com\/pl\/wp-json\/wp\/v2\/product"}],"about":[{"href":"https:\/\/www.sellersunionagent.com\/pl\/wp-json\/wp\/v2\/types\/product"}],"replies":[{"embeddable":true,"href":"https:\/\/www.sellersunionagent.com\/pl\/wp-json\/wp\/v2\/comments?post=8925"}],"wp:featuredmedia":[{"embeddable":true,"href":"https:\/\/www.sellersunionagent.com\/pl\/wp-json\/wp\/v2\/media\/8943"}],"wp:attachment":[{"href":"https:\/\/www.sellersunionagent.com\/pl\/wp-json\/wp\/v2\/media?parent=8925"}],"wp:term":[{"taxonomy":"product_brand","embeddable":true,"href":"https:\/\/www.sellersunionagent.com\/pl\/wp-json\/wp\/v2\/product_brand?post=8925"},{"taxonomy":"product_cat","embeddable":true,"href":"https:\/\/www.sellersunionagent.com\/pl\/wp-json\/wp\/v2\/product_cat?post=8925"},{"taxonomy":"product_tag","embeddable":true,"href":"https:\/\/www.sellersunionagent.com\/pl\/wp-json\/wp\/v2\/product_tag?post=8925"}],"curies":[{"name":"wp","href":"https:\/\/api.w.org\/{rel}","templated":true}]}}