{"id":8889,"date":"2022-07-07T16:37:37","date_gmt":"2022-07-07T08:37:37","guid":{"rendered":"https:\/\/sellersunionagent.com\/?post_type=product&#038;p=8889"},"modified":"2022-07-21T17:03:32","modified_gmt":"2022-07-21T09:03:32","slug":"hurtowy-wielofunkcyjny-organizer-elektroniczny-cyfrowa-torba-do-przechowywania-w-podrozy","status":"publish","type":"product","link":"https:\/\/www.sellersunionagent.com\/pl\/wholesale-multifunction-electronic-organizer-digital-storage-bag-for-travel\/","title":{"rendered":"Hurtowy wielofunkcyjny organizer elektroniczny Cyfrowa torba do przechowywania w podr\u00f3\u017cy"},"content":{"rendered":"<h2 id=\"title\" class=\"a-size-large a-spacing-none\"><span id=\"productTitle\" class=\"a-size-large product-title-word-break\">Organizer elektroniczny, ma\u0142a podr\u00f3\u017cna torba z organizerem na kable, przeno\u015bne akcesoria elektroniczne, wielofunkcyjne etui do przechowywania kabli, przewod\u00f3w, \u0142adowarek, dysk\u00f3w twardych, s\u0142uchawek, USB, kart SD<\/span><\/h2>\n<p>&nbsp;<\/p>\n<p>&nbsp;<\/p>\n<ul>\n<li>Przeno\u015bny i praktyczny: Wymiary 24 * 12 * 8 cm, kompaktowy rozmiar i lekko\u015b\u0107 u\u0142atwiaj\u0105 przenoszenie i wk\u0142adanie do torby, jednocze\u015bnie porz\u0105dnie organizuj\u0105c i przechowuj\u0105c gad\u017cety techniczne, takie jak kable, przewody, \u0142adowarka do MacBooka, s\u0142uchawki, dyski USB i karty SD.<\/li>\n<\/ul>\n<p>&nbsp;<\/p>\n<p>&nbsp;<\/p>\n<ul>\n<li>Wiele zastosowa\u0144: Idealny do podr\u00f3\u017cy, podr\u00f3\u017cy s\u0142u\u017cbowych i codziennego noszenia lub po prostu przydatnej organizacji w domu i biurze. Chwy\u0107 go i jeste\u015b w drodze z uporz\u0105dkowanymi akcesoriami elektronicznymi.<\/li>\n<\/ul>\n<p>&nbsp;<\/p>\n<p>&nbsp;<\/p>\n<ul>\n<li>Najwy\u017csza jako\u015b\u0107: Wykonane z wytrzyma\u0142ego poliestru.<\/li>\n<\/ul>\n<p><img fetchpriority=\"high\" decoding=\"async\" class=\"aligncenter wp-image-8891\" src=\"https:\/\/www.sellersunionagent.com\/wp-content\/uploads\/2022\/07\/multifunction-electronic-organizer-4.jpg\" alt=\"Produkcja w Chinach\" width=\"500\" height=\"500\" \/><\/p>\n<p><img decoding=\"async\" class=\"aligncenter wp-image-8892\" src=\"https:\/\/www.sellersunionagent.com\/wp-content\/uploads\/2022\/07\/multifunction-electronic-organizer-3.jpg\" alt=\"Produkcja w Chinach\" width=\"500\" height=\"500\" \/><\/p>\n<p><img decoding=\"async\" class=\"aligncenter wp-image-8893\" src=\"https:\/\/www.sellersunionagent.com\/wp-content\/uploads\/2022\/07\/multifunction-electronic-organizer-2.jpg\" alt=\"Produkcja w Chinach\" width=\"500\" height=\"500\" \/><\/p>\n<p><img loading=\"lazy\" decoding=\"async\" class=\"aligncenter wp-image-8894\" src=\"https:\/\/www.sellersunionagent.com\/wp-content\/uploads\/2022\/07\/multifunction-electronic-organizer-1.jpg\" alt=\"Produkcja w Chinach\" width=\"500\" height=\"500\" \/><\/p>\n<p><img loading=\"lazy\" decoding=\"async\" class=\"aligncenter wp-image-8895\" src=\"https:\/\/www.sellersunionagent.com\/wp-content\/uploads\/2022\/07\/multifunction-electronic-organizer.jpg\" alt=\"Produkcja w Chinach\" width=\"500\" height=\"500\" \/><\/p>\n<p>&nbsp;<\/p>","protected":false},"excerpt":{"rendered":"<p><strong>Typ<\/strong>:  Torba do przechowywania akcesori\u00f3w cyfrowych<\/p>\n<p><strong>Numer pozycji:<\/strong> SY007<\/p>\n<p><strong>Rozmiar elementu<\/strong>24*12*8cm<\/p>\n<p><strong>Waga przedmiotu<\/strong>: 120g<\/p>\n<p><strong>MOQ:<\/strong>1000 SZTUK<\/p>\n<p><strong>Materia\u0142: <\/strong>poliester<\/p>","protected":false},"featured_media":8891,"comment_status":"open","ping_status":"closed","template":"","meta":{"_acf_changed":false},"product_brand":[],"product_cat":[32],"product_tag":[88,80,50],"class_list":{"0":"post-8889","1":"product","2":"type-product","3":"status-publish","4":"has-post-thumbnail","6":"product_cat-digital-bag","7":"product_tag-digital-accessories-storage-bag","8":"product_tag-hot-sales","9":"product_tag-wholesale","11":"first","12":"instock","13":"shipping-taxable","14":"product-type-simple","15":"swiper-slide"},"acf":[],"_links":{"self":[{"href":"https:\/\/www.sellersunionagent.com\/pl\/wp-json\/wp\/v2\/product\/8889","targetHints":{"allow":["GET"]}}],"collection":[{"href":"https:\/\/www.sellersunionagent.com\/pl\/wp-json\/wp\/v2\/product"}],"about":[{"href":"https:\/\/www.sellersunionagent.com\/pl\/wp-json\/wp\/v2\/types\/product"}],"replies":[{"embeddable":true,"href":"https:\/\/www.sellersunionagent.com\/pl\/wp-json\/wp\/v2\/comments?post=8889"}],"wp:featuredmedia":[{"embeddable":true,"href":"https:\/\/www.sellersunionagent.com\/pl\/wp-json\/wp\/v2\/media\/8891"}],"wp:attachment":[{"href":"https:\/\/www.sellersunionagent.com\/pl\/wp-json\/wp\/v2\/media?parent=8889"}],"wp:term":[{"taxonomy":"product_brand","embeddable":true,"href":"https:\/\/www.sellersunionagent.com\/pl\/wp-json\/wp\/v2\/product_brand?post=8889"},{"taxonomy":"product_cat","embeddable":true,"href":"https:\/\/www.sellersunionagent.com\/pl\/wp-json\/wp\/v2\/product_cat?post=8889"},{"taxonomy":"product_tag","embeddable":true,"href":"https:\/\/www.sellersunionagent.com\/pl\/wp-json\/wp\/v2\/product_tag?post=8889"}],"curies":[{"name":"wp","href":"https:\/\/api.w.org\/{rel}","templated":true}]}}