{"id":8870,"date":"2022-07-07T16:46:56","date_gmt":"2022-07-07T08:46:56","guid":{"rendered":"https:\/\/sellersunionagent.com\/?post_type=product&#038;p=8870"},"modified":"2026-01-06T14:29:04","modified_gmt":"2026-01-06T06:29:04","slug":"przenosna-torba-na-kable-elektroniczne","status":"publish","type":"product","link":"https:\/\/www.sellersunionagent.com\/pl\/portable-electronic-cable-organizer-bag\/","title":{"rendered":"Przeno\u015bna torba na kable elektroniczne"},"content":{"rendered":"<h2>Przeno\u015bna torba na kable elektroniczne<\/h2>\n<p><strong>Typ<\/strong>:  Torba do przechowywania akcesori\u00f3w cyfrowych<\/p>\n<p><strong>Numer pozycji:<\/strong> SY001<\/p>\n<p><strong>Rozmiar elementu<\/strong>20*11,5*3cm<\/p>\n<p><strong>Kolory<\/strong>: Szary<\/p>\n<p><strong>Materia\u0142: <\/strong>Poliester 300D + podszewka 70D<\/p>\n<p>&nbsp;<\/p>\n<p>&nbsp;<\/p>\n<p><b>WYSOKIEJ JAKO\u015aCI MATERIA\u0141<\/b>: Organizer na elektronik\u0119 FINPAC, wykonany z wytrzyma\u0142ej, trwa\u0142ej i wodoodpornej tkaniny nylonowej 600D, wbudowane doskona\u0142e elastyczne p\u0119tle z antypo\u015blizgowym uchwytem, aby zapewni\u0107, \u017ce przewody pozostan\u0105 na swoim miejscu. Torba podr\u00f3\u017cna z wysokiej jako\u015bci podw\u00f3jnym zamkiem b\u0142yskawicznym zapewnia szybki dost\u0119p i zarz\u0105dzanie.<\/p>\n<p>&nbsp;<\/p>\n<p>&nbsp;<\/p>\n<p><b>BEZPIECZNE PRZECHOWYWANIE<\/b>: Ta torba organizacyjna ma etui do przechowywania tabletu iPad 9,7\", 11\", kindle lub pocketbook (do 11 cali). Wewn\u0119trzna kiesze\u0144 z siatki chroni telefon kom\u00f3rkowy lub inne ma\u0142e przedmioty przed zgubieniem. Elastyczne p\u0119tle sprawiaj\u0105, \u017ce jest to doskona\u0142y organizer na przewody podr\u00f3\u017cne. 5 x Elastyczne kieszenie na karty SD zapobiegaj\u0105 zgubieniu kart SD. Dwuwarstwowa torba podr\u00f3\u017cna na sprz\u0119t elektroniczny pozwala uporz\u0105dkowa\u0107 wszystkie kable, \u0142adowarki do laptop\u00f3w, dyski twarde, tablety i inne akcesoria.<\/p>\n<p>&nbsp;<\/p>\n<p>&nbsp;<\/p>\n<p><b>KOMPAKTOWO\u015a\u0106 I PRZENO\u015aNO\u015a\u0106<\/b>: Lekki przeno\u015bny organizer na przewody, \u0142atwy do przenoszenia i mieszcz\u0105cy si\u0119 w plecaku lub torebce bez zajmowania du\u017co miejsca. \u015awietny towarzysz jako organizer elektroniki podr\u00f3\u017cnej i organizer przewod\u00f3w podr\u00f3\u017cnych.<\/p>\n<p>&nbsp;<\/p>\n<p>&nbsp;<\/p>\n<p><b>WIELOZADANIOWO\u015a\u0106<\/b>: Wszechstronna torba podr\u00f3\u017cna zaprojektowana specjalnie dla os\u00f3b dobrze zorganizowanych w podr\u00f3\u017cy; Wiele kieszeni o r\u00f3\u017cnych rozmiarach zapewnia du\u017c\u0105 elastyczno\u015b\u0107 organizera elektronicznego. Przednia zewn\u0119trzna kiesze\u0144 na suwak dla \u0142atwego dost\u0119pu.<\/p>\n<p>&nbsp;<\/p>\n<p>&nbsp;<\/p>\n<p><b>PODR\u00d3\u017b S\u0141U\u017bBOWA I CODZIENNE U\u017bYTKOWANIE<\/b>: Wszechstronny organizer na akcesoria elektroniczne do u\u017cytku biurowego i w podr\u00f3\u017cy. Pozwala utrzyma\u0107 porz\u0105dek bez ba\u0142aganu. \u015awietna torba podr\u00f3\u017cna do podr\u00f3\u017cy s\u0142u\u017cbowych i codziennego u\u017cytku (TYLKO torba! Nie zawiera kabli, akcesori\u00f3w elektronicznych)<\/p>\n<p><img fetchpriority=\"high\" decoding=\"async\" class=\"aligncenter wp-image-8905\" src=\"https:\/\/www.sellersunionagent.com\/wp-content\/uploads\/2022\/07\/15513035298_1929729966.jpg\" alt=\"Torba do organizacji kabli elektronicznych\" width=\"600\" height=\"600\" \/><img decoding=\"async\" class=\"aligncenter wp-image-8902\" src=\"https:\/\/www.sellersunionagent.com\/wp-content\/uploads\/2022\/07\/portable-electronic-cable-organizer-bag-15.jpg\" alt=\"Torba do organizacji kabli elektronicznych\" width=\"600\" height=\"600\" \/> <img decoding=\"async\" class=\"aligncenter wp-image-8904\" src=\"https:\/\/www.sellersunionagent.com\/wp-content\/uploads\/2022\/07\/portable-electronic-cable-organizer-bag-13.jpg\" alt=\"Torba do organizacji kabli elektronicznych\" width=\"600\" height=\"600\" \/> <img loading=\"lazy\" decoding=\"async\" class=\"aligncenter wp-image-8903\" src=\"https:\/\/www.sellersunionagent.com\/wp-content\/uploads\/2022\/07\/15453139277_1929729966.jpg\" alt=\"Torba do organizacji kabli elektronicznych\" width=\"600\" height=\"600\" \/> <img loading=\"lazy\" decoding=\"async\" class=\"aligncenter wp-image-8907\" src=\"https:\/\/www.sellersunionagent.com\/wp-content\/uploads\/2022\/07\/portable-electronic-cable-organizer-bag-14.jpg\" alt=\"Torba do organizacji kabli elektronicznych\" width=\"600\" height=\"600\" \/><img loading=\"lazy\" decoding=\"async\" class=\"aligncenter wp-image-8913\" src=\"https:\/\/www.sellersunionagent.com\/wp-content\/uploads\/2022\/07\/portable-electronic-cable-organizer-bag.jpg\" alt=\"Torba do organizacji kabli elektronicznych\" width=\"600\" height=\"600\" \/> <img loading=\"lazy\" decoding=\"async\" class=\"aligncenter wp-image-8912\" src=\"https:\/\/www.sellersunionagent.com\/wp-content\/uploads\/2022\/07\/portable-electronic-cable-organizer-bag-1.jpg\" alt=\"Torba do organizacji kabli elektronicznych\" width=\"600\" height=\"600\" \/> <img loading=\"lazy\" decoding=\"async\" class=\"aligncenter wp-image-8911\" src=\"https:\/\/www.sellersunionagent.com\/wp-content\/uploads\/2022\/07\/portable-electronic-cable-organizer-bag-2.jpg\" alt=\"Torba do organizacji kabli elektronicznych\" width=\"600\" height=\"600\" \/> <img loading=\"lazy\" decoding=\"async\" class=\"aligncenter wp-image-8909\" src=\"https:\/\/www.sellersunionagent.com\/wp-content\/uploads\/2022\/07\/portable-electronic-cable-organizer-bag-11.jpg\" alt=\"Torba do organizacji kabli elektronicznych\" width=\"600\" height=\"600\" \/><\/p>","protected":false},"excerpt":{"rendered":"<p><strong>MOQ<\/strong>:  500 szt.<br \/>\n<strong>Bezp\u0142atna pr\u00f3bka<\/strong>:  Obs\u0142ugiwane<br \/>\n<strong>Personalizacja<\/strong>logo \/ kolor \/ materia\u0142y \/ opakowanie itp.<br \/>\n<strong>Zni\u017cka<\/strong>:  Pierwsze zam\u00f3wienia ju\u017c od 10% taniej.<br \/>\n<strong>Wska\u017anik terminowo\u015bci dostaw<\/strong>:\u00a0 100%<br \/>\n<strong>Przesy\u0142ki og\u00f3\u0142em<\/strong>:  10000 szt.<br \/>\n<strong>Wysy\u0142ka<\/strong>: Fracht morski Fracht l\u0105dowy<\/p>\n<p>&nbsp;<\/p>\n<p>&nbsp;<\/p>\n<p>Ta torba mo\u017ce by\u0107 u\u017cywana do przechowywania akcesori\u00f3w cyfrowych \/ podr\u00f3\u017cy s\u0142u\u017cbowych \/ podr\u00f3\u017cy. Uczy\u0144 swoje \u017cycie \u0142atwiejszym i prostszym!<\/p>","protected":false},"featured_media":13778,"comment_status":"open","ping_status":"closed","template":"","meta":{"_acf_changed":false},"product_brand":[],"product_cat":[32],"product_tag":[52,60],"class_list":{"0":"post-8870","1":"product","2":"type-product","3":"status-publish","4":"has-post-thumbnail","6":"product_cat-digital-bag","7":"product_tag-multi-layer","8":"product_tag-portable","10":"first","11":"instock","12":"shipping-taxable","13":"purchasable","14":"product-type-simple","15":"swiper-slide"},"acf":[],"_links":{"self":[{"href":"https:\/\/www.sellersunionagent.com\/pl\/wp-json\/wp\/v2\/product\/8870","targetHints":{"allow":["GET"]}}],"collection":[{"href":"https:\/\/www.sellersunionagent.com\/pl\/wp-json\/wp\/v2\/product"}],"about":[{"href":"https:\/\/www.sellersunionagent.com\/pl\/wp-json\/wp\/v2\/types\/product"}],"replies":[{"embeddable":true,"href":"https:\/\/www.sellersunionagent.com\/pl\/wp-json\/wp\/v2\/comments?post=8870"}],"wp:featuredmedia":[{"embeddable":true,"href":"https:\/\/www.sellersunionagent.com\/pl\/wp-json\/wp\/v2\/media\/13778"}],"wp:attachment":[{"href":"https:\/\/www.sellersunionagent.com\/pl\/wp-json\/wp\/v2\/media?parent=8870"}],"wp:term":[{"taxonomy":"product_brand","embeddable":true,"href":"https:\/\/www.sellersunionagent.com\/pl\/wp-json\/wp\/v2\/product_brand?post=8870"},{"taxonomy":"product_cat","embeddable":true,"href":"https:\/\/www.sellersunionagent.com\/pl\/wp-json\/wp\/v2\/product_cat?post=8870"},{"taxonomy":"product_tag","embeddable":true,"href":"https:\/\/www.sellersunionagent.com\/pl\/wp-json\/wp\/v2\/product_tag?post=8870"}],"curies":[{"name":"wp","href":"https:\/\/api.w.org\/{rel}","templated":true}]}}