{"id":8869,"date":"2022-07-07T16:26:01","date_gmt":"2022-07-07T08:26:01","guid":{"rendered":"https:\/\/sellersunionagent.com\/?post_type=product&#038;p=8869"},"modified":"2022-10-06T15:33:06","modified_gmt":"2022-10-06T07:33:06","slug":"wholesale-portable-storage-bag-digital-accessories-storage-bag-travel-organizer-bag","status":"publish","type":"product","link":"https:\/\/www.sellersunionagent.com\/pl\/wholesale-portable-storage-bag-digital-accessories-storage-bag-travel-organizer-bag\/","title":{"rendered":"Hurtownia Przeno\u015bna torba do przechowywania Akcesoria cyfrowe Torba do przechowywania Organizer podr\u00f3\u017cny"},"content":{"rendered":"<h2>Digital Bag , Travel Organizer Bag, Electronic Accessories Case, Portable Cable Storage Bag for Charger, USB, SD Card, Phone, Cables, Portable Charger<\/h2>\n<p>&nbsp;<\/p>\n<p>&nbsp;<\/p>\n<ul>\n<li>\u3010Quality Material\u3011The thicken electronics organizer bag features durable polyester fabric, high-grade zipper to protect the items from rains,scratches, collisions, dust, and accidental drops.<\/li>\n<\/ul>\n<p>&nbsp;<\/p>\n<p>&nbsp;<\/p>\n<ul>\n<li>\u3010Easy to Carry &amp; Waterproof\u3011The small size and lightweight design allows you to carry the case easily. This electronics organizer case also fits your briefcase, luggage and backpack without taking much space.<\/li>\n<\/ul>\n<p>&nbsp;<\/p>\n<p>&nbsp;<\/p>\n<ul>\n<li>\u3010Size\u301134*25.5*2.5cm, easily fit into any backpack or handbags. Easy to carry, great partner for your hard drive at travel or in the office.<\/li>\n<\/ul>\n<p><img fetchpriority=\"high\" decoding=\"async\" class=\"aligncenter wp-image-8876\" src=\"https:\/\/www.sellersunionagent.com\/wp-content\/uploads\/2022\/07\/digital-accessories-storage-bag-11.jpg\" alt=\"Produkcja w Chinach\" width=\"500\" height=\"575\" \/><\/p>\n<p><img decoding=\"async\" class=\"aligncenter wp-image-8878\" src=\"https:\/\/www.sellersunionagent.com\/wp-content\/uploads\/2022\/07\/digital-accessories-storage-bag-9.jpg\" alt=\"Produkcja w Chinach\" width=\"500\" height=\"592\" \/><\/p>\n<p><img decoding=\"async\" class=\"aligncenter wp-image-8879\" src=\"https:\/\/www.sellersunionagent.com\/wp-content\/uploads\/2022\/07\/digital-accessories-storage-bag-8.jpg\" alt=\"Produkcja w Chinach\" width=\"500\" height=\"591\" \/><\/p>\n<p><img loading=\"lazy\" decoding=\"async\" class=\"aligncenter wp-image-8880\" src=\"https:\/\/www.sellersunionagent.com\/wp-content\/uploads\/2022\/07\/digital-accessories-storage-bag-7.jpg\" alt=\"Produkcja w Chinach\" width=\"500\" height=\"570\" \/><\/p>\n<p><img loading=\"lazy\" decoding=\"async\" class=\"aligncenter wp-image-8881\" src=\"https:\/\/www.sellersunionagent.com\/wp-content\/uploads\/2022\/07\/digital-accessories-storage-bag-6.jpg\" alt=\"Produkcja w Chinach\" width=\"500\" height=\"574\" \/><\/p>\n<p><img loading=\"lazy\" decoding=\"async\" class=\"aligncenter wp-image-8882\" src=\"https:\/\/www.sellersunionagent.com\/wp-content\/uploads\/2022\/07\/digital-accessories-storage-bag-5.jpg\" alt=\"Produkcja w Chinach\" width=\"500\" height=\"590\" \/><\/p>\n<p><img loading=\"lazy\" decoding=\"async\" class=\"aligncenter wp-image-8883\" src=\"https:\/\/www.sellersunionagent.com\/wp-content\/uploads\/2022\/07\/digital-accessories-storage-bag-4.jpg\" alt=\"Produkcja w Chinach\" width=\"500\" height=\"581\" \/><\/p>\n<p><img loading=\"lazy\" decoding=\"async\" class=\"aligncenter wp-image-8884\" src=\"https:\/\/www.sellersunionagent.com\/wp-content\/uploads\/2022\/07\/digital-accessories-storage-bag-3.jpg\" alt=\"Produkcja w Chinach\" width=\"500\" height=\"599\" \/><\/p>\n<p><img loading=\"lazy\" decoding=\"async\" class=\"aligncenter wp-image-8885\" src=\"https:\/\/www.sellersunionagent.com\/wp-content\/uploads\/2022\/07\/digital-accessories-storage-bag-2.jpg\" alt=\"Produkcja w Chinach\" width=\"500\" height=\"500\" \/><\/p>","protected":false},"excerpt":{"rendered":"<p><strong>Typ<\/strong>:  Torba do przechowywania akcesori\u00f3w cyfrowych<\/p>\n<p><strong>Numer pozycji:<\/strong> SY005<\/p>\n<p><strong>Rozmiar elementu<\/strong>23*15*8cm<\/p>\n<p><strong>Waga przedmiotu<\/strong>: 330g<\/p>\n<p><strong>Materia\u0142: <\/strong>poliester<\/p>","protected":false},"featured_media":10790,"comment_status":"open","ping_status":"closed","template":"","meta":{"_acf_changed":false},"product_brand":[],"product_cat":[32],"product_tag":[87,88,94,60,90],"class_list":{"0":"post-8869","1":"product","2":"type-product","3":"status-publish","4":"has-post-thumbnail","6":"product_cat-digital-bag","7":"product_tag-bulk-wholesale","8":"product_tag-digital-accessories-storage-bag","9":"product_tag-organizer","10":"product_tag-portable","11":"product_tag-storage-bag","13":"first","14":"instock","15":"shipping-taxable","16":"product-type-simple","17":"swiper-slide"},"acf":[],"_links":{"self":[{"href":"https:\/\/www.sellersunionagent.com\/pl\/wp-json\/wp\/v2\/product\/8869","targetHints":{"allow":["GET"]}}],"collection":[{"href":"https:\/\/www.sellersunionagent.com\/pl\/wp-json\/wp\/v2\/product"}],"about":[{"href":"https:\/\/www.sellersunionagent.com\/pl\/wp-json\/wp\/v2\/types\/product"}],"replies":[{"embeddable":true,"href":"https:\/\/www.sellersunionagent.com\/pl\/wp-json\/wp\/v2\/comments?post=8869"}],"wp:featuredmedia":[{"embeddable":true,"href":"https:\/\/www.sellersunionagent.com\/pl\/wp-json\/wp\/v2\/media\/10790"}],"wp:attachment":[{"href":"https:\/\/www.sellersunionagent.com\/pl\/wp-json\/wp\/v2\/media?parent=8869"}],"wp:term":[{"taxonomy":"product_brand","embeddable":true,"href":"https:\/\/www.sellersunionagent.com\/pl\/wp-json\/wp\/v2\/product_brand?post=8869"},{"taxonomy":"product_cat","embeddable":true,"href":"https:\/\/www.sellersunionagent.com\/pl\/wp-json\/wp\/v2\/product_cat?post=8869"},{"taxonomy":"product_tag","embeddable":true,"href":"https:\/\/www.sellersunionagent.com\/pl\/wp-json\/wp\/v2\/product_tag?post=8869"}],"curies":[{"name":"wp","href":"https:\/\/api.w.org\/{rel}","templated":true}]}}