{"id":8850,"date":"2022-07-07T16:06:57","date_gmt":"2022-07-07T08:06:57","guid":{"rendered":"https:\/\/sellersunionagent.com\/?post_type=product&#038;p=8850"},"modified":"2026-01-06T14:29:05","modified_gmt":"2026-01-06T06:29:05","slug":"hurtowa-torba-do-przechowywania-akcesoriow-cyfrowych-torba-do-przechowywania-organizerow-elektronicznych","status":"publish","type":"product","link":"https:\/\/www.sellersunionagent.com\/pl\/wholesale-digital-accessories-storage-bag-electronic-organizer-storage-bag\/","title":{"rendered":"Hurtownia akcesori\u00f3w cyfrowych Torba do przechowywania Organizer elektroniczny Torba do przechowywania"},"content":{"rendered":"<h2>Torba do przechowywania akcesori\u00f3w cyfrowych Organizer elektroniczny Akcesoria elektroniczne Futera\u0142y Organizer kabli Wodoodporna torba podr\u00f3\u017cna do przechowywania kabli do \u0142adowania \u0141adowarki do kabli<\/h2>\n<p><strong>Typ<\/strong>:  Torba do przechowywania akcesori\u00f3w cyfrowych<\/p>\n<p><strong>Numer pozycji:<\/strong> SY006<\/p>\n<p><strong>Rozmiar elementu<\/strong>23*15*8cm<\/p>\n<p><strong>Waga przedmiotu<\/strong>: 210g<\/p>\n<p><strong>Materia\u0142:<\/strong>nylon<\/p>\n<p>&nbsp;<\/p>\n<p>&nbsp;<\/p>\n<ul>\n<li>Wygl\u0105d: rozmiar 23 * 15 * 8 cm. Prosty styl, \u0142atwy dost\u0119p i przenoszenie. Specjalna konstrukcja dla lepszej ochrony akcesori\u00f3w, wysokiej jako\u015bci szycie i zamek b\u0142yskawiczny.<\/li>\n<\/ul>\n<p>&nbsp;<\/p>\n<p>&nbsp;<\/p>\n<ul>\n<li>Torba do przechowywania o du\u017cej pojemno\u015bci, wodoodporny materia\u0142 i pogrubiona p\u0142yta dolna mog\u0105 lepiej chroni\u0107 przechowywane przedmioty, wygodny uchwyt, \u0142atwy do przenoszenia podczas podr\u00f3\u017cy.<\/li>\n<\/ul>\n<p>&nbsp;<\/p>\n<p>&nbsp;<\/p>\n<ul>\n<li>Wodoodporna i wstrz\u0105soodporna obudowa chroni gad\u017cety przed zalaniem, kurzem i przypadkowym zachlapaniem wod\u0105. Pogrubione, wy\u015bcie\u0142ane os\u0142ony poch\u0142aniaj\u0105 r\u00f3wnie\u017c wstrz\u0105sy i uderzenia, chroni\u0105c elektronik\u0119 przed kolizj\u0105, zadrapaniami i przypadkowym upuszczeniem. Zapewnia doskona\u0142\u0105 ochron\u0119 przedmiot\u00f3w i chroni akcesoria cyfrowe przed uszkodzeniem.<\/li>\n<\/ul>\n<p>&nbsp;<\/p>\n<p>&nbsp;<\/p>\n<ul>\n<li>Elegancki organizer na elektronik\u0119 do u\u017cytku biurowego i w podr\u00f3\u017cy. Praktyczny i wygodny uchwyt nie tylko zapewnia bezpiecze\u0144stwo przedmiot\u00f3w, ale tak\u017ce wygod\u0119 podczas podr\u00f3\u017cy. Uporz\u0105dkuj swoje akcesoria elektroniczne. Mo\u017cesz szybko znale\u017a\u0107 akcesoria, nie goni\u0105c ju\u017c za przewodami w plecaku. Przydatny towarzysz w pracy, podr\u00f3\u017cy s\u0142u\u017cbowej i codziennym u\u017cytkowaniu.<\/li>\n<\/ul>\n<p><img fetchpriority=\"high\" decoding=\"async\" class=\"aligncenter wp-image-8851\" src=\"https:\/\/www.sellersunionagent.com\/wp-content\/uploads\/2022\/07\/makeup-bags-supplier-15.jpg\" alt=\"Produkcja w Chinach\" width=\"500\" height=\"500\" \/><\/p>\n<p><img decoding=\"async\" class=\"aligncenter wp-image-8852\" src=\"https:\/\/www.sellersunionagent.com\/wp-content\/uploads\/2022\/07\/makeup-bags-supplier-14.jpg\" alt=\"Produkcja w Chinach\" width=\"500\" height=\"498\" \/><\/p>\n<p><img decoding=\"async\" class=\"aligncenter wp-image-8853\" src=\"https:\/\/www.sellersunionagent.com\/wp-content\/uploads\/2022\/07\/makeup-bags-supplier-13.jpg\" alt=\"Produkcja w Chinach\" width=\"500\" height=\"500\" srcset=\"https:\/\/www.sellersunionagent.com\/wp-content\/uploads\/2022\/07\/makeup-bags-supplier-13.jpg 750w, https:\/\/www.sellersunionagent.com\/wp-content\/uploads\/2022\/07\/makeup-bags-supplier-13-100x100.jpg 100w\" sizes=\"(max-width: 500px) 100vw, 500px\" \/><\/p>\n<p><img loading=\"lazy\" decoding=\"async\" class=\"aligncenter wp-image-8854\" src=\"https:\/\/www.sellersunionagent.com\/wp-content\/uploads\/2022\/07\/makeup-bags-supplier-12.jpg\" alt=\"Produkcja w Chinach\" width=\"500\" height=\"505\" \/><\/p>","protected":false},"excerpt":{"rendered":"<p><strong>MOQ<\/strong>:  100 szt.<br \/>\n<strong>Bezp\u0142atna pr\u00f3bka<\/strong>:  Obs\u0142ugiwane<br \/>\n<strong>Personalizacja<\/strong>logo \/ kolor \/ materia\u0142y \/ opakowanie itp.<br \/>\n<strong>Zni\u017cka<\/strong>:  Pierwsze zam\u00f3wienia ju\u017c od 10% taniej.<br \/>\n<strong>Wska\u017anik terminowo\u015bci dostaw<\/strong>:\u00a0 100%<br \/>\n<strong>Przesy\u0142ki og\u00f3\u0142em<\/strong>:  10000 szt.<br \/>\n<strong>Wysy\u0142ka<\/strong>: Fracht morski Fracht l\u0105dowy<\/p>","protected":false},"featured_media":8855,"comment_status":"open","ping_status":"closed","template":"","meta":{"_acf_changed":false},"product_brand":[],"product_cat":[32],"product_tag":[88,59,75],"class_list":{"0":"post-8850","1":"product","2":"type-product","3":"status-publish","4":"has-post-thumbnail","6":"product_cat-digital-bag","7":"product_tag-digital-accessories-storage-bag","8":"product_tag-multifunctional","9":"product_tag-new-product","11":"first","12":"instock","13":"shipping-taxable","14":"purchasable","15":"product-type-simple","16":"swiper-slide"},"acf":[],"_links":{"self":[{"href":"https:\/\/www.sellersunionagent.com\/pl\/wp-json\/wp\/v2\/product\/8850","targetHints":{"allow":["GET"]}}],"collection":[{"href":"https:\/\/www.sellersunionagent.com\/pl\/wp-json\/wp\/v2\/product"}],"about":[{"href":"https:\/\/www.sellersunionagent.com\/pl\/wp-json\/wp\/v2\/types\/product"}],"replies":[{"embeddable":true,"href":"https:\/\/www.sellersunionagent.com\/pl\/wp-json\/wp\/v2\/comments?post=8850"}],"wp:featuredmedia":[{"embeddable":true,"href":"https:\/\/www.sellersunionagent.com\/pl\/wp-json\/wp\/v2\/media\/8855"}],"wp:attachment":[{"href":"https:\/\/www.sellersunionagent.com\/pl\/wp-json\/wp\/v2\/media?parent=8850"}],"wp:term":[{"taxonomy":"product_brand","embeddable":true,"href":"https:\/\/www.sellersunionagent.com\/pl\/wp-json\/wp\/v2\/product_brand?post=8850"},{"taxonomy":"product_cat","embeddable":true,"href":"https:\/\/www.sellersunionagent.com\/pl\/wp-json\/wp\/v2\/product_cat?post=8850"},{"taxonomy":"product_tag","embeddable":true,"href":"https:\/\/www.sellersunionagent.com\/pl\/wp-json\/wp\/v2\/product_tag?post=8850"}],"curies":[{"name":"wp","href":"https:\/\/api.w.org\/{rel}","templated":true}]}}