{"id":8646,"date":"2022-07-04T10:38:24","date_gmt":"2022-07-04T02:38:24","guid":{"rendered":"https:\/\/sellersunionagent.com\/?post_type=product&#038;p=8646"},"modified":"2022-07-21T17:03:14","modified_gmt":"2022-07-21T09:03:14","slug":"private-label-lunch-box-storage-exporter","status":"publish","type":"product","link":"https:\/\/www.sellersunionagent.com\/pl\/private-label-lunch-box-storage-exporter\/","title":{"rendered":"Eksporter pude\u0142ek na lunch z prywatn\u0105 etykiet\u0105"},"content":{"rendered":"<h2>Eksporter pude\u0142ek na lunch z prywatn\u0105 etykiet\u0105<\/h2>\n<p>&nbsp;<\/p>\n<p>&nbsp;<\/p>\n<p>&lt;Insulated &amp; Food-Grade Material&gt;\u00a0 keeping your food cold\/warm for hours. Tight stitching without tearing, durable and sturdy. Can Keeps your food warm or cold for hours well. The 100% cotton exterior layer provides comfort to your skin.<\/p>\n<p>&nbsp;<\/p>\n<p>&nbsp;<\/p>\n<p>&lt;Light As Feather &amp; Large Capacity&gt; This lunch bags for women weights only 300g, which is barely noticeable to holding while empty. Large enough for all-day food. With the size of 23*15*24cm, our cooler bag fits your daily meals and snacks for kids and adults.<\/p>\n<p>&nbsp;<\/p>\n<p>&nbsp;<\/p>\n<p>&lt;Dirt proof\u00a0&amp; Foldable&gt;: The interior is water and grease repellent, so a simple wipe with a damp cloth could easily clean the lunch bag and leave no odor. This bag can be folded to a size of a notebook, which makes it convenient be stored.<\/p>\n<p>&nbsp;<\/p>\n<p>&nbsp;<\/p>\n<p><img fetchpriority=\"high\" decoding=\"async\" class=\"aligncenter wp-image-8717\" src=\"https:\/\/www.sellersunionagent.com\/wp-content\/uploads\/2022\/07\/private-label-lunch-box-storage-exporter-2.png\" alt=\"Marka w\u0142asna\" width=\"600\" height=\"569\" \/> <img decoding=\"async\" class=\"aligncenter wp-image-8718\" src=\"https:\/\/www.sellersunionagent.com\/wp-content\/uploads\/2022\/07\/private-label-lunch-box-storage-exporter-1.png\" alt=\"Marka w\u0142asna\" width=\"600\" height=\"638\" \/> <img decoding=\"async\" class=\"aligncenter wp-image-8719\" src=\"https:\/\/www.sellersunionagent.com\/wp-content\/uploads\/2022\/07\/private-label-lunch-box-storage-exporter.png\" alt=\"Marka w\u0142asna\" width=\"600\" height=\"602\" \/><img loading=\"lazy\" decoding=\"async\" class=\"aligncenter wp-image-8648\" src=\"https:\/\/www.sellersunionagent.com\/wp-content\/uploads\/2022\/07\/private-label-lunch-box-storage-exporter-2.jpg\" alt=\"Marka w\u0142asna\" width=\"600\" height=\"600\" \/><img loading=\"lazy\" decoding=\"async\" class=\"aligncenter wp-image-8715\" src=\"https:\/\/www.sellersunionagent.com\/wp-content\/uploads\/2022\/07\/private-label-lunch-box-storage-exporter-4.png\" alt=\"Marka w\u0142asna\" width=\"600\" height=\"544\" \/><\/p>","protected":false},"excerpt":{"rendered":"<p>Typ: Torba na lunch<\/p>\n<p>Item No.: JBWD353<\/p>\n<p>Size&amp;Weight: 23*15*24cm\uff080.15kg)<\/p>\n<p>OEM\/ODM: zaakceptowane<\/p>\n<p>&nbsp;<\/p>","protected":false},"featured_media":8849,"comment_status":"open","ping_status":"closed","template":"","meta":{"_acf_changed":false},"product_brand":[],"product_cat":[28],"product_tag":[41,93],"class_list":{"0":"post-8646","1":"product","2":"type-product","3":"status-publish","4":"has-post-thumbnail","6":"product_cat-lunch-bag","7":"product_tag-lunch-bag","8":"product_tag-storage","10":"first","11":"instock","12":"shipping-taxable","13":"product-type-simple","14":"swiper-slide"},"acf":[],"_links":{"self":[{"href":"https:\/\/www.sellersunionagent.com\/pl\/wp-json\/wp\/v2\/product\/8646","targetHints":{"allow":["GET"]}}],"collection":[{"href":"https:\/\/www.sellersunionagent.com\/pl\/wp-json\/wp\/v2\/product"}],"about":[{"href":"https:\/\/www.sellersunionagent.com\/pl\/wp-json\/wp\/v2\/types\/product"}],"replies":[{"embeddable":true,"href":"https:\/\/www.sellersunionagent.com\/pl\/wp-json\/wp\/v2\/comments?post=8646"}],"wp:featuredmedia":[{"embeddable":true,"href":"https:\/\/www.sellersunionagent.com\/pl\/wp-json\/wp\/v2\/media\/8849"}],"wp:attachment":[{"href":"https:\/\/www.sellersunionagent.com\/pl\/wp-json\/wp\/v2\/media?parent=8646"}],"wp:term":[{"taxonomy":"product_brand","embeddable":true,"href":"https:\/\/www.sellersunionagent.com\/pl\/wp-json\/wp\/v2\/product_brand?post=8646"},{"taxonomy":"product_cat","embeddable":true,"href":"https:\/\/www.sellersunionagent.com\/pl\/wp-json\/wp\/v2\/product_cat?post=8646"},{"taxonomy":"product_tag","embeddable":true,"href":"https:\/\/www.sellersunionagent.com\/pl\/wp-json\/wp\/v2\/product_tag?post=8646"}],"curies":[{"name":"wp","href":"https:\/\/api.w.org\/{rel}","templated":true}]}}