{"id":8641,"date":"2022-07-04T10:24:12","date_gmt":"2022-07-04T02:24:12","guid":{"rendered":"https:\/\/sellersunionagent.com\/?post_type=product&#038;p=8641"},"modified":"2026-01-06T14:29:06","modified_gmt":"2026-01-06T06:29:06","slug":"import-nowego-eksportera-zywnosci-do-przechowywania-pudelek-na-lunch","status":"publish","type":"product","link":"https:\/\/www.sellersunionagent.com\/pl\/importing-new-design-lunch-box-storage-food-exporter\/","title":{"rendered":"Importuj nowy projekt Lunch Box Storage Eksporter \u017cywno\u015bci"},"content":{"rendered":"<h2>Importowanie nowego projektu Lunch Box Storage Eksporter \u017cywno\u015bci<\/h2>\n<p>&nbsp;<\/p>\n<p>&nbsp;<\/p>\n<p>Rozmiar tej torby na lunch wynosi 22 * 11 * 26 cm, co wygl\u0105da jak ma\u0142e torby na lunch dla kobiet \/ m\u0119\u017cczyzn, ale mo\u017ce pomie\u015bci\u0107 lunch dla 1 do 2 os\u00f3b, wn\u0119trze jest wystarczaj\u0105co przestronne, aby \u0142atwo umie\u015bci\u0107 kanapki z napojami z owocami lub warzywami.<\/p>\n<p>&nbsp;<\/p>\n<p>&nbsp;<\/p>\n<p>Ta torba na lunch wielokrotnego u\u017cytku ma prosty i modny design. Torba jest trwa\u0142a i doskonale nadaje si\u0119 dla kobiet i student\u00f3w. Sk\u00f3rzany pasek na r\u0105czk\u0119 jest charakterystyczny dla naszej marki i mo\u017ce zmniejszy\u0107 nacisk na d\u0142onie.<\/p>\n<p>&nbsp;<\/p>\n<p>&nbsp;<\/p>\n<p>Pasek uchwytu naszej torby na lunch jest wystarczaj\u0105co d\u0142ugi, wi\u0119c gdy masz zm\u0119czone r\u0119ce, mo\u017cesz \u0142atwo za\u0142o\u017cy\u0107 torb\u0119 na przedrami\u0119. Wewn\u0105trz znajduje si\u0119 kiesze\u0144 na no\u017ce i widelce lub telefony kom\u00f3rkowe, a na zewn\u0105trz otwarta kiesze\u0144 do przechowywania, kt\u00f3ra mo\u017ce by\u0107 r\u00f3wnie\u017c u\u017cywana do przechowywania zastawy sto\u0142owej, serwetek, kluczy, kart i innych ma\u0142ych przedmiot\u00f3w.<\/p>\n<p>&nbsp;<\/p>\n<p>&nbsp;<\/p>\n<p>Typ: Torba na lunch<\/p>\n<p>Nr artyku\u0142u: JBWD315<\/p>\n<p>Rozmiar i waga: 22 * 11 * 26 cm \uff08180G\uff09<\/p>\n<p>OEM\/ODM: zaakceptowane<\/p>\n<p><img fetchpriority=\"high\" decoding=\"async\" class=\"aligncenter wp-image-8713\" src=\"https:\/\/www.sellersunionagent.com\/wp-content\/uploads\/2022\/07\/lmport-new-design-lunch-box.png\" alt=\"\" width=\"600\" height=\"656\" \/> <img decoding=\"async\" class=\"aligncenter wp-image-8711\" src=\"https:\/\/www.sellersunionagent.com\/wp-content\/uploads\/2022\/07\/lmport-new-design-lunch-box-2.png\" alt=\"\" width=\"600\" height=\"464\" \/> <img decoding=\"async\" class=\"aligncenter wp-image-8644\" src=\"https:\/\/www.sellersunionagent.com\/wp-content\/uploads\/2022\/07\/lmport-new-design-lunch-box-storage-1.jpg\" alt=\"Import\" width=\"600\" height=\"600\" \/><img loading=\"lazy\" decoding=\"async\" class=\"aligncenter wp-image-8643\" src=\"https:\/\/www.sellersunionagent.com\/wp-content\/uploads\/2022\/07\/lmport-new-design-lunch-box-storage-2.jpg\" alt=\"Import\" width=\"600\" height=\"600\" \/> <img loading=\"lazy\" decoding=\"async\" class=\"aligncenter wp-image-8642\" src=\"https:\/\/www.sellersunionagent.com\/wp-content\/uploads\/2022\/07\/lmport-new-design-lunch-box-storage-3.jpg\" alt=\"Import\" width=\"600\" height=\"600\" \/> <img loading=\"lazy\" decoding=\"async\" class=\"aligncenter wp-image-8645\" src=\"https:\/\/www.sellersunionagent.com\/wp-content\/uploads\/2022\/07\/lmport-new-design-lunch-box-storage.jpg\" alt=\"Import\" width=\"600\" height=\"600\" \/><\/p>","protected":false},"excerpt":{"rendered":"<p><strong>MOQ<\/strong>: 500 lub Elastyczny<\/p>\n<p><strong>Bezp\u0142atna pr\u00f3bka<\/strong>: Obs\u0142ugiwane<\/p>\n<p><strong>Personalizacja<\/strong>logo\/kolor\/materia\u0142y\/opakowanie<\/p>\n<p><strong>Zni\u017cka<\/strong>: 10% zni\u017cki na pierwsze zam\u00f3wienie<\/p>\n<p><strong>Wska\u017anik terminowo\u015bci dostaw<\/strong>: 100%<\/p>\n<p><strong>Przesy\u0142ki og\u00f3\u0142em<\/strong>: 108876 PCS<\/p>\n<p><strong>Wysy\u0142ka<\/strong>: Obs\u0142uga przesy\u0142ek ekspresowych\/frachtu morskiego\/frachtu l\u0105dowego<\/p>\n<p>&nbsp;<\/p>","protected":false},"featured_media":8645,"comment_status":"open","ping_status":"closed","template":"","meta":{"_acf_changed":false},"product_brand":[],"product_cat":[28],"product_tag":[41,93],"class_list":{"0":"post-8641","1":"product","2":"type-product","3":"status-publish","4":"has-post-thumbnail","6":"product_cat-lunch-bag","7":"product_tag-lunch-bag","8":"product_tag-storage","10":"first","11":"instock","12":"shipping-taxable","13":"purchasable","14":"product-type-simple","15":"swiper-slide"},"acf":[],"_links":{"self":[{"href":"https:\/\/www.sellersunionagent.com\/pl\/wp-json\/wp\/v2\/product\/8641","targetHints":{"allow":["GET"]}}],"collection":[{"href":"https:\/\/www.sellersunionagent.com\/pl\/wp-json\/wp\/v2\/product"}],"about":[{"href":"https:\/\/www.sellersunionagent.com\/pl\/wp-json\/wp\/v2\/types\/product"}],"replies":[{"embeddable":true,"href":"https:\/\/www.sellersunionagent.com\/pl\/wp-json\/wp\/v2\/comments?post=8641"}],"wp:featuredmedia":[{"embeddable":true,"href":"https:\/\/www.sellersunionagent.com\/pl\/wp-json\/wp\/v2\/media\/8645"}],"wp:attachment":[{"href":"https:\/\/www.sellersunionagent.com\/pl\/wp-json\/wp\/v2\/media?parent=8641"}],"wp:term":[{"taxonomy":"product_brand","embeddable":true,"href":"https:\/\/www.sellersunionagent.com\/pl\/wp-json\/wp\/v2\/product_brand?post=8641"},{"taxonomy":"product_cat","embeddable":true,"href":"https:\/\/www.sellersunionagent.com\/pl\/wp-json\/wp\/v2\/product_cat?post=8641"},{"taxonomy":"product_tag","embeddable":true,"href":"https:\/\/www.sellersunionagent.com\/pl\/wp-json\/wp\/v2\/product_tag?post=8641"}],"curies":[{"name":"wp","href":"https:\/\/api.w.org\/{rel}","templated":true}]}}